{"id":470,"date":"2015-11-23T17:26:31","date_gmt":"2015-11-23T17:26:31","guid":{"rendered":"http:\/\/veritekglobal.com\/?page_id=470"},"modified":"2020-12-15T12:21:00","modified_gmt":"2020-12-15T12:21:00","slug":"site-map","status":"publish","type":"page","link":"https:\/\/veritekglobal.com\/fr\/site-map\/","title":{"rendered":"Plan du Site"},"content":{"rendered":"<p><a href=\"https:\/\/veritekglobal.com\/fr\/\">Accueil<\/a><\/p>\n<p><a href=\"https:\/\/veritekglobal.com\/fr\/services\/\">Services<\/a><\/p>\n<ul>\n<li><a href=\"https:\/\/veritekglobal.com\/fr\/services\/field-engineering\/\">Ing\u00e9nierie de terrain<\/a><\/li>\n<li><a href=\"https:\/\/veritekglobal.com\/fr\/services\/helpdesk-outsourcing\/\">Support technique et Service client<\/a><\/li>\n<li><a href=\"https:\/\/veritekglobal.com\/fr\/services\/repairs\/\">R\u00e9paration<\/a><\/li>\n<\/ul>\n<p><a href=\"https:\/\/veritekglobal.com\/fr\/industries\/\">Industrie<\/a><\/p>\n<ul>\n<li><a href=\"https:\/\/veritekglobal.com\/fr\/industries\/medical-dental-support\/\">M\u00e9dical et dentaire<\/a><\/li>\n<li><a href=\"https:\/\/veritekglobal.com\/fr\/industries\/graphics-printer-support\/\">Impression et art graphiques<\/a><\/li>\n<li><a href=\"https:\/\/veritekglobal.com\/fr\/industries\/optometry-support\/\">Optom\u00e9trie<\/a><\/li>\n<li><a href=\"https:\/\/veritekglobal.com\/fr\/industries\/digital-cinema\/\">Cin\u00e9ma num\u00e9rique<\/a><\/li>\n<li><a href=\"https:\/\/veritekglobal.com\/fr\/industries\/photo-imaging-support\/\">Imagerie photo<\/a><\/li>\n<li><a href=\"https:\/\/veritekglobal.com\/fr\/industries\/your-industry\/\">Votre industrie<\/a><\/li>\n<\/ul>\n<p><a href=\"https:\/\/veritekglobal.com\/fr\/about-us\/\">A propos de Veritek<\/a><\/p>\n<ul>\n<li><a href=\"https:\/\/veritekglobal.com\/fr\/about-us\/our-history\/\">Notre histoire<\/a><\/li>\n<li><a href=\"https:\/\/veritekglobal.com\/fr\/about-us\/our-offices\/\">Bureaux<\/a><\/li>\n<li><a href=\"https:\/\/veritekglobal.com\/fr\/about-us\/management-team\/\">Equipe de direction<\/a><\/li>\n<\/ul>\n<p><a href=\"https:\/\/veritekglobal.com\/fr\/resources\/\">Ressources<\/a><\/p>\n<ul>\n<li><a href=\"https:\/\/veritekglobal.com\/fr\/resources\/latest-news\/\">Derni\u00e8res nouvelles<\/a><\/li>\n<li><a href=\"https:\/\/veritekglobal.com\/fr\/resources\/discover-veritek\/\">D\u00e9couvrez Veritek<\/a><\/li>\n<li><a href=\"https:\/\/veritekglobal.com\/fr\/resources\/articles\/\">Articles<\/a><\/li>\n<li><a href=\"https:\/\/veritekglobal.com\/fr\/case-studies\/\">Etudes de cas<\/a><\/li>\n<\/ul>\n<p><a href=\"https:\/\/veritekglobal.com\/fr\/veritek-careers\/\">Carri\u00e8res<\/a><\/p>\n<ul>\n<li><a href=\"https:\/\/veritekglobal.com\/fr\/veritek-careers\/working-at-veritek\/\">Travailler chez Veritek<\/a><\/li>\n<li><a href=\"https:\/\/veritekglobal.com\/fr\/veritek-careers\/available-positions\/\">Offres d&#8217;emploi<\/a><\/li>\n<li><a href=\"https:\/\/veritekglobal.com\/fr\/veritek-careers\/apply-now\/\">Envoyez-nous votre CV<\/a><\/li>\n<\/ul>\n<p><a href=\"https:\/\/veritekglobal.com\/fr\/contact\/\">Contact<\/a><\/p>\n<p><a href=\"https:\/\/online.veritekglobal.com\/intranet\/\">Espace employ\u00e9s<\/a><\/p>\n<p><a href=\"https:\/\/veritekglobal.com\/fr\/veritek-data-privacy-policy\/\">Directive RGPD<\/a><\/p>\n<p><a href=\"https:\/\/veritekglobal.com\/fr\/privacy\/\">Confidentialit\u00e9 et conditions d&#8217;utilisation<\/a><\/p>\n<p><a href=\"https:\/\/veritekglobal.com\/fr\/links\/\">Liens<\/a><\/p>\n","protected":false},"excerpt":{"rendered":"<p>Accueil Services Ing\u00e9nierie de terrain Support technique et Service client R\u00e9paration Industrie M\u00e9dical et dentaire Impression et art graphiques Optom\u00e9trie Cin\u00e9ma num\u00e9rique Imagerie photo Votre industrie A propos de Veritek Notre histoire Bureaux Equipe de direction Ressources Derni\u00e8res nouvelles D\u00e9couvrez Veritek Articles Etudes de cas Carri\u00e8res Travailler chez Veritek Offres d&#8217;emploi Envoyez-nous votre CV Contact [&hellip;]<\/p>\n","protected":false},"author":32,"featured_media":0,"parent":0,"menu_order":7,"comment_status":"closed","ping_status":"closed","template":"","meta":{"footnotes":""},"yoast_head":"<!-- This site is optimized with the Yoast SEO plugin v21.2 - https:\/\/yoast.com\/wordpress\/plugins\/seo\/ -->\n<title>Plan du Site | Veritek France<\/title>\n<meta name=\"robots\" content=\"index, follow, max-snippet:-1, max-image-preview:large, max-video-preview:-1\" \/>\n<link rel=\"canonical\" href=\"https:\/\/veritekglobal.com\/fr\/site-map\/\" \/>\n<meta property=\"og:locale\" content=\"fr_FR\" \/>\n<meta property=\"og:type\" content=\"article\" \/>\n<meta property=\"og:title\" content=\"Plan du Site | Veritek France\" \/>\n<meta property=\"og:description\" content=\"Accueil Services Ing\u00e9nierie de terrain Support technique et Service client R\u00e9paration Industrie M\u00e9dical et dentaire Impression et art graphiques Optom\u00e9trie Cin\u00e9ma num\u00e9rique Imagerie photo Votre industrie A propos de Veritek Notre histoire Bureaux Equipe de direction Ressources Derni\u00e8res nouvelles D\u00e9couvrez Veritek Articles Etudes de cas Carri\u00e8res Travailler chez Veritek Offres d&#8217;emploi Envoyez-nous votre CV Contact [&hellip;]\" \/>\n<meta property=\"og:url\" content=\"https:\/\/veritekglobal.com\/fr\/site-map\/\" \/>\n<meta property=\"og:site_name\" content=\"Veritek France\" \/>\n<meta property=\"article:modified_time\" content=\"2020-12-15T12:21:00+00:00\" \/>\n<meta name=\"twitter:card\" content=\"summary_large_image\" \/>\n<script type=\"application\/ld+json\" class=\"yoast-schema-graph\">{\"@context\":\"https:\/\/schema.org\",\"@graph\":[{\"@type\":\"WebPage\",\"@id\":\"https:\/\/veritekglobal.com\/fr\/site-map\/\",\"url\":\"https:\/\/veritekglobal.com\/fr\/site-map\/\",\"name\":\"Plan du Site | Veritek France\",\"isPartOf\":{\"@id\":\"https:\/\/veritekglobal.com\/fr\/#website\"},\"datePublished\":\"2015-11-23T17:26:31+00:00\",\"dateModified\":\"2020-12-15T12:21:00+00:00\",\"breadcrumb\":{\"@id\":\"https:\/\/veritekglobal.com\/fr\/site-map\/#breadcrumb\"},\"inLanguage\":\"fr-FR\",\"potentialAction\":[{\"@type\":\"ReadAction\",\"target\":[\"https:\/\/veritekglobal.com\/fr\/site-map\/\"]}]},{\"@type\":\"BreadcrumbList\",\"@id\":\"https:\/\/veritekglobal.com\/fr\/site-map\/#breadcrumb\",\"itemListElement\":[{\"@type\":\"ListItem\",\"position\":1,\"name\":\"Home\",\"item\":\"https:\/\/veritekglobal.com\/fr\/\"},{\"@type\":\"ListItem\",\"position\":2,\"name\":\"Plan du Site\"}]},{\"@type\":\"WebSite\",\"@id\":\"https:\/\/veritekglobal.com\/fr\/#website\",\"url\":\"https:\/\/veritekglobal.com\/fr\/\",\"name\":\"Veritek France\",\"description\":\"Photo Imaging, Print and Graphics, Healthcare and Optical, and Digital Cinema.\",\"publisher\":{\"@id\":\"https:\/\/veritekglobal.com\/fr\/#organization\"},\"potentialAction\":[{\"@type\":\"SearchAction\",\"target\":{\"@type\":\"EntryPoint\",\"urlTemplate\":\"https:\/\/veritekglobal.com\/fr\/?s={search_term_string}\"},\"query-input\":\"required name=search_term_string\"}],\"inLanguage\":\"fr-FR\"},{\"@type\":\"Organization\",\"@id\":\"https:\/\/veritekglobal.com\/fr\/#organization\",\"name\":\"Veritek\",\"url\":\"https:\/\/veritekglobal.com\/fr\/\",\"logo\":{\"@type\":\"ImageObject\",\"inLanguage\":\"fr-FR\",\"@id\":\"https:\/\/veritekglobal.com\/fr\/#\/schema\/logo\/image\/\",\"url\":\"https:\/\/veritekglobal.com\/fr\/wp-content\/uploads\/sites\/6\/2020\/03\/Logo.svg\",\"contentUrl\":\"https:\/\/veritekglobal.com\/fr\/wp-content\/uploads\/sites\/6\/2020\/03\/Logo.svg\",\"width\":339,\"height\":144,\"caption\":\"Veritek\"},\"image\":{\"@id\":\"https:\/\/veritekglobal.com\/fr\/#\/schema\/logo\/image\/\"}}]}<\/script>\n<!-- \/ Yoast SEO plugin. -->","yoast_head_json":{"title":"Plan du Site | Veritek France","robots":{"index":"index","follow":"follow","max-snippet":"max-snippet:-1","max-image-preview":"max-image-preview:large","max-video-preview":"max-video-preview:-1"},"canonical":"https:\/\/veritekglobal.com\/fr\/site-map\/","og_locale":"fr_FR","og_type":"article","og_title":"Plan du Site | Veritek France","og_description":"Accueil Services Ing\u00e9nierie de terrain Support technique et Service client R\u00e9paration Industrie M\u00e9dical et dentaire Impression et art graphiques Optom\u00e9trie Cin\u00e9ma num\u00e9rique Imagerie photo Votre industrie A propos de Veritek Notre histoire Bureaux Equipe de direction Ressources Derni\u00e8res nouvelles D\u00e9couvrez Veritek Articles Etudes de cas Carri\u00e8res Travailler chez Veritek Offres d&#8217;emploi Envoyez-nous votre CV Contact [&hellip;]","og_url":"https:\/\/veritekglobal.com\/fr\/site-map\/","og_site_name":"Veritek France","article_modified_time":"2020-12-15T12:21:00+00:00","twitter_card":"summary_large_image","schema":{"@context":"https:\/\/schema.org","@graph":[{"@type":"WebPage","@id":"https:\/\/veritekglobal.com\/fr\/site-map\/","url":"https:\/\/veritekglobal.com\/fr\/site-map\/","name":"Plan du Site | Veritek France","isPartOf":{"@id":"https:\/\/veritekglobal.com\/fr\/#website"},"datePublished":"2015-11-23T17:26:31+00:00","dateModified":"2020-12-15T12:21:00+00:00","breadcrumb":{"@id":"https:\/\/veritekglobal.com\/fr\/site-map\/#breadcrumb"},"inLanguage":"fr-FR","potentialAction":[{"@type":"ReadAction","target":["https:\/\/veritekglobal.com\/fr\/site-map\/"]}]},{"@type":"BreadcrumbList","@id":"https:\/\/veritekglobal.com\/fr\/site-map\/#breadcrumb","itemListElement":[{"@type":"ListItem","position":1,"name":"Home","item":"https:\/\/veritekglobal.com\/fr\/"},{"@type":"ListItem","position":2,"name":"Plan du Site"}]},{"@type":"WebSite","@id":"https:\/\/veritekglobal.com\/fr\/#website","url":"https:\/\/veritekglobal.com\/fr\/","name":"Veritek France","description":"Photo Imaging, Print and Graphics, Healthcare and Optical, and Digital Cinema.","publisher":{"@id":"https:\/\/veritekglobal.com\/fr\/#organization"},"potentialAction":[{"@type":"SearchAction","target":{"@type":"EntryPoint","urlTemplate":"https:\/\/veritekglobal.com\/fr\/?s={search_term_string}"},"query-input":"required name=search_term_string"}],"inLanguage":"fr-FR"},{"@type":"Organization","@id":"https:\/\/veritekglobal.com\/fr\/#organization","name":"Veritek","url":"https:\/\/veritekglobal.com\/fr\/","logo":{"@type":"ImageObject","inLanguage":"fr-FR","@id":"https:\/\/veritekglobal.com\/fr\/#\/schema\/logo\/image\/","url":"https:\/\/veritekglobal.com\/fr\/wp-content\/uploads\/sites\/6\/2020\/03\/Logo.svg","contentUrl":"https:\/\/veritekglobal.com\/fr\/wp-content\/uploads\/sites\/6\/2020\/03\/Logo.svg","width":339,"height":144,"caption":"Veritek"},"image":{"@id":"https:\/\/veritekglobal.com\/fr\/#\/schema\/logo\/image\/"}}]}},"_links":{"self":[{"href":"https:\/\/veritekglobal.com\/fr\/wp-json\/wp\/v2\/pages\/470"}],"collection":[{"href":"https:\/\/veritekglobal.com\/fr\/wp-json\/wp\/v2\/pages"}],"about":[{"href":"https:\/\/veritekglobal.com\/fr\/wp-json\/wp\/v2\/types\/page"}],"author":[{"embeddable":true,"href":"https:\/\/veritekglobal.com\/fr\/wp-json\/wp\/v2\/users\/32"}],"replies":[{"embeddable":true,"href":"https:\/\/veritekglobal.com\/fr\/wp-json\/wp\/v2\/comments?post=470"}],"version-history":[{"count":8,"href":"https:\/\/veritekglobal.com\/fr\/wp-json\/wp\/v2\/pages\/470\/revisions"}],"predecessor-version":[{"id":3192,"href":"https:\/\/veritekglobal.com\/fr\/wp-json\/wp\/v2\/pages\/470\/revisions\/3192"}],"wp:attachment":[{"href":"https:\/\/veritekglobal.com\/fr\/wp-json\/wp\/v2\/media?parent=470"}],"curies":[{"name":"wp","href":"https:\/\/api.w.org\/{rel}","templated":true}]}}