{"id":464,"date":"2015-11-23T16:06:56","date_gmt":"2015-11-23T16:06:56","guid":{"rendered":"http:\/\/veritekglobal.com\/?page_id=464"},"modified":"2023-01-19T11:47:52","modified_gmt":"2023-01-19T11:47:52","slug":"privacy","status":"publish","type":"page","link":"https:\/\/veritekglobal.com\/fr\/privacy\/","title":{"rendered":"CONFIDENTIALIT\u00c9"},"content":{"rendered":"<h2>CONFIDENTIALIT\u00c9 ET CONDITIONS D\u2019UTILISATION<\/h2>\n<p>Veritek Global Ltd met tout en \u0153uvre pour maintenir l\u2019exactitude des informations contenues sur ce site mais d\u00e9cline toute responsabilit\u00e9 pour toute interpr\u00e9tation erron\u00e9e des informations fournies.<\/p>\n<p>Les liens vers des sites externes sont fournis aux utilisateurs uniquement pour des raisons de commodit\u00e9 et ne sont pas sous contr\u00f4le de Veritek Global Ltd. L\u2019inclusion d\u2019un lien ne signifie pas que Veritek Global Ltd approuve ou valide le site et Veritek Global Ltd n\u2019est nullement responsable des contenus des sites ainsi reli\u00e9s ou en effet des liens contenus dans les sites reli\u00e9s ou de toute perte ou tout inconv\u00e9nient d\u00e9coulant de l\u2019utilisation de ces sites.<\/p>\n<h2>Donn\u00e9es collect\u00e9es des visiteurs<\/h2>\n<p>Les visiteurs de ce site ayant javascript activ\u00e9 sont suivis \u00e0 l\u2019aide de Google Analytics. Google Anaytics enregistre le type d\u2019information suivant des visiteurs:<\/p>\n<p>Le type d\u2019utilisateur (navigateur web) utilis\u00e9, le fabricant du logiciel et son num\u00e9ro de version, les mots-cl\u00e9s utilis\u00e9s pour acc\u00e9der au site, le type de syst\u00e8me d\u2019exploitation, les couleurs de l\u2019\u00e9cran, le support Javascript, la version de Flash, la r\u00e9solution de l\u2019\u00e9cran, l\u2019emplacement du r\u00e9seau et l\u2019adresse IP, l\u2019emplacement \u2013 Pays, ville, \u00e9tat, r\u00e9gion, d\u00e9partement ou toutes autres donn\u00e9es g\u00e9ographiques, le nom d\u2019h\u00f4te, la bande passante (vitesse de connexion internet), l\u2019heure de visite, les pages visit\u00e9es, le temps pass\u00e9 sur chaque page du site, les sites r\u00e9f\u00e9rants.<\/p>\n<p>Ces donn\u00e9es sont utilis\u00e9es \u00e0 fin d\u2019optimiser notre site web pour les visiteurs. N\u00e9anmoins, nous allons occasionnellement utiliser ces donn\u00e9es \u00e0 des fins de marketing. C\u2019est-\u00e0-dire que ces donn\u00e9es pourraient \u00eatre utilis\u00e9es \u00e0 des fins de marketing pour indiquer aux annonceurs potentiels le nombre de visiteurs sur ce site, d\u2019o\u00f9 viennent nos visiteurs, sur quelle page de renvoi ils arrivent, etc.<\/p>\n<p>Ces donn\u00e9es ne comprennent AUCUNE information sur une identification personnalis\u00e9e telle que\u00a0: noms, num\u00e9ros de t\u00e9l\u00e9phones, adresses e-mail, adresses postales, num\u00e9ros de s\u00e9curit\u00e9 sociale, num\u00e9ros de comptes bancaires, renseignements sur les cartes de cr\u00e9dits.<\/p>\n","protected":false},"excerpt":{"rendered":"<p>CONFIDENTIALIT\u00c9 ET CONDITIONS D\u2019UTILISATION Veritek Global Ltd met tout en \u0153uvre pour maintenir l\u2019exactitude des informations contenues sur ce site mais d\u00e9cline toute responsabilit\u00e9 pour toute interpr\u00e9tation erron\u00e9e des informations fournies. Les liens vers des sites externes sont fournis aux utilisateurs uniquement pour des raisons de commodit\u00e9 et ne sont pas sous contr\u00f4le de Veritek [&hellip;]<\/p>\n","protected":false},"author":32,"featured_media":0,"parent":0,"menu_order":8,"comment_status":"closed","ping_status":"closed","template":"","meta":{"footnotes":""},"yoast_head":"<!-- This site is optimized with the Yoast SEO plugin v21.2 - https:\/\/yoast.com\/wordpress\/plugins\/seo\/ -->\n<title>CONFIDENTIALIT\u00c9 | Veritek France<\/title>\n<meta name=\"robots\" content=\"index, follow, max-snippet:-1, max-image-preview:large, max-video-preview:-1\" \/>\n<link rel=\"canonical\" href=\"https:\/\/veritekglobal.com\/fr\/privacy\/\" \/>\n<meta property=\"og:locale\" content=\"fr_FR\" \/>\n<meta property=\"og:type\" content=\"article\" \/>\n<meta property=\"og:title\" content=\"CONFIDENTIALIT\u00c9 | Veritek France\" \/>\n<meta property=\"og:description\" content=\"CONFIDENTIALIT\u00c9 ET CONDITIONS D\u2019UTILISATION Veritek Global Ltd met tout en \u0153uvre pour maintenir l\u2019exactitude des informations contenues sur ce site mais d\u00e9cline toute responsabilit\u00e9 pour toute interpr\u00e9tation erron\u00e9e des informations fournies. Les liens vers des sites externes sont fournis aux utilisateurs uniquement pour des raisons de commodit\u00e9 et ne sont pas sous contr\u00f4le de Veritek [&hellip;]\" \/>\n<meta property=\"og:url\" content=\"https:\/\/veritekglobal.com\/fr\/privacy\/\" \/>\n<meta property=\"og:site_name\" content=\"Veritek France\" \/>\n<meta property=\"article:modified_time\" content=\"2023-01-19T11:47:52+00:00\" \/>\n<meta name=\"twitter:card\" content=\"summary_large_image\" \/>\n<meta name=\"twitter:label1\" content=\"Est. reading time\" \/>\n\t<meta name=\"twitter:data1\" content=\"2 minutes\" \/>\n<script type=\"application\/ld+json\" class=\"yoast-schema-graph\">{\"@context\":\"https:\/\/schema.org\",\"@graph\":[{\"@type\":\"WebPage\",\"@id\":\"https:\/\/veritekglobal.com\/fr\/privacy\/\",\"url\":\"https:\/\/veritekglobal.com\/fr\/privacy\/\",\"name\":\"CONFIDENTIALIT\u00c9 | Veritek France\",\"isPartOf\":{\"@id\":\"https:\/\/veritekglobal.com\/fr\/#website\"},\"datePublished\":\"2015-11-23T16:06:56+00:00\",\"dateModified\":\"2023-01-19T11:47:52+00:00\",\"breadcrumb\":{\"@id\":\"https:\/\/veritekglobal.com\/fr\/privacy\/#breadcrumb\"},\"inLanguage\":\"fr-FR\",\"potentialAction\":[{\"@type\":\"ReadAction\",\"target\":[\"https:\/\/veritekglobal.com\/fr\/privacy\/\"]}]},{\"@type\":\"BreadcrumbList\",\"@id\":\"https:\/\/veritekglobal.com\/fr\/privacy\/#breadcrumb\",\"itemListElement\":[{\"@type\":\"ListItem\",\"position\":1,\"name\":\"Home\",\"item\":\"https:\/\/veritekglobal.com\/fr\/\"},{\"@type\":\"ListItem\",\"position\":2,\"name\":\"CONFIDENTIALIT\u00c9\"}]},{\"@type\":\"WebSite\",\"@id\":\"https:\/\/veritekglobal.com\/fr\/#website\",\"url\":\"https:\/\/veritekglobal.com\/fr\/\",\"name\":\"Veritek France\",\"description\":\"Photo Imaging, Print and Graphics, Healthcare and Optical, and Digital Cinema.\",\"publisher\":{\"@id\":\"https:\/\/veritekglobal.com\/fr\/#organization\"},\"potentialAction\":[{\"@type\":\"SearchAction\",\"target\":{\"@type\":\"EntryPoint\",\"urlTemplate\":\"https:\/\/veritekglobal.com\/fr\/?s={search_term_string}\"},\"query-input\":\"required name=search_term_string\"}],\"inLanguage\":\"fr-FR\"},{\"@type\":\"Organization\",\"@id\":\"https:\/\/veritekglobal.com\/fr\/#organization\",\"name\":\"Veritek\",\"url\":\"https:\/\/veritekglobal.com\/fr\/\",\"logo\":{\"@type\":\"ImageObject\",\"inLanguage\":\"fr-FR\",\"@id\":\"https:\/\/veritekglobal.com\/fr\/#\/schema\/logo\/image\/\",\"url\":\"https:\/\/veritekglobal.com\/fr\/wp-content\/uploads\/sites\/6\/2020\/03\/Logo.svg\",\"contentUrl\":\"https:\/\/veritekglobal.com\/fr\/wp-content\/uploads\/sites\/6\/2020\/03\/Logo.svg\",\"width\":339,\"height\":144,\"caption\":\"Veritek\"},\"image\":{\"@id\":\"https:\/\/veritekglobal.com\/fr\/#\/schema\/logo\/image\/\"}}]}<\/script>\n<!-- \/ Yoast SEO plugin. -->","yoast_head_json":{"title":"CONFIDENTIALIT\u00c9 | Veritek France","robots":{"index":"index","follow":"follow","max-snippet":"max-snippet:-1","max-image-preview":"max-image-preview:large","max-video-preview":"max-video-preview:-1"},"canonical":"https:\/\/veritekglobal.com\/fr\/privacy\/","og_locale":"fr_FR","og_type":"article","og_title":"CONFIDENTIALIT\u00c9 | Veritek France","og_description":"CONFIDENTIALIT\u00c9 ET CONDITIONS D\u2019UTILISATION Veritek Global Ltd met tout en \u0153uvre pour maintenir l\u2019exactitude des informations contenues sur ce site mais d\u00e9cline toute responsabilit\u00e9 pour toute interpr\u00e9tation erron\u00e9e des informations fournies. Les liens vers des sites externes sont fournis aux utilisateurs uniquement pour des raisons de commodit\u00e9 et ne sont pas sous contr\u00f4le de Veritek [&hellip;]","og_url":"https:\/\/veritekglobal.com\/fr\/privacy\/","og_site_name":"Veritek France","article_modified_time":"2023-01-19T11:47:52+00:00","twitter_card":"summary_large_image","twitter_misc":{"Est. reading time":"2 minutes"},"schema":{"@context":"https:\/\/schema.org","@graph":[{"@type":"WebPage","@id":"https:\/\/veritekglobal.com\/fr\/privacy\/","url":"https:\/\/veritekglobal.com\/fr\/privacy\/","name":"CONFIDENTIALIT\u00c9 | Veritek France","isPartOf":{"@id":"https:\/\/veritekglobal.com\/fr\/#website"},"datePublished":"2015-11-23T16:06:56+00:00","dateModified":"2023-01-19T11:47:52+00:00","breadcrumb":{"@id":"https:\/\/veritekglobal.com\/fr\/privacy\/#breadcrumb"},"inLanguage":"fr-FR","potentialAction":[{"@type":"ReadAction","target":["https:\/\/veritekglobal.com\/fr\/privacy\/"]}]},{"@type":"BreadcrumbList","@id":"https:\/\/veritekglobal.com\/fr\/privacy\/#breadcrumb","itemListElement":[{"@type":"ListItem","position":1,"name":"Home","item":"https:\/\/veritekglobal.com\/fr\/"},{"@type":"ListItem","position":2,"name":"CONFIDENTIALIT\u00c9"}]},{"@type":"WebSite","@id":"https:\/\/veritekglobal.com\/fr\/#website","url":"https:\/\/veritekglobal.com\/fr\/","name":"Veritek France","description":"Photo Imaging, Print and Graphics, Healthcare and Optical, and Digital Cinema.","publisher":{"@id":"https:\/\/veritekglobal.com\/fr\/#organization"},"potentialAction":[{"@type":"SearchAction","target":{"@type":"EntryPoint","urlTemplate":"https:\/\/veritekglobal.com\/fr\/?s={search_term_string}"},"query-input":"required name=search_term_string"}],"inLanguage":"fr-FR"},{"@type":"Organization","@id":"https:\/\/veritekglobal.com\/fr\/#organization","name":"Veritek","url":"https:\/\/veritekglobal.com\/fr\/","logo":{"@type":"ImageObject","inLanguage":"fr-FR","@id":"https:\/\/veritekglobal.com\/fr\/#\/schema\/logo\/image\/","url":"https:\/\/veritekglobal.com\/fr\/wp-content\/uploads\/sites\/6\/2020\/03\/Logo.svg","contentUrl":"https:\/\/veritekglobal.com\/fr\/wp-content\/uploads\/sites\/6\/2020\/03\/Logo.svg","width":339,"height":144,"caption":"Veritek"},"image":{"@id":"https:\/\/veritekglobal.com\/fr\/#\/schema\/logo\/image\/"}}]}},"_links":{"self":[{"href":"https:\/\/veritekglobal.com\/fr\/wp-json\/wp\/v2\/pages\/464"}],"collection":[{"href":"https:\/\/veritekglobal.com\/fr\/wp-json\/wp\/v2\/pages"}],"about":[{"href":"https:\/\/veritekglobal.com\/fr\/wp-json\/wp\/v2\/types\/page"}],"author":[{"embeddable":true,"href":"https:\/\/veritekglobal.com\/fr\/wp-json\/wp\/v2\/users\/32"}],"replies":[{"embeddable":true,"href":"https:\/\/veritekglobal.com\/fr\/wp-json\/wp\/v2\/comments?post=464"}],"version-history":[{"count":2,"href":"https:\/\/veritekglobal.com\/fr\/wp-json\/wp\/v2\/pages\/464\/revisions"}],"predecessor-version":[{"id":3258,"href":"https:\/\/veritekglobal.com\/fr\/wp-json\/wp\/v2\/pages\/464\/revisions\/3258"}],"wp:attachment":[{"href":"https:\/\/veritekglobal.com\/fr\/wp-json\/wp\/v2\/media?parent=464"}],"curies":[{"name":"wp","href":"https:\/\/api.w.org\/{rel}","templated":true}]}}