{"id":23,"date":"2015-10-12T16:34:45","date_gmt":"2015-10-12T15:34:45","guid":{"rendered":"http:\/\/localhost\/veritek\/?page_id=23"},"modified":"2022-09-29T13:16:17","modified_gmt":"2022-09-29T12:16:17","slug":"industries","status":"publish","type":"page","link":"https:\/\/veritekglobal.com\/fr\/industries\/","title":{"rendered":"Support technique sp\u00e9cialis\u00e9 pour toutes les industries"},"content":{"rendered":"","protected":false},"excerpt":{"rendered":"","protected":false},"author":32,"featured_media":0,"parent":0,"menu_order":16,"comment_status":"closed","ping_status":"closed","template":"page-industries.php","meta":{"footnotes":""},"yoast_head":"<!-- This site is optimized with the Yoast SEO plugin v21.2 - https:\/\/yoast.com\/wordpress\/plugins\/seo\/ -->\n<title>Assistance technique et sous-traitance de garantie sp\u00e9cialis\u00e9e | Veritek<\/title>\n<meta name=\"description\" content=\"Veritek fournit d\u00e9j\u00e0 une assistance sp\u00e9cialis\u00e9e pour les \u00e9quipements sp\u00e9cialis\u00e9s dans les secteurs de la m\u00e9decine, de l&#039;impression, du cin\u00e9ma num\u00e9rique et de la vente au d\u00e9tail. Voyez comment nous pouvons vous soutenir aussi!\" \/>\n<meta name=\"robots\" content=\"index, follow, max-snippet:-1, max-image-preview:large, max-video-preview:-1\" \/>\n<link rel=\"canonical\" href=\"https:\/\/veritekglobal.com\/fr\/industries\/\" \/>\n<meta property=\"og:locale\" content=\"fr_FR\" \/>\n<meta property=\"og:type\" content=\"article\" \/>\n<meta property=\"og:title\" content=\"Assistance technique et sous-traitance de garantie sp\u00e9cialis\u00e9e | Veritek\" \/>\n<meta property=\"og:description\" content=\"Veritek fournit d\u00e9j\u00e0 une assistance sp\u00e9cialis\u00e9e pour les \u00e9quipements sp\u00e9cialis\u00e9s dans les secteurs de la m\u00e9decine, de l&#039;impression, du cin\u00e9ma num\u00e9rique et de la vente au d\u00e9tail. Voyez comment nous pouvons vous soutenir aussi!\" \/>\n<meta property=\"og:url\" content=\"https:\/\/veritekglobal.com\/fr\/industries\/\" \/>\n<meta property=\"og:site_name\" content=\"Veritek France\" \/>\n<meta property=\"article:modified_time\" content=\"2022-09-29T12:16:17+00:00\" \/>\n<meta name=\"twitter:card\" content=\"summary_large_image\" \/>\n<script type=\"application\/ld+json\" class=\"yoast-schema-graph\">{\"@context\":\"https:\/\/schema.org\",\"@graph\":[{\"@type\":\"WebPage\",\"@id\":\"https:\/\/veritekglobal.com\/fr\/industries\/\",\"url\":\"https:\/\/veritekglobal.com\/fr\/industries\/\",\"name\":\"Assistance technique et sous-traitance de garantie sp\u00e9cialis\u00e9e | Veritek\",\"isPartOf\":{\"@id\":\"https:\/\/veritekglobal.com\/fr\/#website\"},\"datePublished\":\"2015-10-12T15:34:45+00:00\",\"dateModified\":\"2022-09-29T12:16:17+00:00\",\"description\":\"Veritek fournit d\u00e9j\u00e0 une assistance sp\u00e9cialis\u00e9e pour les \u00e9quipements sp\u00e9cialis\u00e9s dans les secteurs de la m\u00e9decine, de l'impression, du cin\u00e9ma num\u00e9rique et de la vente au d\u00e9tail. Voyez comment nous pouvons vous soutenir aussi!\",\"breadcrumb\":{\"@id\":\"https:\/\/veritekglobal.com\/fr\/industries\/#breadcrumb\"},\"inLanguage\":\"fr-FR\",\"potentialAction\":[{\"@type\":\"ReadAction\",\"target\":[\"https:\/\/veritekglobal.com\/fr\/industries\/\"]}]},{\"@type\":\"BreadcrumbList\",\"@id\":\"https:\/\/veritekglobal.com\/fr\/industries\/#breadcrumb\",\"itemListElement\":[{\"@type\":\"ListItem\",\"position\":1,\"name\":\"Home\",\"item\":\"https:\/\/veritekglobal.com\/fr\/\"},{\"@type\":\"ListItem\",\"position\":2,\"name\":\"Support technique sp\u00e9cialis\u00e9 pour toutes les industries\"}]},{\"@type\":\"WebSite\",\"@id\":\"https:\/\/veritekglobal.com\/fr\/#website\",\"url\":\"https:\/\/veritekglobal.com\/fr\/\",\"name\":\"Veritek France\",\"description\":\"Photo Imaging, Print and Graphics, Healthcare and Optical, and Digital Cinema.\",\"publisher\":{\"@id\":\"https:\/\/veritekglobal.com\/fr\/#organization\"},\"potentialAction\":[{\"@type\":\"SearchAction\",\"target\":{\"@type\":\"EntryPoint\",\"urlTemplate\":\"https:\/\/veritekglobal.com\/fr\/?s={search_term_string}\"},\"query-input\":\"required name=search_term_string\"}],\"inLanguage\":\"fr-FR\"},{\"@type\":\"Organization\",\"@id\":\"https:\/\/veritekglobal.com\/fr\/#organization\",\"name\":\"Veritek\",\"url\":\"https:\/\/veritekglobal.com\/fr\/\",\"logo\":{\"@type\":\"ImageObject\",\"inLanguage\":\"fr-FR\",\"@id\":\"https:\/\/veritekglobal.com\/fr\/#\/schema\/logo\/image\/\",\"url\":\"https:\/\/veritekglobal.com\/fr\/wp-content\/uploads\/sites\/6\/2020\/03\/Logo.svg\",\"contentUrl\":\"https:\/\/veritekglobal.com\/fr\/wp-content\/uploads\/sites\/6\/2020\/03\/Logo.svg\",\"width\":339,\"height\":144,\"caption\":\"Veritek\"},\"image\":{\"@id\":\"https:\/\/veritekglobal.com\/fr\/#\/schema\/logo\/image\/\"}}]}<\/script>\n<!-- \/ Yoast SEO plugin. -->","yoast_head_json":{"title":"Assistance technique et sous-traitance de garantie sp\u00e9cialis\u00e9e | Veritek","description":"Veritek fournit d\u00e9j\u00e0 une assistance sp\u00e9cialis\u00e9e pour les \u00e9quipements sp\u00e9cialis\u00e9s dans les secteurs de la m\u00e9decine, de l'impression, du cin\u00e9ma num\u00e9rique et de la vente au d\u00e9tail. Voyez comment nous pouvons vous soutenir aussi!","robots":{"index":"index","follow":"follow","max-snippet":"max-snippet:-1","max-image-preview":"max-image-preview:large","max-video-preview":"max-video-preview:-1"},"canonical":"https:\/\/veritekglobal.com\/fr\/industries\/","og_locale":"fr_FR","og_type":"article","og_title":"Assistance technique et sous-traitance de garantie sp\u00e9cialis\u00e9e | Veritek","og_description":"Veritek fournit d\u00e9j\u00e0 une assistance sp\u00e9cialis\u00e9e pour les \u00e9quipements sp\u00e9cialis\u00e9s dans les secteurs de la m\u00e9decine, de l'impression, du cin\u00e9ma num\u00e9rique et de la vente au d\u00e9tail. Voyez comment nous pouvons vous soutenir aussi!","og_url":"https:\/\/veritekglobal.com\/fr\/industries\/","og_site_name":"Veritek France","article_modified_time":"2022-09-29T12:16:17+00:00","twitter_card":"summary_large_image","schema":{"@context":"https:\/\/schema.org","@graph":[{"@type":"WebPage","@id":"https:\/\/veritekglobal.com\/fr\/industries\/","url":"https:\/\/veritekglobal.com\/fr\/industries\/","name":"Assistance technique et sous-traitance de garantie sp\u00e9cialis\u00e9e | Veritek","isPartOf":{"@id":"https:\/\/veritekglobal.com\/fr\/#website"},"datePublished":"2015-10-12T15:34:45+00:00","dateModified":"2022-09-29T12:16:17+00:00","description":"Veritek fournit d\u00e9j\u00e0 une assistance sp\u00e9cialis\u00e9e pour les \u00e9quipements sp\u00e9cialis\u00e9s dans les secteurs de la m\u00e9decine, de l'impression, du cin\u00e9ma num\u00e9rique et de la vente au d\u00e9tail. Voyez comment nous pouvons vous soutenir aussi!","breadcrumb":{"@id":"https:\/\/veritekglobal.com\/fr\/industries\/#breadcrumb"},"inLanguage":"fr-FR","potentialAction":[{"@type":"ReadAction","target":["https:\/\/veritekglobal.com\/fr\/industries\/"]}]},{"@type":"BreadcrumbList","@id":"https:\/\/veritekglobal.com\/fr\/industries\/#breadcrumb","itemListElement":[{"@type":"ListItem","position":1,"name":"Home","item":"https:\/\/veritekglobal.com\/fr\/"},{"@type":"ListItem","position":2,"name":"Support technique sp\u00e9cialis\u00e9 pour toutes les industries"}]},{"@type":"WebSite","@id":"https:\/\/veritekglobal.com\/fr\/#website","url":"https:\/\/veritekglobal.com\/fr\/","name":"Veritek France","description":"Photo Imaging, Print and Graphics, Healthcare and Optical, and Digital Cinema.","publisher":{"@id":"https:\/\/veritekglobal.com\/fr\/#organization"},"potentialAction":[{"@type":"SearchAction","target":{"@type":"EntryPoint","urlTemplate":"https:\/\/veritekglobal.com\/fr\/?s={search_term_string}"},"query-input":"required name=search_term_string"}],"inLanguage":"fr-FR"},{"@type":"Organization","@id":"https:\/\/veritekglobal.com\/fr\/#organization","name":"Veritek","url":"https:\/\/veritekglobal.com\/fr\/","logo":{"@type":"ImageObject","inLanguage":"fr-FR","@id":"https:\/\/veritekglobal.com\/fr\/#\/schema\/logo\/image\/","url":"https:\/\/veritekglobal.com\/fr\/wp-content\/uploads\/sites\/6\/2020\/03\/Logo.svg","contentUrl":"https:\/\/veritekglobal.com\/fr\/wp-content\/uploads\/sites\/6\/2020\/03\/Logo.svg","width":339,"height":144,"caption":"Veritek"},"image":{"@id":"https:\/\/veritekglobal.com\/fr\/#\/schema\/logo\/image\/"}}]}},"_links":{"self":[{"href":"https:\/\/veritekglobal.com\/fr\/wp-json\/wp\/v2\/pages\/23"}],"collection":[{"href":"https:\/\/veritekglobal.com\/fr\/wp-json\/wp\/v2\/pages"}],"about":[{"href":"https:\/\/veritekglobal.com\/fr\/wp-json\/wp\/v2\/types\/page"}],"author":[{"embeddable":true,"href":"https:\/\/veritekglobal.com\/fr\/wp-json\/wp\/v2\/users\/32"}],"replies":[{"embeddable":true,"href":"https:\/\/veritekglobal.com\/fr\/wp-json\/wp\/v2\/comments?post=23"}],"version-history":[{"count":7,"href":"https:\/\/veritekglobal.com\/fr\/wp-json\/wp\/v2\/pages\/23\/revisions"}],"predecessor-version":[{"id":3257,"href":"https:\/\/veritekglobal.com\/fr\/wp-json\/wp\/v2\/pages\/23\/revisions\/3257"}],"wp:attachment":[{"href":"https:\/\/veritekglobal.com\/fr\/wp-json\/wp\/v2\/media?parent=23"}],"curies":[{"name":"wp","href":"https:\/\/api.w.org\/{rel}","templated":true}]}}