{"id":2056,"date":"2020-03-18T10:28:19","date_gmt":"2020-03-18T10:28:19","guid":{"rendered":"https:\/\/veritek.makeaspectacle.co.uk\/?page_id=2056"},"modified":"2020-12-15T12:24:20","modified_gmt":"2020-12-15T12:24:20","slug":"optometry-support","status":"publish","type":"page","link":"https:\/\/veritekglobal.com\/fr\/industries\/optometry-support\/","title":{"rendered":"Optom\u00e9trie"},"content":{"rendered":"","protected":false},"excerpt":{"rendered":"<p>Nous avons l&#8217;expertise pour vous soutenir gr\u00e2ce \u00e0 nos ing\u00e9nieurs sp\u00e9cialis\u00e9s qui sont form\u00e9s en continu aux \u00e9quipements optiques les plus complexes et gr\u00e2ce au partenariat qui nous unit avec les optom\u00e9tristes Boots et les ophtalmologistes Topcon.<\/p>\n","protected":false},"author":32,"featured_media":0,"parent":23,"menu_order":19,"comment_status":"closed","ping_status":"closed","template":"page-industry-type.php","meta":{"footnotes":""},"yoast_head":"<!-- This site is optimized with the Yoast SEO plugin v21.2 - https:\/\/yoast.com\/wordpress\/plugins\/seo\/ -->\n<title>\u00c9quipement d&#039;optom\u00e9trie et entretien des machines OCT | Veritek<\/title>\n<meta name=\"description\" content=\"Veritek garantit le bon fonctionnement des \u00e9quipements sp\u00e9cialis\u00e9s dans la sant\u00e9 oculaire et l&#039;optom\u00e9trie. Nous travaillons en partenariat avec de grandes marques comme Topcon et Boots Opticians. Cliquez maintenant.\" \/>\n<meta name=\"robots\" content=\"index, follow, max-snippet:-1, max-image-preview:large, max-video-preview:-1\" \/>\n<link rel=\"canonical\" href=\"https:\/\/veritekglobal.com\/fr\/industries\/optometry-support\/\" \/>\n<meta property=\"og:locale\" content=\"fr_FR\" \/>\n<meta property=\"og:type\" content=\"article\" \/>\n<meta property=\"og:title\" content=\"\u00c9quipement d&#039;optom\u00e9trie et entretien des machines OCT | Veritek\" \/>\n<meta property=\"og:description\" content=\"Veritek garantit le bon fonctionnement des \u00e9quipements sp\u00e9cialis\u00e9s dans la sant\u00e9 oculaire et l&#039;optom\u00e9trie. Nous travaillons en partenariat avec de grandes marques comme Topcon et Boots Opticians. Cliquez maintenant.\" \/>\n<meta property=\"og:url\" content=\"https:\/\/veritekglobal.com\/fr\/industries\/optometry-support\/\" \/>\n<meta property=\"og:site_name\" content=\"Veritek France\" \/>\n<meta property=\"article:modified_time\" content=\"2020-12-15T12:24:20+00:00\" \/>\n<meta name=\"twitter:card\" content=\"summary_large_image\" \/>\n<script type=\"application\/ld+json\" class=\"yoast-schema-graph\">{\"@context\":\"https:\/\/schema.org\",\"@graph\":[{\"@type\":\"WebPage\",\"@id\":\"https:\/\/veritekglobal.com\/fr\/industries\/optometry-support\/\",\"url\":\"https:\/\/veritekglobal.com\/fr\/industries\/optometry-support\/\",\"name\":\"\u00c9quipement d'optom\u00e9trie et entretien des machines OCT | Veritek\",\"isPartOf\":{\"@id\":\"https:\/\/veritekglobal.com\/fr\/#website\"},\"datePublished\":\"2020-03-18T10:28:19+00:00\",\"dateModified\":\"2020-12-15T12:24:20+00:00\",\"description\":\"Veritek garantit le bon fonctionnement des \u00e9quipements sp\u00e9cialis\u00e9s dans la sant\u00e9 oculaire et l'optom\u00e9trie. Nous travaillons en partenariat avec de grandes marques comme Topcon et Boots Opticians. Cliquez maintenant.\",\"breadcrumb\":{\"@id\":\"https:\/\/veritekglobal.com\/fr\/industries\/optometry-support\/#breadcrumb\"},\"inLanguage\":\"fr-FR\",\"potentialAction\":[{\"@type\":\"ReadAction\",\"target\":[\"https:\/\/veritekglobal.com\/fr\/industries\/optometry-support\/\"]}]},{\"@type\":\"BreadcrumbList\",\"@id\":\"https:\/\/veritekglobal.com\/fr\/industries\/optometry-support\/#breadcrumb\",\"itemListElement\":[{\"@type\":\"ListItem\",\"position\":1,\"name\":\"Home\",\"item\":\"https:\/\/veritekglobal.com\/fr\/\"},{\"@type\":\"ListItem\",\"position\":2,\"name\":\"Support technique sp\u00e9cialis\u00e9 pour toutes les industries\",\"item\":\"https:\/\/veritekglobal.com\/fr\/industries\/\"},{\"@type\":\"ListItem\",\"position\":3,\"name\":\"Optom\u00e9trie\"}]},{\"@type\":\"WebSite\",\"@id\":\"https:\/\/veritekglobal.com\/fr\/#website\",\"url\":\"https:\/\/veritekglobal.com\/fr\/\",\"name\":\"Veritek France\",\"description\":\"Photo Imaging, Print and Graphics, Healthcare and Optical, and Digital Cinema.\",\"publisher\":{\"@id\":\"https:\/\/veritekglobal.com\/fr\/#organization\"},\"potentialAction\":[{\"@type\":\"SearchAction\",\"target\":{\"@type\":\"EntryPoint\",\"urlTemplate\":\"https:\/\/veritekglobal.com\/fr\/?s={search_term_string}\"},\"query-input\":\"required name=search_term_string\"}],\"inLanguage\":\"fr-FR\"},{\"@type\":\"Organization\",\"@id\":\"https:\/\/veritekglobal.com\/fr\/#organization\",\"name\":\"Veritek\",\"url\":\"https:\/\/veritekglobal.com\/fr\/\",\"logo\":{\"@type\":\"ImageObject\",\"inLanguage\":\"fr-FR\",\"@id\":\"https:\/\/veritekglobal.com\/fr\/#\/schema\/logo\/image\/\",\"url\":\"https:\/\/veritekglobal.com\/fr\/wp-content\/uploads\/sites\/6\/2020\/03\/Logo.svg\",\"contentUrl\":\"https:\/\/veritekglobal.com\/fr\/wp-content\/uploads\/sites\/6\/2020\/03\/Logo.svg\",\"width\":339,\"height\":144,\"caption\":\"Veritek\"},\"image\":{\"@id\":\"https:\/\/veritekglobal.com\/fr\/#\/schema\/logo\/image\/\"}}]}<\/script>\n<!-- \/ Yoast SEO plugin. -->","yoast_head_json":{"title":"\u00c9quipement d'optom\u00e9trie et entretien des machines OCT | Veritek","description":"Veritek garantit le bon fonctionnement des \u00e9quipements sp\u00e9cialis\u00e9s dans la sant\u00e9 oculaire et l'optom\u00e9trie. Nous travaillons en partenariat avec de grandes marques comme Topcon et Boots Opticians. Cliquez maintenant.","robots":{"index":"index","follow":"follow","max-snippet":"max-snippet:-1","max-image-preview":"max-image-preview:large","max-video-preview":"max-video-preview:-1"},"canonical":"https:\/\/veritekglobal.com\/fr\/industries\/optometry-support\/","og_locale":"fr_FR","og_type":"article","og_title":"\u00c9quipement d'optom\u00e9trie et entretien des machines OCT | Veritek","og_description":"Veritek garantit le bon fonctionnement des \u00e9quipements sp\u00e9cialis\u00e9s dans la sant\u00e9 oculaire et l'optom\u00e9trie. Nous travaillons en partenariat avec de grandes marques comme Topcon et Boots Opticians. Cliquez maintenant.","og_url":"https:\/\/veritekglobal.com\/fr\/industries\/optometry-support\/","og_site_name":"Veritek France","article_modified_time":"2020-12-15T12:24:20+00:00","twitter_card":"summary_large_image","schema":{"@context":"https:\/\/schema.org","@graph":[{"@type":"WebPage","@id":"https:\/\/veritekglobal.com\/fr\/industries\/optometry-support\/","url":"https:\/\/veritekglobal.com\/fr\/industries\/optometry-support\/","name":"\u00c9quipement d'optom\u00e9trie et entretien des machines OCT | Veritek","isPartOf":{"@id":"https:\/\/veritekglobal.com\/fr\/#website"},"datePublished":"2020-03-18T10:28:19+00:00","dateModified":"2020-12-15T12:24:20+00:00","description":"Veritek garantit le bon fonctionnement des \u00e9quipements sp\u00e9cialis\u00e9s dans la sant\u00e9 oculaire et l'optom\u00e9trie. Nous travaillons en partenariat avec de grandes marques comme Topcon et Boots Opticians. Cliquez maintenant.","breadcrumb":{"@id":"https:\/\/veritekglobal.com\/fr\/industries\/optometry-support\/#breadcrumb"},"inLanguage":"fr-FR","potentialAction":[{"@type":"ReadAction","target":["https:\/\/veritekglobal.com\/fr\/industries\/optometry-support\/"]}]},{"@type":"BreadcrumbList","@id":"https:\/\/veritekglobal.com\/fr\/industries\/optometry-support\/#breadcrumb","itemListElement":[{"@type":"ListItem","position":1,"name":"Home","item":"https:\/\/veritekglobal.com\/fr\/"},{"@type":"ListItem","position":2,"name":"Support technique sp\u00e9cialis\u00e9 pour toutes les industries","item":"https:\/\/veritekglobal.com\/fr\/industries\/"},{"@type":"ListItem","position":3,"name":"Optom\u00e9trie"}]},{"@type":"WebSite","@id":"https:\/\/veritekglobal.com\/fr\/#website","url":"https:\/\/veritekglobal.com\/fr\/","name":"Veritek France","description":"Photo Imaging, Print and Graphics, Healthcare and Optical, and Digital Cinema.","publisher":{"@id":"https:\/\/veritekglobal.com\/fr\/#organization"},"potentialAction":[{"@type":"SearchAction","target":{"@type":"EntryPoint","urlTemplate":"https:\/\/veritekglobal.com\/fr\/?s={search_term_string}"},"query-input":"required name=search_term_string"}],"inLanguage":"fr-FR"},{"@type":"Organization","@id":"https:\/\/veritekglobal.com\/fr\/#organization","name":"Veritek","url":"https:\/\/veritekglobal.com\/fr\/","logo":{"@type":"ImageObject","inLanguage":"fr-FR","@id":"https:\/\/veritekglobal.com\/fr\/#\/schema\/logo\/image\/","url":"https:\/\/veritekglobal.com\/fr\/wp-content\/uploads\/sites\/6\/2020\/03\/Logo.svg","contentUrl":"https:\/\/veritekglobal.com\/fr\/wp-content\/uploads\/sites\/6\/2020\/03\/Logo.svg","width":339,"height":144,"caption":"Veritek"},"image":{"@id":"https:\/\/veritekglobal.com\/fr\/#\/schema\/logo\/image\/"}}]}},"_links":{"self":[{"href":"https:\/\/veritekglobal.com\/fr\/wp-json\/wp\/v2\/pages\/2056"}],"collection":[{"href":"https:\/\/veritekglobal.com\/fr\/wp-json\/wp\/v2\/pages"}],"about":[{"href":"https:\/\/veritekglobal.com\/fr\/wp-json\/wp\/v2\/types\/page"}],"author":[{"embeddable":true,"href":"https:\/\/veritekglobal.com\/fr\/wp-json\/wp\/v2\/users\/32"}],"replies":[{"embeddable":true,"href":"https:\/\/veritekglobal.com\/fr\/wp-json\/wp\/v2\/comments?post=2056"}],"version-history":[{"count":4,"href":"https:\/\/veritekglobal.com\/fr\/wp-json\/wp\/v2\/pages\/2056\/revisions"}],"predecessor-version":[{"id":3236,"href":"https:\/\/veritekglobal.com\/fr\/wp-json\/wp\/v2\/pages\/2056\/revisions\/3236"}],"up":[{"embeddable":true,"href":"https:\/\/veritekglobal.com\/fr\/wp-json\/wp\/v2\/pages\/23"}],"wp:attachment":[{"href":"https:\/\/veritekglobal.com\/fr\/wp-json\/wp\/v2\/media?parent=2056"}],"curies":[{"name":"wp","href":"https:\/\/api.w.org\/{rel}","templated":true}]}}