{"id":2054,"date":"2020-03-18T10:27:55","date_gmt":"2020-03-18T10:27:55","guid":{"rendered":"https:\/\/veritek.makeaspectacle.co.uk\/?page_id=2054"},"modified":"2020-12-15T12:23:54","modified_gmt":"2020-12-15T12:23:54","slug":"medical-dental-support","status":"publish","type":"page","link":"https:\/\/veritekglobal.com\/fr\/industries\/medical-dental-support\/","title":{"rendered":"M\u00e9dical et dentaire"},"content":{"rendered":"<p>&nbsp;<\/p>\n<p>&nbsp;<\/p>\n","protected":false},"excerpt":{"rendered":"<p>Des vies d\u00e9pendent de l&#8217;\u00e9quipement m\u00e9dical. De grands fabricants et clients finaux de soins de sant\u00e9 d\u00e9pendent de Veritek. Nous sommes des experts en assistance technique pour les dispositifs m\u00e9dicaux et dentaires les plus complexes.<\/p>\n","protected":false},"author":32,"featured_media":0,"parent":23,"menu_order":17,"comment_status":"closed","ping_status":"closed","template":"page-industry-type.php","meta":{"footnotes":""},"yoast_head":"<!-- This site is optimized with the Yoast SEO plugin v21.2 - https:\/\/yoast.com\/wordpress\/plugins\/seo\/ -->\n<title>\u00c9talonnage, entretien et r\u00e9paration de mat\u00e9riel m\u00e9dical | Veritek<\/title>\n<meta name=\"description\" content=\"Veritek soutient les industries m\u00e9dicale, pharmaceutique et dentaire dans la maintenance et l&#039;\u00e9talonnage d&#039;\u00e9quipements de laboratoire hautement sp\u00e9cialis\u00e9s. Lire la suite.\" \/>\n<meta name=\"robots\" content=\"index, follow, max-snippet:-1, max-image-preview:large, max-video-preview:-1\" \/>\n<link rel=\"canonical\" href=\"https:\/\/veritekglobal.com\/fr\/industries\/medical-dental-support\/\" \/>\n<meta property=\"og:locale\" content=\"fr_FR\" \/>\n<meta property=\"og:type\" content=\"article\" \/>\n<meta property=\"og:title\" content=\"\u00c9talonnage, entretien et r\u00e9paration de mat\u00e9riel m\u00e9dical | Veritek\" \/>\n<meta property=\"og:description\" content=\"Veritek soutient les industries m\u00e9dicale, pharmaceutique et dentaire dans la maintenance et l&#039;\u00e9talonnage d&#039;\u00e9quipements de laboratoire hautement sp\u00e9cialis\u00e9s. Lire la suite.\" \/>\n<meta property=\"og:url\" content=\"https:\/\/veritekglobal.com\/fr\/industries\/medical-dental-support\/\" \/>\n<meta property=\"og:site_name\" content=\"Veritek France\" \/>\n<meta property=\"article:modified_time\" content=\"2020-12-15T12:23:54+00:00\" \/>\n<meta name=\"twitter:card\" content=\"summary_large_image\" \/>\n<script type=\"application\/ld+json\" class=\"yoast-schema-graph\">{\"@context\":\"https:\/\/schema.org\",\"@graph\":[{\"@type\":\"WebPage\",\"@id\":\"https:\/\/veritekglobal.com\/fr\/industries\/medical-dental-support\/\",\"url\":\"https:\/\/veritekglobal.com\/fr\/industries\/medical-dental-support\/\",\"name\":\"\u00c9talonnage, entretien et r\u00e9paration de mat\u00e9riel m\u00e9dical | Veritek\",\"isPartOf\":{\"@id\":\"https:\/\/veritekglobal.com\/fr\/#website\"},\"datePublished\":\"2020-03-18T10:27:55+00:00\",\"dateModified\":\"2020-12-15T12:23:54+00:00\",\"description\":\"Veritek soutient les industries m\u00e9dicale, pharmaceutique et dentaire dans la maintenance et l'\u00e9talonnage d'\u00e9quipements de laboratoire hautement sp\u00e9cialis\u00e9s. Lire la suite.\",\"breadcrumb\":{\"@id\":\"https:\/\/veritekglobal.com\/fr\/industries\/medical-dental-support\/#breadcrumb\"},\"inLanguage\":\"fr-FR\",\"potentialAction\":[{\"@type\":\"ReadAction\",\"target\":[\"https:\/\/veritekglobal.com\/fr\/industries\/medical-dental-support\/\"]}]},{\"@type\":\"BreadcrumbList\",\"@id\":\"https:\/\/veritekglobal.com\/fr\/industries\/medical-dental-support\/#breadcrumb\",\"itemListElement\":[{\"@type\":\"ListItem\",\"position\":1,\"name\":\"Home\",\"item\":\"https:\/\/veritekglobal.com\/fr\/\"},{\"@type\":\"ListItem\",\"position\":2,\"name\":\"Support technique sp\u00e9cialis\u00e9 pour toutes les industries\",\"item\":\"https:\/\/veritekglobal.com\/fr\/industries\/\"},{\"@type\":\"ListItem\",\"position\":3,\"name\":\"M\u00e9dical et dentaire\"}]},{\"@type\":\"WebSite\",\"@id\":\"https:\/\/veritekglobal.com\/fr\/#website\",\"url\":\"https:\/\/veritekglobal.com\/fr\/\",\"name\":\"Veritek France\",\"description\":\"Photo Imaging, Print and Graphics, Healthcare and Optical, and Digital Cinema.\",\"publisher\":{\"@id\":\"https:\/\/veritekglobal.com\/fr\/#organization\"},\"potentialAction\":[{\"@type\":\"SearchAction\",\"target\":{\"@type\":\"EntryPoint\",\"urlTemplate\":\"https:\/\/veritekglobal.com\/fr\/?s={search_term_string}\"},\"query-input\":\"required name=search_term_string\"}],\"inLanguage\":\"fr-FR\"},{\"@type\":\"Organization\",\"@id\":\"https:\/\/veritekglobal.com\/fr\/#organization\",\"name\":\"Veritek\",\"url\":\"https:\/\/veritekglobal.com\/fr\/\",\"logo\":{\"@type\":\"ImageObject\",\"inLanguage\":\"fr-FR\",\"@id\":\"https:\/\/veritekglobal.com\/fr\/#\/schema\/logo\/image\/\",\"url\":\"https:\/\/veritekglobal.com\/fr\/wp-content\/uploads\/sites\/6\/2020\/03\/Logo.svg\",\"contentUrl\":\"https:\/\/veritekglobal.com\/fr\/wp-content\/uploads\/sites\/6\/2020\/03\/Logo.svg\",\"width\":339,\"height\":144,\"caption\":\"Veritek\"},\"image\":{\"@id\":\"https:\/\/veritekglobal.com\/fr\/#\/schema\/logo\/image\/\"}}]}<\/script>\n<!-- \/ Yoast SEO plugin. -->","yoast_head_json":{"title":"\u00c9talonnage, entretien et r\u00e9paration de mat\u00e9riel m\u00e9dical | Veritek","description":"Veritek soutient les industries m\u00e9dicale, pharmaceutique et dentaire dans la maintenance et l'\u00e9talonnage d'\u00e9quipements de laboratoire hautement sp\u00e9cialis\u00e9s. Lire la suite.","robots":{"index":"index","follow":"follow","max-snippet":"max-snippet:-1","max-image-preview":"max-image-preview:large","max-video-preview":"max-video-preview:-1"},"canonical":"https:\/\/veritekglobal.com\/fr\/industries\/medical-dental-support\/","og_locale":"fr_FR","og_type":"article","og_title":"\u00c9talonnage, entretien et r\u00e9paration de mat\u00e9riel m\u00e9dical | Veritek","og_description":"Veritek soutient les industries m\u00e9dicale, pharmaceutique et dentaire dans la maintenance et l'\u00e9talonnage d'\u00e9quipements de laboratoire hautement sp\u00e9cialis\u00e9s. Lire la suite.","og_url":"https:\/\/veritekglobal.com\/fr\/industries\/medical-dental-support\/","og_site_name":"Veritek France","article_modified_time":"2020-12-15T12:23:54+00:00","twitter_card":"summary_large_image","schema":{"@context":"https:\/\/schema.org","@graph":[{"@type":"WebPage","@id":"https:\/\/veritekglobal.com\/fr\/industries\/medical-dental-support\/","url":"https:\/\/veritekglobal.com\/fr\/industries\/medical-dental-support\/","name":"\u00c9talonnage, entretien et r\u00e9paration de mat\u00e9riel m\u00e9dical | Veritek","isPartOf":{"@id":"https:\/\/veritekglobal.com\/fr\/#website"},"datePublished":"2020-03-18T10:27:55+00:00","dateModified":"2020-12-15T12:23:54+00:00","description":"Veritek soutient les industries m\u00e9dicale, pharmaceutique et dentaire dans la maintenance et l'\u00e9talonnage d'\u00e9quipements de laboratoire hautement sp\u00e9cialis\u00e9s. Lire la suite.","breadcrumb":{"@id":"https:\/\/veritekglobal.com\/fr\/industries\/medical-dental-support\/#breadcrumb"},"inLanguage":"fr-FR","potentialAction":[{"@type":"ReadAction","target":["https:\/\/veritekglobal.com\/fr\/industries\/medical-dental-support\/"]}]},{"@type":"BreadcrumbList","@id":"https:\/\/veritekglobal.com\/fr\/industries\/medical-dental-support\/#breadcrumb","itemListElement":[{"@type":"ListItem","position":1,"name":"Home","item":"https:\/\/veritekglobal.com\/fr\/"},{"@type":"ListItem","position":2,"name":"Support technique sp\u00e9cialis\u00e9 pour toutes les industries","item":"https:\/\/veritekglobal.com\/fr\/industries\/"},{"@type":"ListItem","position":3,"name":"M\u00e9dical et dentaire"}]},{"@type":"WebSite","@id":"https:\/\/veritekglobal.com\/fr\/#website","url":"https:\/\/veritekglobal.com\/fr\/","name":"Veritek France","description":"Photo Imaging, Print and Graphics, Healthcare and Optical, and Digital Cinema.","publisher":{"@id":"https:\/\/veritekglobal.com\/fr\/#organization"},"potentialAction":[{"@type":"SearchAction","target":{"@type":"EntryPoint","urlTemplate":"https:\/\/veritekglobal.com\/fr\/?s={search_term_string}"},"query-input":"required name=search_term_string"}],"inLanguage":"fr-FR"},{"@type":"Organization","@id":"https:\/\/veritekglobal.com\/fr\/#organization","name":"Veritek","url":"https:\/\/veritekglobal.com\/fr\/","logo":{"@type":"ImageObject","inLanguage":"fr-FR","@id":"https:\/\/veritekglobal.com\/fr\/#\/schema\/logo\/image\/","url":"https:\/\/veritekglobal.com\/fr\/wp-content\/uploads\/sites\/6\/2020\/03\/Logo.svg","contentUrl":"https:\/\/veritekglobal.com\/fr\/wp-content\/uploads\/sites\/6\/2020\/03\/Logo.svg","width":339,"height":144,"caption":"Veritek"},"image":{"@id":"https:\/\/veritekglobal.com\/fr\/#\/schema\/logo\/image\/"}}]}},"_links":{"self":[{"href":"https:\/\/veritekglobal.com\/fr\/wp-json\/wp\/v2\/pages\/2054"}],"collection":[{"href":"https:\/\/veritekglobal.com\/fr\/wp-json\/wp\/v2\/pages"}],"about":[{"href":"https:\/\/veritekglobal.com\/fr\/wp-json\/wp\/v2\/types\/page"}],"author":[{"embeddable":true,"href":"https:\/\/veritekglobal.com\/fr\/wp-json\/wp\/v2\/users\/32"}],"replies":[{"embeddable":true,"href":"https:\/\/veritekglobal.com\/fr\/wp-json\/wp\/v2\/comments?post=2054"}],"version-history":[{"count":6,"href":"https:\/\/veritekglobal.com\/fr\/wp-json\/wp\/v2\/pages\/2054\/revisions"}],"predecessor-version":[{"id":3235,"href":"https:\/\/veritekglobal.com\/fr\/wp-json\/wp\/v2\/pages\/2054\/revisions\/3235"}],"up":[{"embeddable":true,"href":"https:\/\/veritekglobal.com\/fr\/wp-json\/wp\/v2\/pages\/23"}],"wp:attachment":[{"href":"https:\/\/veritekglobal.com\/fr\/wp-json\/wp\/v2\/media?parent=2054"}],"curies":[{"name":"wp","href":"https:\/\/api.w.org\/{rel}","templated":true}]}}