{"id":2052,"date":"2020-03-18T10:27:38","date_gmt":"2020-03-18T10:27:38","guid":{"rendered":"https:\/\/veritek.makeaspectacle.co.uk\/?page_id=2052"},"modified":"2020-12-15T12:25:32","modified_gmt":"2020-12-15T12:25:32","slug":"photo-imaging-support","status":"publish","type":"page","link":"https:\/\/veritekglobal.com\/fr\/industries\/photo-imaging-support\/","title":{"rendered":"Imagerie photo"},"content":{"rendered":"","protected":false},"excerpt":{"rendered":"<p>Veritek poss\u00e8de plus de 35 ans d\u2019expertise dans le support technique des technologies d\u2019imagerie photo. Pour cette raison, nous sommes les partenaires de confiance de grandes marques telles que Boots, Fujifilm et Jessops.<\/p>\n","protected":false},"author":32,"featured_media":0,"parent":23,"menu_order":21,"comment_status":"closed","ping_status":"closed","template":"page-industry-type.php","meta":{"footnotes":""},"yoast_head":"<!-- This site is optimized with the Yoast SEO plugin v21.2 - https:\/\/yoast.com\/wordpress\/plugins\/seo\/ -->\n<title>R\u00e9paration et entretien de mat\u00e9riel photographique | Veritek<\/title>\n<meta name=\"description\" content=\"Veritek offre une expertise in\u00e9gal\u00e9e dans l&#039;installation, les r\u00e9parations et la maintenance d&#039;\u00e9quipements photo sp\u00e9cialis\u00e9s. D\u00e9couvrez comment nos ing\u00e9nieurs peuvent vous aider maintenant!\" \/>\n<meta name=\"robots\" content=\"index, follow, max-snippet:-1, max-image-preview:large, max-video-preview:-1\" \/>\n<link rel=\"canonical\" href=\"https:\/\/veritekglobal.com\/fr\/industries\/photo-imaging-support\/\" \/>\n<meta property=\"og:locale\" content=\"fr_FR\" \/>\n<meta property=\"og:type\" content=\"article\" \/>\n<meta property=\"og:title\" content=\"R\u00e9paration et entretien de mat\u00e9riel photographique | Veritek\" \/>\n<meta property=\"og:description\" content=\"Veritek offre une expertise in\u00e9gal\u00e9e dans l&#039;installation, les r\u00e9parations et la maintenance d&#039;\u00e9quipements photo sp\u00e9cialis\u00e9s. D\u00e9couvrez comment nos ing\u00e9nieurs peuvent vous aider maintenant!\" \/>\n<meta property=\"og:url\" content=\"https:\/\/veritekglobal.com\/fr\/industries\/photo-imaging-support\/\" \/>\n<meta property=\"og:site_name\" content=\"Veritek France\" \/>\n<meta property=\"article:modified_time\" content=\"2020-12-15T12:25:32+00:00\" \/>\n<meta name=\"twitter:card\" content=\"summary_large_image\" \/>\n<script type=\"application\/ld+json\" class=\"yoast-schema-graph\">{\"@context\":\"https:\/\/schema.org\",\"@graph\":[{\"@type\":\"WebPage\",\"@id\":\"https:\/\/veritekglobal.com\/fr\/industries\/photo-imaging-support\/\",\"url\":\"https:\/\/veritekglobal.com\/fr\/industries\/photo-imaging-support\/\",\"name\":\"R\u00e9paration et entretien de mat\u00e9riel photographique | Veritek\",\"isPartOf\":{\"@id\":\"https:\/\/veritekglobal.com\/fr\/#website\"},\"datePublished\":\"2020-03-18T10:27:38+00:00\",\"dateModified\":\"2020-12-15T12:25:32+00:00\",\"description\":\"Veritek offre une expertise in\u00e9gal\u00e9e dans l'installation, les r\u00e9parations et la maintenance d'\u00e9quipements photo sp\u00e9cialis\u00e9s. D\u00e9couvrez comment nos ing\u00e9nieurs peuvent vous aider maintenant!\",\"breadcrumb\":{\"@id\":\"https:\/\/veritekglobal.com\/fr\/industries\/photo-imaging-support\/#breadcrumb\"},\"inLanguage\":\"fr-FR\",\"potentialAction\":[{\"@type\":\"ReadAction\",\"target\":[\"https:\/\/veritekglobal.com\/fr\/industries\/photo-imaging-support\/\"]}]},{\"@type\":\"BreadcrumbList\",\"@id\":\"https:\/\/veritekglobal.com\/fr\/industries\/photo-imaging-support\/#breadcrumb\",\"itemListElement\":[{\"@type\":\"ListItem\",\"position\":1,\"name\":\"Home\",\"item\":\"https:\/\/veritekglobal.com\/fr\/\"},{\"@type\":\"ListItem\",\"position\":2,\"name\":\"Support technique sp\u00e9cialis\u00e9 pour toutes les industries\",\"item\":\"https:\/\/veritekglobal.com\/fr\/industries\/\"},{\"@type\":\"ListItem\",\"position\":3,\"name\":\"Imagerie photo\"}]},{\"@type\":\"WebSite\",\"@id\":\"https:\/\/veritekglobal.com\/fr\/#website\",\"url\":\"https:\/\/veritekglobal.com\/fr\/\",\"name\":\"Veritek France\",\"description\":\"Photo Imaging, Print and Graphics, Healthcare and Optical, and Digital Cinema.\",\"publisher\":{\"@id\":\"https:\/\/veritekglobal.com\/fr\/#organization\"},\"potentialAction\":[{\"@type\":\"SearchAction\",\"target\":{\"@type\":\"EntryPoint\",\"urlTemplate\":\"https:\/\/veritekglobal.com\/fr\/?s={search_term_string}\"},\"query-input\":\"required name=search_term_string\"}],\"inLanguage\":\"fr-FR\"},{\"@type\":\"Organization\",\"@id\":\"https:\/\/veritekglobal.com\/fr\/#organization\",\"name\":\"Veritek\",\"url\":\"https:\/\/veritekglobal.com\/fr\/\",\"logo\":{\"@type\":\"ImageObject\",\"inLanguage\":\"fr-FR\",\"@id\":\"https:\/\/veritekglobal.com\/fr\/#\/schema\/logo\/image\/\",\"url\":\"https:\/\/veritekglobal.com\/fr\/wp-content\/uploads\/sites\/6\/2020\/03\/Logo.svg\",\"contentUrl\":\"https:\/\/veritekglobal.com\/fr\/wp-content\/uploads\/sites\/6\/2020\/03\/Logo.svg\",\"width\":339,\"height\":144,\"caption\":\"Veritek\"},\"image\":{\"@id\":\"https:\/\/veritekglobal.com\/fr\/#\/schema\/logo\/image\/\"}}]}<\/script>\n<!-- \/ Yoast SEO plugin. -->","yoast_head_json":{"title":"R\u00e9paration et entretien de mat\u00e9riel photographique | Veritek","description":"Veritek offre une expertise in\u00e9gal\u00e9e dans l'installation, les r\u00e9parations et la maintenance d'\u00e9quipements photo sp\u00e9cialis\u00e9s. D\u00e9couvrez comment nos ing\u00e9nieurs peuvent vous aider maintenant!","robots":{"index":"index","follow":"follow","max-snippet":"max-snippet:-1","max-image-preview":"max-image-preview:large","max-video-preview":"max-video-preview:-1"},"canonical":"https:\/\/veritekglobal.com\/fr\/industries\/photo-imaging-support\/","og_locale":"fr_FR","og_type":"article","og_title":"R\u00e9paration et entretien de mat\u00e9riel photographique | Veritek","og_description":"Veritek offre une expertise in\u00e9gal\u00e9e dans l'installation, les r\u00e9parations et la maintenance d'\u00e9quipements photo sp\u00e9cialis\u00e9s. D\u00e9couvrez comment nos ing\u00e9nieurs peuvent vous aider maintenant!","og_url":"https:\/\/veritekglobal.com\/fr\/industries\/photo-imaging-support\/","og_site_name":"Veritek France","article_modified_time":"2020-12-15T12:25:32+00:00","twitter_card":"summary_large_image","schema":{"@context":"https:\/\/schema.org","@graph":[{"@type":"WebPage","@id":"https:\/\/veritekglobal.com\/fr\/industries\/photo-imaging-support\/","url":"https:\/\/veritekglobal.com\/fr\/industries\/photo-imaging-support\/","name":"R\u00e9paration et entretien de mat\u00e9riel photographique | Veritek","isPartOf":{"@id":"https:\/\/veritekglobal.com\/fr\/#website"},"datePublished":"2020-03-18T10:27:38+00:00","dateModified":"2020-12-15T12:25:32+00:00","description":"Veritek offre une expertise in\u00e9gal\u00e9e dans l'installation, les r\u00e9parations et la maintenance d'\u00e9quipements photo sp\u00e9cialis\u00e9s. D\u00e9couvrez comment nos ing\u00e9nieurs peuvent vous aider maintenant!","breadcrumb":{"@id":"https:\/\/veritekglobal.com\/fr\/industries\/photo-imaging-support\/#breadcrumb"},"inLanguage":"fr-FR","potentialAction":[{"@type":"ReadAction","target":["https:\/\/veritekglobal.com\/fr\/industries\/photo-imaging-support\/"]}]},{"@type":"BreadcrumbList","@id":"https:\/\/veritekglobal.com\/fr\/industries\/photo-imaging-support\/#breadcrumb","itemListElement":[{"@type":"ListItem","position":1,"name":"Home","item":"https:\/\/veritekglobal.com\/fr\/"},{"@type":"ListItem","position":2,"name":"Support technique sp\u00e9cialis\u00e9 pour toutes les industries","item":"https:\/\/veritekglobal.com\/fr\/industries\/"},{"@type":"ListItem","position":3,"name":"Imagerie photo"}]},{"@type":"WebSite","@id":"https:\/\/veritekglobal.com\/fr\/#website","url":"https:\/\/veritekglobal.com\/fr\/","name":"Veritek France","description":"Photo Imaging, Print and Graphics, Healthcare and Optical, and Digital Cinema.","publisher":{"@id":"https:\/\/veritekglobal.com\/fr\/#organization"},"potentialAction":[{"@type":"SearchAction","target":{"@type":"EntryPoint","urlTemplate":"https:\/\/veritekglobal.com\/fr\/?s={search_term_string}"},"query-input":"required name=search_term_string"}],"inLanguage":"fr-FR"},{"@type":"Organization","@id":"https:\/\/veritekglobal.com\/fr\/#organization","name":"Veritek","url":"https:\/\/veritekglobal.com\/fr\/","logo":{"@type":"ImageObject","inLanguage":"fr-FR","@id":"https:\/\/veritekglobal.com\/fr\/#\/schema\/logo\/image\/","url":"https:\/\/veritekglobal.com\/fr\/wp-content\/uploads\/sites\/6\/2020\/03\/Logo.svg","contentUrl":"https:\/\/veritekglobal.com\/fr\/wp-content\/uploads\/sites\/6\/2020\/03\/Logo.svg","width":339,"height":144,"caption":"Veritek"},"image":{"@id":"https:\/\/veritekglobal.com\/fr\/#\/schema\/logo\/image\/"}}]}},"_links":{"self":[{"href":"https:\/\/veritekglobal.com\/fr\/wp-json\/wp\/v2\/pages\/2052"}],"collection":[{"href":"https:\/\/veritekglobal.com\/fr\/wp-json\/wp\/v2\/pages"}],"about":[{"href":"https:\/\/veritekglobal.com\/fr\/wp-json\/wp\/v2\/types\/page"}],"author":[{"embeddable":true,"href":"https:\/\/veritekglobal.com\/fr\/wp-json\/wp\/v2\/users\/32"}],"replies":[{"embeddable":true,"href":"https:\/\/veritekglobal.com\/fr\/wp-json\/wp\/v2\/comments?post=2052"}],"version-history":[{"count":5,"href":"https:\/\/veritekglobal.com\/fr\/wp-json\/wp\/v2\/pages\/2052\/revisions"}],"predecessor-version":[{"id":3238,"href":"https:\/\/veritekglobal.com\/fr\/wp-json\/wp\/v2\/pages\/2052\/revisions\/3238"}],"up":[{"embeddable":true,"href":"https:\/\/veritekglobal.com\/fr\/wp-json\/wp\/v2\/pages\/23"}],"wp:attachment":[{"href":"https:\/\/veritekglobal.com\/fr\/wp-json\/wp\/v2\/media?parent=2052"}],"curies":[{"name":"wp","href":"https:\/\/api.w.org\/{rel}","templated":true}]}}