{"id":2050,"date":"2020-03-18T10:27:19","date_gmt":"2020-03-18T10:27:19","guid":{"rendered":"https:\/\/veritek.makeaspectacle.co.uk\/?page_id=2050"},"modified":"2020-12-15T12:25:18","modified_gmt":"2020-12-15T12:25:18","slug":"digital-cinema","status":"publish","type":"page","link":"https:\/\/veritekglobal.com\/fr\/industries\/digital-cinema\/","title":{"rendered":"Cin\u00e9ma num\u00e9rique"},"content":{"rendered":"","protected":false},"excerpt":{"rendered":"<p>Veritek propose des installations, une maintenance et une assistance sp\u00e9cialis\u00e9es dans le cin\u00e9ma num\u00e9rique dans toute l&#8217;Europe pour les grandes marques telles que Christie, Sony et Barco. Cliquez maintenant!<\/p>\n","protected":false},"author":32,"featured_media":0,"parent":23,"menu_order":20,"comment_status":"closed","ping_status":"closed","template":"page-industry-type.php","meta":{"footnotes":""},"yoast_head":"<!-- This site is optimized with the Yoast SEO plugin v21.2 - https:\/\/yoast.com\/wordpress\/plugins\/seo\/ -->\n<title>Installations de cin\u00e9ma num\u00e9rique | Ing\u00e9nieurs de cin\u00e9ma | Veritek<\/title>\n<meta name=\"description\" content=\"Veritek propose des installations, une maintenance et une assistance sp\u00e9cialis\u00e9es dans le cin\u00e9ma num\u00e9rique dans toute l&#039;Europe pour les grandes marques telles que Christie, Sony et Barco. Cliquez maintenant!\" \/>\n<meta name=\"robots\" content=\"index, follow, max-snippet:-1, max-image-preview:large, max-video-preview:-1\" \/>\n<link rel=\"canonical\" href=\"https:\/\/veritekglobal.com\/fr\/industries\/digital-cinema\/\" \/>\n<meta property=\"og:locale\" content=\"fr_FR\" \/>\n<meta property=\"og:type\" content=\"article\" \/>\n<meta property=\"og:title\" content=\"Installations de cin\u00e9ma num\u00e9rique | Ing\u00e9nieurs de cin\u00e9ma | Veritek\" \/>\n<meta property=\"og:description\" content=\"Veritek propose des installations, une maintenance et une assistance sp\u00e9cialis\u00e9es dans le cin\u00e9ma num\u00e9rique dans toute l&#039;Europe pour les grandes marques telles que Christie, Sony et Barco. Cliquez maintenant!\" \/>\n<meta property=\"og:url\" content=\"https:\/\/veritekglobal.com\/fr\/industries\/digital-cinema\/\" \/>\n<meta property=\"og:site_name\" content=\"Veritek France\" \/>\n<meta property=\"article:modified_time\" content=\"2020-12-15T12:25:18+00:00\" \/>\n<meta name=\"twitter:card\" content=\"summary_large_image\" \/>\n<script type=\"application\/ld+json\" class=\"yoast-schema-graph\">{\"@context\":\"https:\/\/schema.org\",\"@graph\":[{\"@type\":\"WebPage\",\"@id\":\"https:\/\/veritekglobal.com\/fr\/industries\/digital-cinema\/\",\"url\":\"https:\/\/veritekglobal.com\/fr\/industries\/digital-cinema\/\",\"name\":\"Installations de cin\u00e9ma num\u00e9rique | Ing\u00e9nieurs de cin\u00e9ma | Veritek\",\"isPartOf\":{\"@id\":\"https:\/\/veritekglobal.com\/fr\/#website\"},\"datePublished\":\"2020-03-18T10:27:19+00:00\",\"dateModified\":\"2020-12-15T12:25:18+00:00\",\"description\":\"Veritek propose des installations, une maintenance et une assistance sp\u00e9cialis\u00e9es dans le cin\u00e9ma num\u00e9rique dans toute l'Europe pour les grandes marques telles que Christie, Sony et Barco. Cliquez maintenant!\",\"breadcrumb\":{\"@id\":\"https:\/\/veritekglobal.com\/fr\/industries\/digital-cinema\/#breadcrumb\"},\"inLanguage\":\"fr-FR\",\"potentialAction\":[{\"@type\":\"ReadAction\",\"target\":[\"https:\/\/veritekglobal.com\/fr\/industries\/digital-cinema\/\"]}]},{\"@type\":\"BreadcrumbList\",\"@id\":\"https:\/\/veritekglobal.com\/fr\/industries\/digital-cinema\/#breadcrumb\",\"itemListElement\":[{\"@type\":\"ListItem\",\"position\":1,\"name\":\"Home\",\"item\":\"https:\/\/veritekglobal.com\/fr\/\"},{\"@type\":\"ListItem\",\"position\":2,\"name\":\"Support technique sp\u00e9cialis\u00e9 pour toutes les industries\",\"item\":\"https:\/\/veritekglobal.com\/fr\/industries\/\"},{\"@type\":\"ListItem\",\"position\":3,\"name\":\"Cin\u00e9ma num\u00e9rique\"}]},{\"@type\":\"WebSite\",\"@id\":\"https:\/\/veritekglobal.com\/fr\/#website\",\"url\":\"https:\/\/veritekglobal.com\/fr\/\",\"name\":\"Veritek France\",\"description\":\"Photo Imaging, Print and Graphics, Healthcare and Optical, and Digital Cinema.\",\"publisher\":{\"@id\":\"https:\/\/veritekglobal.com\/fr\/#organization\"},\"potentialAction\":[{\"@type\":\"SearchAction\",\"target\":{\"@type\":\"EntryPoint\",\"urlTemplate\":\"https:\/\/veritekglobal.com\/fr\/?s={search_term_string}\"},\"query-input\":\"required name=search_term_string\"}],\"inLanguage\":\"fr-FR\"},{\"@type\":\"Organization\",\"@id\":\"https:\/\/veritekglobal.com\/fr\/#organization\",\"name\":\"Veritek\",\"url\":\"https:\/\/veritekglobal.com\/fr\/\",\"logo\":{\"@type\":\"ImageObject\",\"inLanguage\":\"fr-FR\",\"@id\":\"https:\/\/veritekglobal.com\/fr\/#\/schema\/logo\/image\/\",\"url\":\"https:\/\/veritekglobal.com\/fr\/wp-content\/uploads\/sites\/6\/2020\/03\/Logo.svg\",\"contentUrl\":\"https:\/\/veritekglobal.com\/fr\/wp-content\/uploads\/sites\/6\/2020\/03\/Logo.svg\",\"width\":339,\"height\":144,\"caption\":\"Veritek\"},\"image\":{\"@id\":\"https:\/\/veritekglobal.com\/fr\/#\/schema\/logo\/image\/\"}}]}<\/script>\n<!-- \/ Yoast SEO plugin. -->","yoast_head_json":{"title":"Installations de cin\u00e9ma num\u00e9rique | Ing\u00e9nieurs de cin\u00e9ma | Veritek","description":"Veritek propose des installations, une maintenance et une assistance sp\u00e9cialis\u00e9es dans le cin\u00e9ma num\u00e9rique dans toute l'Europe pour les grandes marques telles que Christie, Sony et Barco. Cliquez maintenant!","robots":{"index":"index","follow":"follow","max-snippet":"max-snippet:-1","max-image-preview":"max-image-preview:large","max-video-preview":"max-video-preview:-1"},"canonical":"https:\/\/veritekglobal.com\/fr\/industries\/digital-cinema\/","og_locale":"fr_FR","og_type":"article","og_title":"Installations de cin\u00e9ma num\u00e9rique | Ing\u00e9nieurs de cin\u00e9ma | Veritek","og_description":"Veritek propose des installations, une maintenance et une assistance sp\u00e9cialis\u00e9es dans le cin\u00e9ma num\u00e9rique dans toute l'Europe pour les grandes marques telles que Christie, Sony et Barco. Cliquez maintenant!","og_url":"https:\/\/veritekglobal.com\/fr\/industries\/digital-cinema\/","og_site_name":"Veritek France","article_modified_time":"2020-12-15T12:25:18+00:00","twitter_card":"summary_large_image","schema":{"@context":"https:\/\/schema.org","@graph":[{"@type":"WebPage","@id":"https:\/\/veritekglobal.com\/fr\/industries\/digital-cinema\/","url":"https:\/\/veritekglobal.com\/fr\/industries\/digital-cinema\/","name":"Installations de cin\u00e9ma num\u00e9rique | Ing\u00e9nieurs de cin\u00e9ma | Veritek","isPartOf":{"@id":"https:\/\/veritekglobal.com\/fr\/#website"},"datePublished":"2020-03-18T10:27:19+00:00","dateModified":"2020-12-15T12:25:18+00:00","description":"Veritek propose des installations, une maintenance et une assistance sp\u00e9cialis\u00e9es dans le cin\u00e9ma num\u00e9rique dans toute l'Europe pour les grandes marques telles que Christie, Sony et Barco. Cliquez maintenant!","breadcrumb":{"@id":"https:\/\/veritekglobal.com\/fr\/industries\/digital-cinema\/#breadcrumb"},"inLanguage":"fr-FR","potentialAction":[{"@type":"ReadAction","target":["https:\/\/veritekglobal.com\/fr\/industries\/digital-cinema\/"]}]},{"@type":"BreadcrumbList","@id":"https:\/\/veritekglobal.com\/fr\/industries\/digital-cinema\/#breadcrumb","itemListElement":[{"@type":"ListItem","position":1,"name":"Home","item":"https:\/\/veritekglobal.com\/fr\/"},{"@type":"ListItem","position":2,"name":"Support technique sp\u00e9cialis\u00e9 pour toutes les industries","item":"https:\/\/veritekglobal.com\/fr\/industries\/"},{"@type":"ListItem","position":3,"name":"Cin\u00e9ma num\u00e9rique"}]},{"@type":"WebSite","@id":"https:\/\/veritekglobal.com\/fr\/#website","url":"https:\/\/veritekglobal.com\/fr\/","name":"Veritek France","description":"Photo Imaging, Print and Graphics, Healthcare and Optical, and Digital Cinema.","publisher":{"@id":"https:\/\/veritekglobal.com\/fr\/#organization"},"potentialAction":[{"@type":"SearchAction","target":{"@type":"EntryPoint","urlTemplate":"https:\/\/veritekglobal.com\/fr\/?s={search_term_string}"},"query-input":"required name=search_term_string"}],"inLanguage":"fr-FR"},{"@type":"Organization","@id":"https:\/\/veritekglobal.com\/fr\/#organization","name":"Veritek","url":"https:\/\/veritekglobal.com\/fr\/","logo":{"@type":"ImageObject","inLanguage":"fr-FR","@id":"https:\/\/veritekglobal.com\/fr\/#\/schema\/logo\/image\/","url":"https:\/\/veritekglobal.com\/fr\/wp-content\/uploads\/sites\/6\/2020\/03\/Logo.svg","contentUrl":"https:\/\/veritekglobal.com\/fr\/wp-content\/uploads\/sites\/6\/2020\/03\/Logo.svg","width":339,"height":144,"caption":"Veritek"},"image":{"@id":"https:\/\/veritekglobal.com\/fr\/#\/schema\/logo\/image\/"}}]}},"_links":{"self":[{"href":"https:\/\/veritekglobal.com\/fr\/wp-json\/wp\/v2\/pages\/2050"}],"collection":[{"href":"https:\/\/veritekglobal.com\/fr\/wp-json\/wp\/v2\/pages"}],"about":[{"href":"https:\/\/veritekglobal.com\/fr\/wp-json\/wp\/v2\/types\/page"}],"author":[{"embeddable":true,"href":"https:\/\/veritekglobal.com\/fr\/wp-json\/wp\/v2\/users\/32"}],"replies":[{"embeddable":true,"href":"https:\/\/veritekglobal.com\/fr\/wp-json\/wp\/v2\/comments?post=2050"}],"version-history":[{"count":6,"href":"https:\/\/veritekglobal.com\/fr\/wp-json\/wp\/v2\/pages\/2050\/revisions"}],"predecessor-version":[{"id":3237,"href":"https:\/\/veritekglobal.com\/fr\/wp-json\/wp\/v2\/pages\/2050\/revisions\/3237"}],"up":[{"embeddable":true,"href":"https:\/\/veritekglobal.com\/fr\/wp-json\/wp\/v2\/pages\/23"}],"wp:attachment":[{"href":"https:\/\/veritekglobal.com\/fr\/wp-json\/wp\/v2\/media?parent=2050"}],"curies":[{"name":"wp","href":"https:\/\/api.w.org\/{rel}","templated":true}]}}