{"id":2048,"date":"2020-03-18T10:26:54","date_gmt":"2020-03-18T10:26:54","guid":{"rendered":"https:\/\/veritek.makeaspectacle.co.uk\/?page_id=2048"},"modified":"2023-02-07T13:35:02","modified_gmt":"2023-02-07T13:35:02","slug":"graphics-printer-support","status":"publish","type":"page","link":"https:\/\/veritekglobal.com\/fr\/industries\/graphics-printer-support\/","title":{"rendered":"Impression et Arts graphiques"},"content":{"rendered":"<p>&nbsp;<\/p>\n<p>&nbsp;<\/p>\n","protected":false},"excerpt":{"rendered":"<p>Les principaux leaders du secteur, notamment EFI, Epson, Esko et HP, font confiance \u00e0 l&#8217;expertise du support technique de Veritek en mati\u00e8re de technologies graphiques d&#8217;impressions commerciales et industrielles.<\/p>\n","protected":false},"author":32,"featured_media":0,"parent":23,"menu_order":18,"comment_status":"closed","ping_status":"closed","template":"page-industry-type.php","meta":{"footnotes":""},"yoast_head":"<!-- This site is optimized with the Yoast SEO plugin v21.2 - https:\/\/yoast.com\/wordpress\/plugins\/seo\/ -->\n<title>Maintenance professionnelle de l&#039;imprimante et installations graphiques | Veritek<\/title>\n<meta name=\"description\" content=\"Veritek propose des solutions de r\u00e9paration et de maintenance pour les industries de l&#039;impression et du graphisme. Installations graphiques sp\u00e9cialis\u00e9es, r\u00e9paration d&#039;imprimantes et fourniture de pi\u00e8ces. Cliquez maintenant.\" \/>\n<meta name=\"robots\" content=\"index, follow, max-snippet:-1, max-image-preview:large, max-video-preview:-1\" \/>\n<link rel=\"canonical\" href=\"https:\/\/veritekglobal.com\/fr\/industries\/graphics-printer-support\/\" \/>\n<meta property=\"og:locale\" content=\"fr_FR\" \/>\n<meta property=\"og:type\" content=\"article\" \/>\n<meta property=\"og:title\" content=\"Maintenance professionnelle de l&#039;imprimante et installations graphiques | Veritek\" \/>\n<meta property=\"og:description\" content=\"Veritek propose des solutions de r\u00e9paration et de maintenance pour les industries de l&#039;impression et du graphisme. Installations graphiques sp\u00e9cialis\u00e9es, r\u00e9paration d&#039;imprimantes et fourniture de pi\u00e8ces. Cliquez maintenant.\" \/>\n<meta property=\"og:url\" content=\"https:\/\/veritekglobal.com\/fr\/industries\/graphics-printer-support\/\" \/>\n<meta property=\"og:site_name\" content=\"Veritek France\" \/>\n<meta property=\"article:modified_time\" content=\"2023-02-07T13:35:02+00:00\" \/>\n<meta name=\"twitter:card\" content=\"summary_large_image\" \/>\n<script type=\"application\/ld+json\" class=\"yoast-schema-graph\">{\"@context\":\"https:\/\/schema.org\",\"@graph\":[{\"@type\":\"WebPage\",\"@id\":\"https:\/\/veritekglobal.com\/fr\/industries\/graphics-printer-support\/\",\"url\":\"https:\/\/veritekglobal.com\/fr\/industries\/graphics-printer-support\/\",\"name\":\"Maintenance professionnelle de l'imprimante et installations graphiques | Veritek\",\"isPartOf\":{\"@id\":\"https:\/\/veritekglobal.com\/fr\/#website\"},\"datePublished\":\"2020-03-18T10:26:54+00:00\",\"dateModified\":\"2023-02-07T13:35:02+00:00\",\"description\":\"Veritek propose des solutions de r\u00e9paration et de maintenance pour les industries de l'impression et du graphisme. Installations graphiques sp\u00e9cialis\u00e9es, r\u00e9paration d'imprimantes et fourniture de pi\u00e8ces. Cliquez maintenant.\",\"breadcrumb\":{\"@id\":\"https:\/\/veritekglobal.com\/fr\/industries\/graphics-printer-support\/#breadcrumb\"},\"inLanguage\":\"fr-FR\",\"potentialAction\":[{\"@type\":\"ReadAction\",\"target\":[\"https:\/\/veritekglobal.com\/fr\/industries\/graphics-printer-support\/\"]}]},{\"@type\":\"BreadcrumbList\",\"@id\":\"https:\/\/veritekglobal.com\/fr\/industries\/graphics-printer-support\/#breadcrumb\",\"itemListElement\":[{\"@type\":\"ListItem\",\"position\":1,\"name\":\"Home\",\"item\":\"https:\/\/veritekglobal.com\/fr\/\"},{\"@type\":\"ListItem\",\"position\":2,\"name\":\"Support technique sp\u00e9cialis\u00e9 pour toutes les industries\",\"item\":\"https:\/\/veritekglobal.com\/fr\/industries\/\"},{\"@type\":\"ListItem\",\"position\":3,\"name\":\"Impression et Arts graphiques\"}]},{\"@type\":\"WebSite\",\"@id\":\"https:\/\/veritekglobal.com\/fr\/#website\",\"url\":\"https:\/\/veritekglobal.com\/fr\/\",\"name\":\"Veritek France\",\"description\":\"Photo Imaging, Print and Graphics, Healthcare and Optical, and Digital Cinema.\",\"publisher\":{\"@id\":\"https:\/\/veritekglobal.com\/fr\/#organization\"},\"potentialAction\":[{\"@type\":\"SearchAction\",\"target\":{\"@type\":\"EntryPoint\",\"urlTemplate\":\"https:\/\/veritekglobal.com\/fr\/?s={search_term_string}\"},\"query-input\":\"required name=search_term_string\"}],\"inLanguage\":\"fr-FR\"},{\"@type\":\"Organization\",\"@id\":\"https:\/\/veritekglobal.com\/fr\/#organization\",\"name\":\"Veritek\",\"url\":\"https:\/\/veritekglobal.com\/fr\/\",\"logo\":{\"@type\":\"ImageObject\",\"inLanguage\":\"fr-FR\",\"@id\":\"https:\/\/veritekglobal.com\/fr\/#\/schema\/logo\/image\/\",\"url\":\"https:\/\/veritekglobal.com\/fr\/wp-content\/uploads\/sites\/6\/2020\/03\/Logo.svg\",\"contentUrl\":\"https:\/\/veritekglobal.com\/fr\/wp-content\/uploads\/sites\/6\/2020\/03\/Logo.svg\",\"width\":339,\"height\":144,\"caption\":\"Veritek\"},\"image\":{\"@id\":\"https:\/\/veritekglobal.com\/fr\/#\/schema\/logo\/image\/\"}}]}<\/script>\n<!-- \/ Yoast SEO plugin. -->","yoast_head_json":{"title":"Maintenance professionnelle de l'imprimante et installations graphiques | Veritek","description":"Veritek propose des solutions de r\u00e9paration et de maintenance pour les industries de l'impression et du graphisme. Installations graphiques sp\u00e9cialis\u00e9es, r\u00e9paration d'imprimantes et fourniture de pi\u00e8ces. Cliquez maintenant.","robots":{"index":"index","follow":"follow","max-snippet":"max-snippet:-1","max-image-preview":"max-image-preview:large","max-video-preview":"max-video-preview:-1"},"canonical":"https:\/\/veritekglobal.com\/fr\/industries\/graphics-printer-support\/","og_locale":"fr_FR","og_type":"article","og_title":"Maintenance professionnelle de l'imprimante et installations graphiques | Veritek","og_description":"Veritek propose des solutions de r\u00e9paration et de maintenance pour les industries de l'impression et du graphisme. Installations graphiques sp\u00e9cialis\u00e9es, r\u00e9paration d'imprimantes et fourniture de pi\u00e8ces. Cliquez maintenant.","og_url":"https:\/\/veritekglobal.com\/fr\/industries\/graphics-printer-support\/","og_site_name":"Veritek France","article_modified_time":"2023-02-07T13:35:02+00:00","twitter_card":"summary_large_image","schema":{"@context":"https:\/\/schema.org","@graph":[{"@type":"WebPage","@id":"https:\/\/veritekglobal.com\/fr\/industries\/graphics-printer-support\/","url":"https:\/\/veritekglobal.com\/fr\/industries\/graphics-printer-support\/","name":"Maintenance professionnelle de l'imprimante et installations graphiques | Veritek","isPartOf":{"@id":"https:\/\/veritekglobal.com\/fr\/#website"},"datePublished":"2020-03-18T10:26:54+00:00","dateModified":"2023-02-07T13:35:02+00:00","description":"Veritek propose des solutions de r\u00e9paration et de maintenance pour les industries de l'impression et du graphisme. Installations graphiques sp\u00e9cialis\u00e9es, r\u00e9paration d'imprimantes et fourniture de pi\u00e8ces. Cliquez maintenant.","breadcrumb":{"@id":"https:\/\/veritekglobal.com\/fr\/industries\/graphics-printer-support\/#breadcrumb"},"inLanguage":"fr-FR","potentialAction":[{"@type":"ReadAction","target":["https:\/\/veritekglobal.com\/fr\/industries\/graphics-printer-support\/"]}]},{"@type":"BreadcrumbList","@id":"https:\/\/veritekglobal.com\/fr\/industries\/graphics-printer-support\/#breadcrumb","itemListElement":[{"@type":"ListItem","position":1,"name":"Home","item":"https:\/\/veritekglobal.com\/fr\/"},{"@type":"ListItem","position":2,"name":"Support technique sp\u00e9cialis\u00e9 pour toutes les industries","item":"https:\/\/veritekglobal.com\/fr\/industries\/"},{"@type":"ListItem","position":3,"name":"Impression et Arts graphiques"}]},{"@type":"WebSite","@id":"https:\/\/veritekglobal.com\/fr\/#website","url":"https:\/\/veritekglobal.com\/fr\/","name":"Veritek France","description":"Photo Imaging, Print and Graphics, Healthcare and Optical, and Digital Cinema.","publisher":{"@id":"https:\/\/veritekglobal.com\/fr\/#organization"},"potentialAction":[{"@type":"SearchAction","target":{"@type":"EntryPoint","urlTemplate":"https:\/\/veritekglobal.com\/fr\/?s={search_term_string}"},"query-input":"required name=search_term_string"}],"inLanguage":"fr-FR"},{"@type":"Organization","@id":"https:\/\/veritekglobal.com\/fr\/#organization","name":"Veritek","url":"https:\/\/veritekglobal.com\/fr\/","logo":{"@type":"ImageObject","inLanguage":"fr-FR","@id":"https:\/\/veritekglobal.com\/fr\/#\/schema\/logo\/image\/","url":"https:\/\/veritekglobal.com\/fr\/wp-content\/uploads\/sites\/6\/2020\/03\/Logo.svg","contentUrl":"https:\/\/veritekglobal.com\/fr\/wp-content\/uploads\/sites\/6\/2020\/03\/Logo.svg","width":339,"height":144,"caption":"Veritek"},"image":{"@id":"https:\/\/veritekglobal.com\/fr\/#\/schema\/logo\/image\/"}}]}},"_links":{"self":[{"href":"https:\/\/veritekglobal.com\/fr\/wp-json\/wp\/v2\/pages\/2048"}],"collection":[{"href":"https:\/\/veritekglobal.com\/fr\/wp-json\/wp\/v2\/pages"}],"about":[{"href":"https:\/\/veritekglobal.com\/fr\/wp-json\/wp\/v2\/types\/page"}],"author":[{"embeddable":true,"href":"https:\/\/veritekglobal.com\/fr\/wp-json\/wp\/v2\/users\/32"}],"replies":[{"embeddable":true,"href":"https:\/\/veritekglobal.com\/fr\/wp-json\/wp\/v2\/comments?post=2048"}],"version-history":[{"count":4,"href":"https:\/\/veritekglobal.com\/fr\/wp-json\/wp\/v2\/pages\/2048\/revisions"}],"predecessor-version":[{"id":3210,"href":"https:\/\/veritekglobal.com\/fr\/wp-json\/wp\/v2\/pages\/2048\/revisions\/3210"}],"up":[{"embeddable":true,"href":"https:\/\/veritekglobal.com\/fr\/wp-json\/wp\/v2\/pages\/23"}],"wp:attachment":[{"href":"https:\/\/veritekglobal.com\/fr\/wp-json\/wp\/v2\/media?parent=2048"}],"curies":[{"name":"wp","href":"https:\/\/api.w.org\/{rel}","templated":true}]}}