{"id":1953,"date":"2020-03-10T14:24:52","date_gmt":"2020-03-10T14:24:52","guid":{"rendered":"https:\/\/veritek.makeaspectacle.co.uk\/?page_id=1953"},"modified":"2021-11-11T10:03:25","modified_gmt":"2021-11-11T10:03:25","slug":"working-at-veritek","status":"publish","type":"page","link":"https:\/\/veritekglobal.com\/fr\/veritek-careers\/working-at-veritek\/","title":{"rendered":"Travailler chez Veritek"},"content":{"rendered":"","protected":false},"excerpt":{"rendered":"","protected":false},"author":32,"featured_media":0,"parent":25,"menu_order":13,"comment_status":"closed","ping_status":"closed","template":"page-working-here.php","meta":{"footnotes":""},"yoast_head":"<!-- This site is optimized with the Yoast SEO plugin v21.2 - https:\/\/yoast.com\/wordpress\/plugins\/seo\/ -->\n<title>Travailler chez Veritek | Notre personnel | Veritek<\/title>\n<meta name=\"description\" content=\"Veritek est passionn\u00e9 par le d\u00e9veloppement d&#039;une \u00e9quipe hautement sp\u00e9cialis\u00e9e et qualifi\u00e9e dans un environnement de travail inclusif, solidaire et passionnant. En savoir plus!\" \/>\n<meta name=\"robots\" content=\"index, follow, max-snippet:-1, max-image-preview:large, max-video-preview:-1\" \/>\n<link rel=\"canonical\" href=\"https:\/\/veritekglobal.com\/fr\/veritek-careers\/working-at-veritek\/\" \/>\n<meta property=\"og:locale\" content=\"fr_FR\" \/>\n<meta property=\"og:type\" content=\"article\" \/>\n<meta property=\"og:title\" content=\"Travailler chez Veritek | Notre personnel | Veritek\" \/>\n<meta property=\"og:description\" content=\"Veritek est passionn\u00e9 par le d\u00e9veloppement d&#039;une \u00e9quipe hautement sp\u00e9cialis\u00e9e et qualifi\u00e9e dans un environnement de travail inclusif, solidaire et passionnant. En savoir plus!\" \/>\n<meta property=\"og:url\" content=\"https:\/\/veritekglobal.com\/fr\/veritek-careers\/working-at-veritek\/\" \/>\n<meta property=\"og:site_name\" content=\"Veritek France\" \/>\n<meta property=\"article:modified_time\" content=\"2021-11-11T10:03:25+00:00\" \/>\n<meta name=\"twitter:card\" content=\"summary_large_image\" \/>\n<script type=\"application\/ld+json\" class=\"yoast-schema-graph\">{\"@context\":\"https:\/\/schema.org\",\"@graph\":[{\"@type\":\"WebPage\",\"@id\":\"https:\/\/veritekglobal.com\/fr\/veritek-careers\/working-at-veritek\/\",\"url\":\"https:\/\/veritekglobal.com\/fr\/veritek-careers\/working-at-veritek\/\",\"name\":\"Travailler chez Veritek | Notre personnel | Veritek\",\"isPartOf\":{\"@id\":\"https:\/\/veritekglobal.com\/fr\/#website\"},\"datePublished\":\"2020-03-10T14:24:52+00:00\",\"dateModified\":\"2021-11-11T10:03:25+00:00\",\"description\":\"Veritek est passionn\u00e9 par le d\u00e9veloppement d'une \u00e9quipe hautement sp\u00e9cialis\u00e9e et qualifi\u00e9e dans un environnement de travail inclusif, solidaire et passionnant. En savoir plus!\",\"breadcrumb\":{\"@id\":\"https:\/\/veritekglobal.com\/fr\/veritek-careers\/working-at-veritek\/#breadcrumb\"},\"inLanguage\":\"fr-FR\",\"potentialAction\":[{\"@type\":\"ReadAction\",\"target\":[\"https:\/\/veritekglobal.com\/fr\/veritek-careers\/working-at-veritek\/\"]}]},{\"@type\":\"BreadcrumbList\",\"@id\":\"https:\/\/veritekglobal.com\/fr\/veritek-careers\/working-at-veritek\/#breadcrumb\",\"itemListElement\":[{\"@type\":\"ListItem\",\"position\":1,\"name\":\"Home\",\"item\":\"https:\/\/veritekglobal.com\/fr\/\"},{\"@type\":\"ListItem\",\"position\":2,\"name\":\"Carri\u00e8res\",\"item\":\"https:\/\/veritekglobal.com\/fr\/veritek-careers\/\"},{\"@type\":\"ListItem\",\"position\":3,\"name\":\"Travailler chez Veritek\"}]},{\"@type\":\"WebSite\",\"@id\":\"https:\/\/veritekglobal.com\/fr\/#website\",\"url\":\"https:\/\/veritekglobal.com\/fr\/\",\"name\":\"Veritek France\",\"description\":\"Photo Imaging, Print and Graphics, Healthcare and Optical, and Digital Cinema.\",\"publisher\":{\"@id\":\"https:\/\/veritekglobal.com\/fr\/#organization\"},\"potentialAction\":[{\"@type\":\"SearchAction\",\"target\":{\"@type\":\"EntryPoint\",\"urlTemplate\":\"https:\/\/veritekglobal.com\/fr\/?s={search_term_string}\"},\"query-input\":\"required name=search_term_string\"}],\"inLanguage\":\"fr-FR\"},{\"@type\":\"Organization\",\"@id\":\"https:\/\/veritekglobal.com\/fr\/#organization\",\"name\":\"Veritek\",\"url\":\"https:\/\/veritekglobal.com\/fr\/\",\"logo\":{\"@type\":\"ImageObject\",\"inLanguage\":\"fr-FR\",\"@id\":\"https:\/\/veritekglobal.com\/fr\/#\/schema\/logo\/image\/\",\"url\":\"https:\/\/veritekglobal.com\/fr\/wp-content\/uploads\/sites\/6\/2020\/03\/Logo.svg\",\"contentUrl\":\"https:\/\/veritekglobal.com\/fr\/wp-content\/uploads\/sites\/6\/2020\/03\/Logo.svg\",\"width\":339,\"height\":144,\"caption\":\"Veritek\"},\"image\":{\"@id\":\"https:\/\/veritekglobal.com\/fr\/#\/schema\/logo\/image\/\"}}]}<\/script>\n<!-- \/ Yoast SEO plugin. -->","yoast_head_json":{"title":"Travailler chez Veritek | Notre personnel | Veritek","description":"Veritek est passionn\u00e9 par le d\u00e9veloppement d'une \u00e9quipe hautement sp\u00e9cialis\u00e9e et qualifi\u00e9e dans un environnement de travail inclusif, solidaire et passionnant. En savoir plus!","robots":{"index":"index","follow":"follow","max-snippet":"max-snippet:-1","max-image-preview":"max-image-preview:large","max-video-preview":"max-video-preview:-1"},"canonical":"https:\/\/veritekglobal.com\/fr\/veritek-careers\/working-at-veritek\/","og_locale":"fr_FR","og_type":"article","og_title":"Travailler chez Veritek | Notre personnel | Veritek","og_description":"Veritek est passionn\u00e9 par le d\u00e9veloppement d'une \u00e9quipe hautement sp\u00e9cialis\u00e9e et qualifi\u00e9e dans un environnement de travail inclusif, solidaire et passionnant. En savoir plus!","og_url":"https:\/\/veritekglobal.com\/fr\/veritek-careers\/working-at-veritek\/","og_site_name":"Veritek France","article_modified_time":"2021-11-11T10:03:25+00:00","twitter_card":"summary_large_image","schema":{"@context":"https:\/\/schema.org","@graph":[{"@type":"WebPage","@id":"https:\/\/veritekglobal.com\/fr\/veritek-careers\/working-at-veritek\/","url":"https:\/\/veritekglobal.com\/fr\/veritek-careers\/working-at-veritek\/","name":"Travailler chez Veritek | Notre personnel | Veritek","isPartOf":{"@id":"https:\/\/veritekglobal.com\/fr\/#website"},"datePublished":"2020-03-10T14:24:52+00:00","dateModified":"2021-11-11T10:03:25+00:00","description":"Veritek est passionn\u00e9 par le d\u00e9veloppement d'une \u00e9quipe hautement sp\u00e9cialis\u00e9e et qualifi\u00e9e dans un environnement de travail inclusif, solidaire et passionnant. En savoir plus!","breadcrumb":{"@id":"https:\/\/veritekglobal.com\/fr\/veritek-careers\/working-at-veritek\/#breadcrumb"},"inLanguage":"fr-FR","potentialAction":[{"@type":"ReadAction","target":["https:\/\/veritekglobal.com\/fr\/veritek-careers\/working-at-veritek\/"]}]},{"@type":"BreadcrumbList","@id":"https:\/\/veritekglobal.com\/fr\/veritek-careers\/working-at-veritek\/#breadcrumb","itemListElement":[{"@type":"ListItem","position":1,"name":"Home","item":"https:\/\/veritekglobal.com\/fr\/"},{"@type":"ListItem","position":2,"name":"Carri\u00e8res","item":"https:\/\/veritekglobal.com\/fr\/veritek-careers\/"},{"@type":"ListItem","position":3,"name":"Travailler chez Veritek"}]},{"@type":"WebSite","@id":"https:\/\/veritekglobal.com\/fr\/#website","url":"https:\/\/veritekglobal.com\/fr\/","name":"Veritek France","description":"Photo Imaging, Print and Graphics, Healthcare and Optical, and Digital Cinema.","publisher":{"@id":"https:\/\/veritekglobal.com\/fr\/#organization"},"potentialAction":[{"@type":"SearchAction","target":{"@type":"EntryPoint","urlTemplate":"https:\/\/veritekglobal.com\/fr\/?s={search_term_string}"},"query-input":"required name=search_term_string"}],"inLanguage":"fr-FR"},{"@type":"Organization","@id":"https:\/\/veritekglobal.com\/fr\/#organization","name":"Veritek","url":"https:\/\/veritekglobal.com\/fr\/","logo":{"@type":"ImageObject","inLanguage":"fr-FR","@id":"https:\/\/veritekglobal.com\/fr\/#\/schema\/logo\/image\/","url":"https:\/\/veritekglobal.com\/fr\/wp-content\/uploads\/sites\/6\/2020\/03\/Logo.svg","contentUrl":"https:\/\/veritekglobal.com\/fr\/wp-content\/uploads\/sites\/6\/2020\/03\/Logo.svg","width":339,"height":144,"caption":"Veritek"},"image":{"@id":"https:\/\/veritekglobal.com\/fr\/#\/schema\/logo\/image\/"}}]}},"_links":{"self":[{"href":"https:\/\/veritekglobal.com\/fr\/wp-json\/wp\/v2\/pages\/1953"}],"collection":[{"href":"https:\/\/veritekglobal.com\/fr\/wp-json\/wp\/v2\/pages"}],"about":[{"href":"https:\/\/veritekglobal.com\/fr\/wp-json\/wp\/v2\/types\/page"}],"author":[{"embeddable":true,"href":"https:\/\/veritekglobal.com\/fr\/wp-json\/wp\/v2\/users\/32"}],"replies":[{"embeddable":true,"href":"https:\/\/veritekglobal.com\/fr\/wp-json\/wp\/v2\/comments?post=1953"}],"version-history":[{"count":5,"href":"https:\/\/veritekglobal.com\/fr\/wp-json\/wp\/v2\/pages\/1953\/revisions"}],"predecessor-version":[{"id":3250,"href":"https:\/\/veritekglobal.com\/fr\/wp-json\/wp\/v2\/pages\/1953\/revisions\/3250"}],"up":[{"embeddable":true,"href":"https:\/\/veritekglobal.com\/fr\/wp-json\/wp\/v2\/pages\/25"}],"wp:attachment":[{"href":"https:\/\/veritekglobal.com\/fr\/wp-json\/wp\/v2\/media?parent=1953"}],"curies":[{"name":"wp","href":"https:\/\/api.w.org\/{rel}","templated":true}]}}