{"id":1950,"date":"2020-03-10T14:24:12","date_gmt":"2020-03-10T14:24:12","guid":{"rendered":"https:\/\/veritek.makeaspectacle.co.uk\/?page_id=1950"},"modified":"2020-12-15T12:27:14","modified_gmt":"2020-12-15T12:27:14","slug":"our-history","status":"publish","type":"page","link":"https:\/\/veritekglobal.com\/fr\/about-us\/our-history\/","title":{"rendered":"La fiert\u00e9 de Veritek puise ses racines dans son Histoire"},"content":{"rendered":"<p>&nbsp;<\/p>\n<p>&nbsp;<\/p>\n","protected":false},"excerpt":{"rendered":"<p>&nbsp; &nbsp;<\/p>\n","protected":false},"author":32,"featured_media":0,"parent":19,"menu_order":28,"comment_status":"closed","ping_status":"closed","template":"page-history.php","meta":{"footnotes":""},"yoast_head":"<!-- This site is optimized with the Yoast SEO plugin v21.2 - https:\/\/yoast.com\/wordpress\/plugins\/seo\/ -->\n<title>Notre histoire | Plus de 35 ans de service et d&#039;assistance sup\u00e9rieurs | Veritek<\/title>\n<meta name=\"description\" content=\"En 1985, Veritek a commenc\u00e9 \u00e0 fournir \u00e0 ses clients une expertise technique r\u00e9volutionnaire gr\u00e2ce \u00e0 des connaissances techniques sp\u00e9cialis\u00e9es. Cliquez pour lire notre histoire.\" \/>\n<meta name=\"robots\" content=\"index, follow, max-snippet:-1, max-image-preview:large, max-video-preview:-1\" \/>\n<link rel=\"canonical\" href=\"https:\/\/veritekglobal.com\/fr\/about-us\/our-history\/\" \/>\n<meta property=\"og:locale\" content=\"fr_FR\" \/>\n<meta property=\"og:type\" content=\"article\" \/>\n<meta property=\"og:title\" content=\"Notre histoire | Plus de 35 ans de service et d&#039;assistance sup\u00e9rieurs | Veritek\" \/>\n<meta property=\"og:description\" content=\"En 1985, Veritek a commenc\u00e9 \u00e0 fournir \u00e0 ses clients une expertise technique r\u00e9volutionnaire gr\u00e2ce \u00e0 des connaissances techniques sp\u00e9cialis\u00e9es. Cliquez pour lire notre histoire.\" \/>\n<meta property=\"og:url\" content=\"https:\/\/veritekglobal.com\/fr\/about-us\/our-history\/\" \/>\n<meta property=\"og:site_name\" content=\"Veritek France\" \/>\n<meta property=\"article:modified_time\" content=\"2020-12-15T12:27:14+00:00\" \/>\n<meta name=\"twitter:card\" content=\"summary_large_image\" \/>\n<script type=\"application\/ld+json\" class=\"yoast-schema-graph\">{\"@context\":\"https:\/\/schema.org\",\"@graph\":[{\"@type\":\"WebPage\",\"@id\":\"https:\/\/veritekglobal.com\/fr\/about-us\/our-history\/\",\"url\":\"https:\/\/veritekglobal.com\/fr\/about-us\/our-history\/\",\"name\":\"Notre histoire | Plus de 35 ans de service et d'assistance sup\u00e9rieurs | Veritek\",\"isPartOf\":{\"@id\":\"https:\/\/veritekglobal.com\/fr\/#website\"},\"datePublished\":\"2020-03-10T14:24:12+00:00\",\"dateModified\":\"2020-12-15T12:27:14+00:00\",\"description\":\"En 1985, Veritek a commenc\u00e9 \u00e0 fournir \u00e0 ses clients une expertise technique r\u00e9volutionnaire gr\u00e2ce \u00e0 des connaissances techniques sp\u00e9cialis\u00e9es. Cliquez pour lire notre histoire.\",\"breadcrumb\":{\"@id\":\"https:\/\/veritekglobal.com\/fr\/about-us\/our-history\/#breadcrumb\"},\"inLanguage\":\"fr-FR\",\"potentialAction\":[{\"@type\":\"ReadAction\",\"target\":[\"https:\/\/veritekglobal.com\/fr\/about-us\/our-history\/\"]}]},{\"@type\":\"BreadcrumbList\",\"@id\":\"https:\/\/veritekglobal.com\/fr\/about-us\/our-history\/#breadcrumb\",\"itemListElement\":[{\"@type\":\"ListItem\",\"position\":1,\"name\":\"Home\",\"item\":\"https:\/\/veritekglobal.com\/fr\/\"},{\"@type\":\"ListItem\",\"position\":2,\"name\":\"A notre sujet\",\"item\":\"https:\/\/veritekglobal.com\/fr\/about-us\/\"},{\"@type\":\"ListItem\",\"position\":3,\"name\":\"La fiert\u00e9 de Veritek puise ses racines dans son Histoire\"}]},{\"@type\":\"WebSite\",\"@id\":\"https:\/\/veritekglobal.com\/fr\/#website\",\"url\":\"https:\/\/veritekglobal.com\/fr\/\",\"name\":\"Veritek France\",\"description\":\"Photo Imaging, Print and Graphics, Healthcare and Optical, and Digital Cinema.\",\"publisher\":{\"@id\":\"https:\/\/veritekglobal.com\/fr\/#organization\"},\"potentialAction\":[{\"@type\":\"SearchAction\",\"target\":{\"@type\":\"EntryPoint\",\"urlTemplate\":\"https:\/\/veritekglobal.com\/fr\/?s={search_term_string}\"},\"query-input\":\"required name=search_term_string\"}],\"inLanguage\":\"fr-FR\"},{\"@type\":\"Organization\",\"@id\":\"https:\/\/veritekglobal.com\/fr\/#organization\",\"name\":\"Veritek\",\"url\":\"https:\/\/veritekglobal.com\/fr\/\",\"logo\":{\"@type\":\"ImageObject\",\"inLanguage\":\"fr-FR\",\"@id\":\"https:\/\/veritekglobal.com\/fr\/#\/schema\/logo\/image\/\",\"url\":\"https:\/\/veritekglobal.com\/fr\/wp-content\/uploads\/sites\/6\/2020\/03\/Logo.svg\",\"contentUrl\":\"https:\/\/veritekglobal.com\/fr\/wp-content\/uploads\/sites\/6\/2020\/03\/Logo.svg\",\"width\":339,\"height\":144,\"caption\":\"Veritek\"},\"image\":{\"@id\":\"https:\/\/veritekglobal.com\/fr\/#\/schema\/logo\/image\/\"}}]}<\/script>\n<!-- \/ Yoast SEO plugin. -->","yoast_head_json":{"title":"Notre histoire | Plus de 35 ans de service et d'assistance sup\u00e9rieurs | Veritek","description":"En 1985, Veritek a commenc\u00e9 \u00e0 fournir \u00e0 ses clients une expertise technique r\u00e9volutionnaire gr\u00e2ce \u00e0 des connaissances techniques sp\u00e9cialis\u00e9es. Cliquez pour lire notre histoire.","robots":{"index":"index","follow":"follow","max-snippet":"max-snippet:-1","max-image-preview":"max-image-preview:large","max-video-preview":"max-video-preview:-1"},"canonical":"https:\/\/veritekglobal.com\/fr\/about-us\/our-history\/","og_locale":"fr_FR","og_type":"article","og_title":"Notre histoire | Plus de 35 ans de service et d'assistance sup\u00e9rieurs | Veritek","og_description":"En 1985, Veritek a commenc\u00e9 \u00e0 fournir \u00e0 ses clients une expertise technique r\u00e9volutionnaire gr\u00e2ce \u00e0 des connaissances techniques sp\u00e9cialis\u00e9es. Cliquez pour lire notre histoire.","og_url":"https:\/\/veritekglobal.com\/fr\/about-us\/our-history\/","og_site_name":"Veritek France","article_modified_time":"2020-12-15T12:27:14+00:00","twitter_card":"summary_large_image","schema":{"@context":"https:\/\/schema.org","@graph":[{"@type":"WebPage","@id":"https:\/\/veritekglobal.com\/fr\/about-us\/our-history\/","url":"https:\/\/veritekglobal.com\/fr\/about-us\/our-history\/","name":"Notre histoire | Plus de 35 ans de service et d'assistance sup\u00e9rieurs | Veritek","isPartOf":{"@id":"https:\/\/veritekglobal.com\/fr\/#website"},"datePublished":"2020-03-10T14:24:12+00:00","dateModified":"2020-12-15T12:27:14+00:00","description":"En 1985, Veritek a commenc\u00e9 \u00e0 fournir \u00e0 ses clients une expertise technique r\u00e9volutionnaire gr\u00e2ce \u00e0 des connaissances techniques sp\u00e9cialis\u00e9es. Cliquez pour lire notre histoire.","breadcrumb":{"@id":"https:\/\/veritekglobal.com\/fr\/about-us\/our-history\/#breadcrumb"},"inLanguage":"fr-FR","potentialAction":[{"@type":"ReadAction","target":["https:\/\/veritekglobal.com\/fr\/about-us\/our-history\/"]}]},{"@type":"BreadcrumbList","@id":"https:\/\/veritekglobal.com\/fr\/about-us\/our-history\/#breadcrumb","itemListElement":[{"@type":"ListItem","position":1,"name":"Home","item":"https:\/\/veritekglobal.com\/fr\/"},{"@type":"ListItem","position":2,"name":"A notre sujet","item":"https:\/\/veritekglobal.com\/fr\/about-us\/"},{"@type":"ListItem","position":3,"name":"La fiert\u00e9 de Veritek puise ses racines dans son Histoire"}]},{"@type":"WebSite","@id":"https:\/\/veritekglobal.com\/fr\/#website","url":"https:\/\/veritekglobal.com\/fr\/","name":"Veritek France","description":"Photo Imaging, Print and Graphics, Healthcare and Optical, and Digital Cinema.","publisher":{"@id":"https:\/\/veritekglobal.com\/fr\/#organization"},"potentialAction":[{"@type":"SearchAction","target":{"@type":"EntryPoint","urlTemplate":"https:\/\/veritekglobal.com\/fr\/?s={search_term_string}"},"query-input":"required name=search_term_string"}],"inLanguage":"fr-FR"},{"@type":"Organization","@id":"https:\/\/veritekglobal.com\/fr\/#organization","name":"Veritek","url":"https:\/\/veritekglobal.com\/fr\/","logo":{"@type":"ImageObject","inLanguage":"fr-FR","@id":"https:\/\/veritekglobal.com\/fr\/#\/schema\/logo\/image\/","url":"https:\/\/veritekglobal.com\/fr\/wp-content\/uploads\/sites\/6\/2020\/03\/Logo.svg","contentUrl":"https:\/\/veritekglobal.com\/fr\/wp-content\/uploads\/sites\/6\/2020\/03\/Logo.svg","width":339,"height":144,"caption":"Veritek"},"image":{"@id":"https:\/\/veritekglobal.com\/fr\/#\/schema\/logo\/image\/"}}]}},"_links":{"self":[{"href":"https:\/\/veritekglobal.com\/fr\/wp-json\/wp\/v2\/pages\/1950"}],"collection":[{"href":"https:\/\/veritekglobal.com\/fr\/wp-json\/wp\/v2\/pages"}],"about":[{"href":"https:\/\/veritekglobal.com\/fr\/wp-json\/wp\/v2\/types\/page"}],"author":[{"embeddable":true,"href":"https:\/\/veritekglobal.com\/fr\/wp-json\/wp\/v2\/users\/32"}],"replies":[{"embeddable":true,"href":"https:\/\/veritekglobal.com\/fr\/wp-json\/wp\/v2\/comments?post=1950"}],"version-history":[{"count":4,"href":"https:\/\/veritekglobal.com\/fr\/wp-json\/wp\/v2\/pages\/1950\/revisions"}],"predecessor-version":[{"id":3200,"href":"https:\/\/veritekglobal.com\/fr\/wp-json\/wp\/v2\/pages\/1950\/revisions\/3200"}],"up":[{"embeddable":true,"href":"https:\/\/veritekglobal.com\/fr\/wp-json\/wp\/v2\/pages\/19"}],"wp:attachment":[{"href":"https:\/\/veritekglobal.com\/fr\/wp-json\/wp\/v2\/media?parent=1950"}],"curies":[{"name":"wp","href":"https:\/\/api.w.org\/{rel}","templated":true}]}}