{"id":128,"date":"2015-10-20T10:34:25","date_gmt":"2015-10-20T09:34:25","guid":{"rendered":"http:\/\/veritek.local\/?page_id=128"},"modified":"2020-12-15T12:26:36","modified_gmt":"2020-12-15T12:26:36","slug":"helpdesk-outsourcing","status":"publish","type":"page","link":"https:\/\/veritekglobal.com\/fr\/services\/helpdesk-outsourcing\/","title":{"rendered":"Un service d&#8217;assistance"},"content":{"rendered":"<p>&nbsp;<\/p>\n<p>&nbsp;<\/p>\n","protected":false},"excerpt":{"rendered":"<p>La ligne d\u2019assistance technique internationale de Veritek peut fonctionner 24h sur 24 et 7j sur 7. Nos sp\u00e9cialistes multilingues ont un acc\u00e8s instantan\u00e9 \u00e0 vos SLA (Accords de Service) et peuvent vous faire b\u00e9n\u00e9ficier d\u00b4une assistance imm\u00e9diate pour que vos technologies complexes soient r\u00e9par\u00e9es dans les plus brefs d\u00e9lais.<\/p>\n","protected":false},"author":32,"featured_media":698,"parent":21,"menu_order":25,"comment_status":"closed","ping_status":"closed","template":"page-service-type.php","meta":{"footnotes":""},"yoast_head":"<!-- This site is optimized with the Yoast SEO plugin v21.2 - https:\/\/yoast.com\/wordpress\/plugins\/seo\/ -->\n<title>NOC (Service Support R\u00e9seau) Outsourcing et Support Multilingue | Veritek<\/title>\n<meta name=\"description\" content=\"Soutenez votre entreprise avec des lignes d&#039;appel et un service d&#039;assistance 24\/7. Les centres d&#039;exploitation r\u00e9seau de Veritek offrent une assistance sp\u00e9cialis\u00e9e aux fabricants et aux utilisateurs finaux. Cliquez maintenant!\" \/>\n<meta name=\"robots\" content=\"index, follow, max-snippet:-1, max-image-preview:large, max-video-preview:-1\" \/>\n<link rel=\"canonical\" href=\"https:\/\/veritekglobal.com\/fr\/services\/helpdesk-outsourcing\/\" \/>\n<meta property=\"og:locale\" content=\"fr_FR\" \/>\n<meta property=\"og:type\" content=\"article\" \/>\n<meta property=\"og:title\" content=\"NOC (Service Support R\u00e9seau) Outsourcing et Support Multilingue | Veritek\" \/>\n<meta property=\"og:description\" content=\"Soutenez votre entreprise avec des lignes d&#039;appel et un service d&#039;assistance 24\/7. Les centres d&#039;exploitation r\u00e9seau de Veritek offrent une assistance sp\u00e9cialis\u00e9e aux fabricants et aux utilisateurs finaux. Cliquez maintenant!\" \/>\n<meta property=\"og:url\" content=\"https:\/\/veritekglobal.com\/fr\/services\/helpdesk-outsourcing\/\" \/>\n<meta property=\"og:site_name\" content=\"Veritek France\" \/>\n<meta property=\"article:modified_time\" content=\"2020-12-15T12:26:36+00:00\" \/>\n<meta property=\"og:image\" content=\"https:\/\/veritekglobal.com\/fr\/wp-content\/uploads\/sites\/6\/2015\/10\/maintenance.png\" \/>\n\t<meta property=\"og:image:width\" content=\"600\" \/>\n\t<meta property=\"og:image:height\" content=\"600\" \/>\n\t<meta property=\"og:image:type\" content=\"image\/png\" \/>\n<meta name=\"twitter:card\" content=\"summary_large_image\" \/>\n<script type=\"application\/ld+json\" class=\"yoast-schema-graph\">{\"@context\":\"https:\/\/schema.org\",\"@graph\":[{\"@type\":\"WebPage\",\"@id\":\"https:\/\/veritekglobal.com\/fr\/services\/helpdesk-outsourcing\/\",\"url\":\"https:\/\/veritekglobal.com\/fr\/services\/helpdesk-outsourcing\/\",\"name\":\"NOC (Service Support R\u00e9seau) Outsourcing et Support Multilingue | Veritek\",\"isPartOf\":{\"@id\":\"https:\/\/veritekglobal.com\/fr\/#website\"},\"datePublished\":\"2015-10-20T09:34:25+00:00\",\"dateModified\":\"2020-12-15T12:26:36+00:00\",\"description\":\"Soutenez votre entreprise avec des lignes d'appel et un service d'assistance 24\/7. Les centres d'exploitation r\u00e9seau de Veritek offrent une assistance sp\u00e9cialis\u00e9e aux fabricants et aux utilisateurs finaux. Cliquez maintenant!\",\"breadcrumb\":{\"@id\":\"https:\/\/veritekglobal.com\/fr\/services\/helpdesk-outsourcing\/#breadcrumb\"},\"inLanguage\":\"fr-FR\",\"potentialAction\":[{\"@type\":\"ReadAction\",\"target\":[\"https:\/\/veritekglobal.com\/fr\/services\/helpdesk-outsourcing\/\"]}]},{\"@type\":\"BreadcrumbList\",\"@id\":\"https:\/\/veritekglobal.com\/fr\/services\/helpdesk-outsourcing\/#breadcrumb\",\"itemListElement\":[{\"@type\":\"ListItem\",\"position\":1,\"name\":\"Home\",\"item\":\"https:\/\/veritekglobal.com\/fr\/\"},{\"@type\":\"ListItem\",\"position\":2,\"name\":\"Nos services\",\"item\":\"https:\/\/veritekglobal.com\/fr\/services\/\"},{\"@type\":\"ListItem\",\"position\":3,\"name\":\"Un service d&#8217;assistance\"}]},{\"@type\":\"WebSite\",\"@id\":\"https:\/\/veritekglobal.com\/fr\/#website\",\"url\":\"https:\/\/veritekglobal.com\/fr\/\",\"name\":\"Veritek France\",\"description\":\"Photo Imaging, Print and Graphics, Healthcare and Optical, and Digital Cinema.\",\"publisher\":{\"@id\":\"https:\/\/veritekglobal.com\/fr\/#organization\"},\"potentialAction\":[{\"@type\":\"SearchAction\",\"target\":{\"@type\":\"EntryPoint\",\"urlTemplate\":\"https:\/\/veritekglobal.com\/fr\/?s={search_term_string}\"},\"query-input\":\"required name=search_term_string\"}],\"inLanguage\":\"fr-FR\"},{\"@type\":\"Organization\",\"@id\":\"https:\/\/veritekglobal.com\/fr\/#organization\",\"name\":\"Veritek\",\"url\":\"https:\/\/veritekglobal.com\/fr\/\",\"logo\":{\"@type\":\"ImageObject\",\"inLanguage\":\"fr-FR\",\"@id\":\"https:\/\/veritekglobal.com\/fr\/#\/schema\/logo\/image\/\",\"url\":\"https:\/\/veritekglobal.com\/fr\/wp-content\/uploads\/sites\/6\/2020\/03\/Logo.svg\",\"contentUrl\":\"https:\/\/veritekglobal.com\/fr\/wp-content\/uploads\/sites\/6\/2020\/03\/Logo.svg\",\"width\":339,\"height\":144,\"caption\":\"Veritek\"},\"image\":{\"@id\":\"https:\/\/veritekglobal.com\/fr\/#\/schema\/logo\/image\/\"}}]}<\/script>\n<!-- \/ Yoast SEO plugin. -->","yoast_head_json":{"title":"NOC (Service Support R\u00e9seau) Outsourcing et Support Multilingue | Veritek","description":"Soutenez votre entreprise avec des lignes d'appel et un service d'assistance 24\/7. Les centres d'exploitation r\u00e9seau de Veritek offrent une assistance sp\u00e9cialis\u00e9e aux fabricants et aux utilisateurs finaux. Cliquez maintenant!","robots":{"index":"index","follow":"follow","max-snippet":"max-snippet:-1","max-image-preview":"max-image-preview:large","max-video-preview":"max-video-preview:-1"},"canonical":"https:\/\/veritekglobal.com\/fr\/services\/helpdesk-outsourcing\/","og_locale":"fr_FR","og_type":"article","og_title":"NOC (Service Support R\u00e9seau) Outsourcing et Support Multilingue | Veritek","og_description":"Soutenez votre entreprise avec des lignes d'appel et un service d'assistance 24\/7. Les centres d'exploitation r\u00e9seau de Veritek offrent une assistance sp\u00e9cialis\u00e9e aux fabricants et aux utilisateurs finaux. Cliquez maintenant!","og_url":"https:\/\/veritekglobal.com\/fr\/services\/helpdesk-outsourcing\/","og_site_name":"Veritek France","article_modified_time":"2020-12-15T12:26:36+00:00","og_image":[{"width":600,"height":600,"url":"https:\/\/veritekglobal.com\/fr\/wp-content\/uploads\/sites\/6\/2015\/10\/maintenance.png","type":"image\/png"}],"twitter_card":"summary_large_image","schema":{"@context":"https:\/\/schema.org","@graph":[{"@type":"WebPage","@id":"https:\/\/veritekglobal.com\/fr\/services\/helpdesk-outsourcing\/","url":"https:\/\/veritekglobal.com\/fr\/services\/helpdesk-outsourcing\/","name":"NOC (Service Support R\u00e9seau) Outsourcing et Support Multilingue | Veritek","isPartOf":{"@id":"https:\/\/veritekglobal.com\/fr\/#website"},"datePublished":"2015-10-20T09:34:25+00:00","dateModified":"2020-12-15T12:26:36+00:00","description":"Soutenez votre entreprise avec des lignes d'appel et un service d'assistance 24\/7. Les centres d'exploitation r\u00e9seau de Veritek offrent une assistance sp\u00e9cialis\u00e9e aux fabricants et aux utilisateurs finaux. Cliquez maintenant!","breadcrumb":{"@id":"https:\/\/veritekglobal.com\/fr\/services\/helpdesk-outsourcing\/#breadcrumb"},"inLanguage":"fr-FR","potentialAction":[{"@type":"ReadAction","target":["https:\/\/veritekglobal.com\/fr\/services\/helpdesk-outsourcing\/"]}]},{"@type":"BreadcrumbList","@id":"https:\/\/veritekglobal.com\/fr\/services\/helpdesk-outsourcing\/#breadcrumb","itemListElement":[{"@type":"ListItem","position":1,"name":"Home","item":"https:\/\/veritekglobal.com\/fr\/"},{"@type":"ListItem","position":2,"name":"Nos services","item":"https:\/\/veritekglobal.com\/fr\/services\/"},{"@type":"ListItem","position":3,"name":"Un service d&#8217;assistance"}]},{"@type":"WebSite","@id":"https:\/\/veritekglobal.com\/fr\/#website","url":"https:\/\/veritekglobal.com\/fr\/","name":"Veritek France","description":"Photo Imaging, Print and Graphics, Healthcare and Optical, and Digital Cinema.","publisher":{"@id":"https:\/\/veritekglobal.com\/fr\/#organization"},"potentialAction":[{"@type":"SearchAction","target":{"@type":"EntryPoint","urlTemplate":"https:\/\/veritekglobal.com\/fr\/?s={search_term_string}"},"query-input":"required name=search_term_string"}],"inLanguage":"fr-FR"},{"@type":"Organization","@id":"https:\/\/veritekglobal.com\/fr\/#organization","name":"Veritek","url":"https:\/\/veritekglobal.com\/fr\/","logo":{"@type":"ImageObject","inLanguage":"fr-FR","@id":"https:\/\/veritekglobal.com\/fr\/#\/schema\/logo\/image\/","url":"https:\/\/veritekglobal.com\/fr\/wp-content\/uploads\/sites\/6\/2020\/03\/Logo.svg","contentUrl":"https:\/\/veritekglobal.com\/fr\/wp-content\/uploads\/sites\/6\/2020\/03\/Logo.svg","width":339,"height":144,"caption":"Veritek"},"image":{"@id":"https:\/\/veritekglobal.com\/fr\/#\/schema\/logo\/image\/"}}]}},"_links":{"self":[{"href":"https:\/\/veritekglobal.com\/fr\/wp-json\/wp\/v2\/pages\/128"}],"collection":[{"href":"https:\/\/veritekglobal.com\/fr\/wp-json\/wp\/v2\/pages"}],"about":[{"href":"https:\/\/veritekglobal.com\/fr\/wp-json\/wp\/v2\/types\/page"}],"author":[{"embeddable":true,"href":"https:\/\/veritekglobal.com\/fr\/wp-json\/wp\/v2\/users\/32"}],"replies":[{"embeddable":true,"href":"https:\/\/veritekglobal.com\/fr\/wp-json\/wp\/v2\/comments?post=128"}],"version-history":[{"count":6,"href":"https:\/\/veritekglobal.com\/fr\/wp-json\/wp\/v2\/pages\/128\/revisions"}],"predecessor-version":[{"id":3204,"href":"https:\/\/veritekglobal.com\/fr\/wp-json\/wp\/v2\/pages\/128\/revisions\/3204"}],"up":[{"embeddable":true,"href":"https:\/\/veritekglobal.com\/fr\/wp-json\/wp\/v2\/pages\/21"}],"wp:featuredmedia":[{"embeddable":true,"href":"https:\/\/veritekglobal.com\/fr\/wp-json\/wp\/v2\/media\/698"}],"wp:attachment":[{"href":"https:\/\/veritekglobal.com\/fr\/wp-json\/wp\/v2\/media?parent=128"}],"curies":[{"name":"wp","href":"https:\/\/api.w.org\/{rel}","templated":true}]}}