{"id":122,"date":"2015-10-20T10:30:35","date_gmt":"2015-10-20T09:30:35","guid":{"rendered":"http:\/\/veritek.local\/?page_id=122"},"modified":"2020-12-15T12:26:21","modified_gmt":"2020-12-15T12:26:21","slug":"field-engineering","status":"publish","type":"page","link":"https:\/\/veritekglobal.com\/fr\/services\/field-engineering\/","title":{"rendered":"Ing\u00e9nierie de terrain"},"content":{"rendered":"<p>&nbsp;<\/p>\n<p>&nbsp;<\/p>\n","protected":false},"excerpt":{"rendered":"<p>En visitant vos sites dans le monde entier, les ing\u00e9nieurs techniques experts de Veritek fournissent un service rapide, professionnel et fiable pour les maintenance pr\u00e9-planifi\u00e9es ou les pannes, ainsi que pour les installations, les mises \u00e0 niveau et les d\u00e9ploiements d&#8217;\u00e9quipements.<\/p>\n","protected":false},"author":32,"featured_media":696,"parent":21,"menu_order":24,"comment_status":"closed","ping_status":"closed","template":"page-service-type.php","meta":{"footnotes":""},"yoast_head":"<!-- This site is optimized with the Yoast SEO plugin v21.2 - https:\/\/yoast.com\/wordpress\/plugins\/seo\/ -->\n<title>Expert en ing\u00e9nierie de terrain | Assistance sur site et \u00e9changes | Veritek<\/title>\n<meta name=\"description\" content=\"Besoin d&#039;une assistance sur site? Les ing\u00e9nieurs de terrain multilingues de Veritek fournissent une assistance, des \u00e9changes et des diagnostics \u00e0 distance rapides pour les technologies complexes. Cliquez maintenant.\" \/>\n<meta name=\"robots\" content=\"index, follow, max-snippet:-1, max-image-preview:large, max-video-preview:-1\" \/>\n<link rel=\"canonical\" href=\"https:\/\/veritekglobal.com\/fr\/services\/field-engineering\/\" \/>\n<meta property=\"og:locale\" content=\"fr_FR\" \/>\n<meta property=\"og:type\" content=\"article\" \/>\n<meta property=\"og:title\" content=\"Expert en ing\u00e9nierie de terrain | Assistance sur site et \u00e9changes | Veritek\" \/>\n<meta property=\"og:description\" content=\"Besoin d&#039;une assistance sur site? Les ing\u00e9nieurs de terrain multilingues de Veritek fournissent une assistance, des \u00e9changes et des diagnostics \u00e0 distance rapides pour les technologies complexes. Cliquez maintenant.\" \/>\n<meta property=\"og:url\" content=\"https:\/\/veritekglobal.com\/fr\/services\/field-engineering\/\" \/>\n<meta property=\"og:site_name\" content=\"Veritek France\" \/>\n<meta property=\"article:modified_time\" content=\"2020-12-15T12:26:21+00:00\" \/>\n<meta property=\"og:image\" content=\"https:\/\/veritekglobal.com\/fr\/wp-content\/uploads\/sites\/6\/2015\/10\/install.png\" \/>\n\t<meta property=\"og:image:width\" content=\"600\" \/>\n\t<meta property=\"og:image:height\" content=\"600\" \/>\n\t<meta property=\"og:image:type\" content=\"image\/png\" \/>\n<meta name=\"twitter:card\" content=\"summary_large_image\" \/>\n<script type=\"application\/ld+json\" class=\"yoast-schema-graph\">{\"@context\":\"https:\/\/schema.org\",\"@graph\":[{\"@type\":\"WebPage\",\"@id\":\"https:\/\/veritekglobal.com\/fr\/services\/field-engineering\/\",\"url\":\"https:\/\/veritekglobal.com\/fr\/services\/field-engineering\/\",\"name\":\"Expert en ing\u00e9nierie de terrain | Assistance sur site et \u00e9changes | Veritek\",\"isPartOf\":{\"@id\":\"https:\/\/veritekglobal.com\/fr\/#website\"},\"datePublished\":\"2015-10-20T09:30:35+00:00\",\"dateModified\":\"2020-12-15T12:26:21+00:00\",\"description\":\"Besoin d'une assistance sur site? Les ing\u00e9nieurs de terrain multilingues de Veritek fournissent une assistance, des \u00e9changes et des diagnostics \u00e0 distance rapides pour les technologies complexes. Cliquez maintenant.\",\"breadcrumb\":{\"@id\":\"https:\/\/veritekglobal.com\/fr\/services\/field-engineering\/#breadcrumb\"},\"inLanguage\":\"fr-FR\",\"potentialAction\":[{\"@type\":\"ReadAction\",\"target\":[\"https:\/\/veritekglobal.com\/fr\/services\/field-engineering\/\"]}]},{\"@type\":\"BreadcrumbList\",\"@id\":\"https:\/\/veritekglobal.com\/fr\/services\/field-engineering\/#breadcrumb\",\"itemListElement\":[{\"@type\":\"ListItem\",\"position\":1,\"name\":\"Home\",\"item\":\"https:\/\/veritekglobal.com\/fr\/\"},{\"@type\":\"ListItem\",\"position\":2,\"name\":\"Nos services\",\"item\":\"https:\/\/veritekglobal.com\/fr\/services\/\"},{\"@type\":\"ListItem\",\"position\":3,\"name\":\"Ing\u00e9nierie de terrain\"}]},{\"@type\":\"WebSite\",\"@id\":\"https:\/\/veritekglobal.com\/fr\/#website\",\"url\":\"https:\/\/veritekglobal.com\/fr\/\",\"name\":\"Veritek France\",\"description\":\"Photo Imaging, Print and Graphics, Healthcare and Optical, and Digital Cinema.\",\"publisher\":{\"@id\":\"https:\/\/veritekglobal.com\/fr\/#organization\"},\"potentialAction\":[{\"@type\":\"SearchAction\",\"target\":{\"@type\":\"EntryPoint\",\"urlTemplate\":\"https:\/\/veritekglobal.com\/fr\/?s={search_term_string}\"},\"query-input\":\"required name=search_term_string\"}],\"inLanguage\":\"fr-FR\"},{\"@type\":\"Organization\",\"@id\":\"https:\/\/veritekglobal.com\/fr\/#organization\",\"name\":\"Veritek\",\"url\":\"https:\/\/veritekglobal.com\/fr\/\",\"logo\":{\"@type\":\"ImageObject\",\"inLanguage\":\"fr-FR\",\"@id\":\"https:\/\/veritekglobal.com\/fr\/#\/schema\/logo\/image\/\",\"url\":\"https:\/\/veritekglobal.com\/fr\/wp-content\/uploads\/sites\/6\/2020\/03\/Logo.svg\",\"contentUrl\":\"https:\/\/veritekglobal.com\/fr\/wp-content\/uploads\/sites\/6\/2020\/03\/Logo.svg\",\"width\":339,\"height\":144,\"caption\":\"Veritek\"},\"image\":{\"@id\":\"https:\/\/veritekglobal.com\/fr\/#\/schema\/logo\/image\/\"}}]}<\/script>\n<!-- \/ Yoast SEO plugin. -->","yoast_head_json":{"title":"Expert en ing\u00e9nierie de terrain | Assistance sur site et \u00e9changes | Veritek","description":"Besoin d'une assistance sur site? Les ing\u00e9nieurs de terrain multilingues de Veritek fournissent une assistance, des \u00e9changes et des diagnostics \u00e0 distance rapides pour les technologies complexes. Cliquez maintenant.","robots":{"index":"index","follow":"follow","max-snippet":"max-snippet:-1","max-image-preview":"max-image-preview:large","max-video-preview":"max-video-preview:-1"},"canonical":"https:\/\/veritekglobal.com\/fr\/services\/field-engineering\/","og_locale":"fr_FR","og_type":"article","og_title":"Expert en ing\u00e9nierie de terrain | Assistance sur site et \u00e9changes | Veritek","og_description":"Besoin d'une assistance sur site? Les ing\u00e9nieurs de terrain multilingues de Veritek fournissent une assistance, des \u00e9changes et des diagnostics \u00e0 distance rapides pour les technologies complexes. Cliquez maintenant.","og_url":"https:\/\/veritekglobal.com\/fr\/services\/field-engineering\/","og_site_name":"Veritek France","article_modified_time":"2020-12-15T12:26:21+00:00","og_image":[{"width":600,"height":600,"url":"https:\/\/veritekglobal.com\/fr\/wp-content\/uploads\/sites\/6\/2015\/10\/install.png","type":"image\/png"}],"twitter_card":"summary_large_image","schema":{"@context":"https:\/\/schema.org","@graph":[{"@type":"WebPage","@id":"https:\/\/veritekglobal.com\/fr\/services\/field-engineering\/","url":"https:\/\/veritekglobal.com\/fr\/services\/field-engineering\/","name":"Expert en ing\u00e9nierie de terrain | Assistance sur site et \u00e9changes | Veritek","isPartOf":{"@id":"https:\/\/veritekglobal.com\/fr\/#website"},"datePublished":"2015-10-20T09:30:35+00:00","dateModified":"2020-12-15T12:26:21+00:00","description":"Besoin d'une assistance sur site? Les ing\u00e9nieurs de terrain multilingues de Veritek fournissent une assistance, des \u00e9changes et des diagnostics \u00e0 distance rapides pour les technologies complexes. Cliquez maintenant.","breadcrumb":{"@id":"https:\/\/veritekglobal.com\/fr\/services\/field-engineering\/#breadcrumb"},"inLanguage":"fr-FR","potentialAction":[{"@type":"ReadAction","target":["https:\/\/veritekglobal.com\/fr\/services\/field-engineering\/"]}]},{"@type":"BreadcrumbList","@id":"https:\/\/veritekglobal.com\/fr\/services\/field-engineering\/#breadcrumb","itemListElement":[{"@type":"ListItem","position":1,"name":"Home","item":"https:\/\/veritekglobal.com\/fr\/"},{"@type":"ListItem","position":2,"name":"Nos services","item":"https:\/\/veritekglobal.com\/fr\/services\/"},{"@type":"ListItem","position":3,"name":"Ing\u00e9nierie de terrain"}]},{"@type":"WebSite","@id":"https:\/\/veritekglobal.com\/fr\/#website","url":"https:\/\/veritekglobal.com\/fr\/","name":"Veritek France","description":"Photo Imaging, Print and Graphics, Healthcare and Optical, and Digital Cinema.","publisher":{"@id":"https:\/\/veritekglobal.com\/fr\/#organization"},"potentialAction":[{"@type":"SearchAction","target":{"@type":"EntryPoint","urlTemplate":"https:\/\/veritekglobal.com\/fr\/?s={search_term_string}"},"query-input":"required name=search_term_string"}],"inLanguage":"fr-FR"},{"@type":"Organization","@id":"https:\/\/veritekglobal.com\/fr\/#organization","name":"Veritek","url":"https:\/\/veritekglobal.com\/fr\/","logo":{"@type":"ImageObject","inLanguage":"fr-FR","@id":"https:\/\/veritekglobal.com\/fr\/#\/schema\/logo\/image\/","url":"https:\/\/veritekglobal.com\/fr\/wp-content\/uploads\/sites\/6\/2020\/03\/Logo.svg","contentUrl":"https:\/\/veritekglobal.com\/fr\/wp-content\/uploads\/sites\/6\/2020\/03\/Logo.svg","width":339,"height":144,"caption":"Veritek"},"image":{"@id":"https:\/\/veritekglobal.com\/fr\/#\/schema\/logo\/image\/"}}]}},"_links":{"self":[{"href":"https:\/\/veritekglobal.com\/fr\/wp-json\/wp\/v2\/pages\/122"}],"collection":[{"href":"https:\/\/veritekglobal.com\/fr\/wp-json\/wp\/v2\/pages"}],"about":[{"href":"https:\/\/veritekglobal.com\/fr\/wp-json\/wp\/v2\/types\/page"}],"author":[{"embeddable":true,"href":"https:\/\/veritekglobal.com\/fr\/wp-json\/wp\/v2\/users\/32"}],"replies":[{"embeddable":true,"href":"https:\/\/veritekglobal.com\/fr\/wp-json\/wp\/v2\/comments?post=122"}],"version-history":[{"count":5,"href":"https:\/\/veritekglobal.com\/fr\/wp-json\/wp\/v2\/pages\/122\/revisions"}],"predecessor-version":[{"id":3205,"href":"https:\/\/veritekglobal.com\/fr\/wp-json\/wp\/v2\/pages\/122\/revisions\/3205"}],"up":[{"embeddable":true,"href":"https:\/\/veritekglobal.com\/fr\/wp-json\/wp\/v2\/pages\/21"}],"wp:featuredmedia":[{"embeddable":true,"href":"https:\/\/veritekglobal.com\/fr\/wp-json\/wp\/v2\/media\/696"}],"wp:attachment":[{"href":"https:\/\/veritekglobal.com\/fr\/wp-json\/wp\/v2\/media?parent=122"}],"curies":[{"name":"wp","href":"https:\/\/api.w.org\/{rel}","templated":true}]}}