{"id":470,"date":"2015-11-23T17:26:31","date_gmt":"2015-11-23T17:26:31","guid":{"rendered":"http:\/\/veritekglobal.com\/?page_id=470"},"modified":"2020-12-15T12:08:29","modified_gmt":"2020-12-15T12:08:29","slug":"site-map","status":"publish","type":"page","link":"https:\/\/veritekglobal.com\/es\/site-map\/","title":{"rendered":"Localizaci\u00f3n en mapa"},"content":{"rendered":"<p><a href=\"https:\/\/veritekglobal.com\/es\/\">Home<\/a><\/p>\n<p><a href=\"https:\/\/veritekglobal.com\/es\/services\/\">Servicios<\/a><\/p>\n<ul>\n<li><a href=\"https:\/\/veritekglobal.com\/es\/services\/field-engineering\/\">Cobertura in situ<\/a><\/li>\n<li><a href=\"https:\/\/veritekglobal.com\/es\/services\/helpdesk-outsourcing\/\">Soporte Remoto<\/a><\/li>\n<li><a href=\"https:\/\/veritekglobal.com\/es\/services\/repairs\/\">Reparaciones<\/a><\/li>\n<\/ul>\n<p><a href=\"https:\/\/veritekglobal.com\/es\/industries\/\">Industrias<\/a><\/p>\n<ul>\n<li><a href=\"https:\/\/veritekglobal.com\/es\/industries\/medical-dental-support\/\">Medica y Dental<\/a><\/li>\n<li><a href=\"https:\/\/veritekglobal.com\/es\/industries\/graphics-printer-support\/\">Impresi\u00f3n Gr\u00e1fica<\/a><\/li>\n<li><a href=\"https:\/\/veritekglobal.com\/es\/industries\/optometry-support\/\">Optometr\u00eda<\/a><\/li>\n<li><a href=\"https:\/\/veritekglobal.com\/es\/industries\/digital-cinema\/\">Cine Digital<\/a><\/li>\n<li><a href=\"https:\/\/veritekglobal.com\/es\/industries\/photo-imaging-support\/\">Foto Imagen<\/a><\/li>\n<li><a href=\"https:\/\/veritekglobal.com\/es\/industries\/your-industry\/\">Tu industria<\/a><\/li>\n<\/ul>\n<p><a href=\"https:\/\/veritekglobal.com\/es\/about-us\/\">Sobre nosotros<\/a><\/p>\n<ul>\n<li><a href=\"https:\/\/veritekglobal.com\/es\/about-us\/our-history\/\">Nuestra evoluci\u00f3n<\/a><\/li>\n<li><a href=\"https:\/\/veritekglobal.com\/es\/about-us\/our-offices\/\">Nuestras oficinas<\/a><\/li>\n<li><a href=\"https:\/\/veritekglobal.com\/es\/about-us\/management-team\/\">Equipo Directivo<\/a><\/li>\n<\/ul>\n<p><a href=\"https:\/\/veritekglobal.com\/es\/resources\/\">Recursos<\/a><\/p>\n<ul>\n<li><a href=\"https:\/\/veritekglobal.com\/es\/resources\/latest-news\/\">Noticias recientes<\/a><\/li>\n<li><a href=\"https:\/\/veritekglobal.com\/es\/resources\/discover-veritek\/\">Descubre Veritek<\/a><\/li>\n<li><a href=\"https:\/\/veritekglobal.com\/es\/resources\/articles\/\">Art\u00edculos<\/a><\/li>\n<li><a href=\"https:\/\/veritekglobal.com\/es\/case-studies\/\">Ejemplos casos reales<\/a><\/li>\n<\/ul>\n<p><a href=\"https:\/\/veritekglobal.com\/es\/veritek-careers\/\">Proyecci\u00f3n Profesional<\/a><\/p>\n<ul>\n<li><a href=\"https:\/\/veritekglobal.com\/es\/veritek-careers\/working-at-veritek\/\">Trabajar en Veritek<\/a><\/li>\n<li><a href=\"https:\/\/veritekglobal.com\/es\/veritek-careers\/available-positions\/\">Puestos disponibles<\/a><\/li>\n<li><a href=\"https:\/\/veritekglobal.com\/es\/veritek-careers\/apply-now\/\">Env\u00edanos tu CV<\/a><\/li>\n<\/ul>\n<p><a href=\"https:\/\/veritekglobal.com\/es\/contact\/\">Contacto<\/a><\/p>\n<p><a href=\"https:\/\/online.veritekglobal.com\/intranet\/\">Portal del Empleado<\/a><\/p>\n<p><a href=\"https:\/\/veritekglobal.com\/es\/veritek-data-privacy-policy\/\">Ley de protecci\u00f3n de datos<\/a><\/p>\n<p><a href=\"https:\/\/veritekglobal.com\/es\/privacy\/\">Privacidad y uso de informaci\u00f3n<\/a><\/p>\n<p><a href=\"https:\/\/veritekglobal.com\/es\/links\/\">Enlaces<\/a><\/p>\n<p>&nbsp;<\/p>\n","protected":false},"excerpt":{"rendered":"<p>Home Servicios Cobertura in situ Soporte Remoto Reparaciones Industrias Medica y Dental Impresi\u00f3n Gr\u00e1fica Optometr\u00eda Cine Digital Foto Imagen Tu industria Sobre nosotros Nuestra evoluci\u00f3n Nuestras oficinas Equipo Directivo Recursos Noticias recientes Descubre Veritek Art\u00edculos Ejemplos casos reales Proyecci\u00f3n Profesional Trabajar en Veritek Puestos disponibles Env\u00edanos tu CV Contacto Portal del Empleado Ley de protecci\u00f3n [&hellip;]<\/p>\n","protected":false},"author":32,"featured_media":0,"parent":0,"menu_order":6,"comment_status":"closed","ping_status":"closed","template":"","meta":{"footnotes":""},"yoast_head":"<!-- This site is optimized with the Yoast SEO plugin v21.2 - https:\/\/yoast.com\/wordpress\/plugins\/seo\/ -->\n<title>Localizaci\u00f3n en mapa | Veritek Spain<\/title>\n<meta name=\"robots\" content=\"index, follow, max-snippet:-1, max-image-preview:large, max-video-preview:-1\" \/>\n<link rel=\"canonical\" href=\"https:\/\/veritekglobal.com\/es\/site-map\/\" \/>\n<meta property=\"og:locale\" content=\"es_ES\" \/>\n<meta property=\"og:type\" content=\"article\" \/>\n<meta property=\"og:title\" content=\"Localizaci\u00f3n en mapa | Veritek Spain\" \/>\n<meta property=\"og:description\" content=\"Home Servicios Cobertura in situ Soporte Remoto Reparaciones Industrias Medica y Dental Impresi\u00f3n Gr\u00e1fica Optometr\u00eda Cine Digital Foto Imagen Tu industria Sobre nosotros Nuestra evoluci\u00f3n Nuestras oficinas Equipo Directivo Recursos Noticias recientes Descubre Veritek Art\u00edculos Ejemplos casos reales Proyecci\u00f3n Profesional Trabajar en Veritek Puestos disponibles Env\u00edanos tu CV Contacto Portal del Empleado Ley de protecci\u00f3n [&hellip;]\" \/>\n<meta property=\"og:url\" content=\"https:\/\/veritekglobal.com\/es\/site-map\/\" \/>\n<meta property=\"og:site_name\" content=\"Veritek Spain\" \/>\n<meta property=\"article:modified_time\" content=\"2020-12-15T12:08:29+00:00\" \/>\n<meta name=\"twitter:card\" content=\"summary_large_image\" \/>\n<script type=\"application\/ld+json\" class=\"yoast-schema-graph\">{\"@context\":\"https:\/\/schema.org\",\"@graph\":[{\"@type\":\"WebPage\",\"@id\":\"https:\/\/veritekglobal.com\/es\/site-map\/\",\"url\":\"https:\/\/veritekglobal.com\/es\/site-map\/\",\"name\":\"Localizaci\u00f3n en mapa | Veritek Spain\",\"isPartOf\":{\"@id\":\"https:\/\/veritekglobal.com\/es\/#website\"},\"datePublished\":\"2015-11-23T17:26:31+00:00\",\"dateModified\":\"2020-12-15T12:08:29+00:00\",\"breadcrumb\":{\"@id\":\"https:\/\/veritekglobal.com\/es\/site-map\/#breadcrumb\"},\"inLanguage\":\"es-ES\",\"potentialAction\":[{\"@type\":\"ReadAction\",\"target\":[\"https:\/\/veritekglobal.com\/es\/site-map\/\"]}]},{\"@type\":\"BreadcrumbList\",\"@id\":\"https:\/\/veritekglobal.com\/es\/site-map\/#breadcrumb\",\"itemListElement\":[{\"@type\":\"ListItem\",\"position\":1,\"name\":\"Home\",\"item\":\"https:\/\/veritekglobal.com\/es\/\"},{\"@type\":\"ListItem\",\"position\":2,\"name\":\"Localizaci\u00f3n en mapa\"}]},{\"@type\":\"WebSite\",\"@id\":\"https:\/\/veritekglobal.com\/es\/#website\",\"url\":\"https:\/\/veritekglobal.com\/es\/\",\"name\":\"Veritek Spain\",\"description\":\"Photo Imaging, Print and Graphics, Healthcare and Optical, and Digital Cinema.\",\"publisher\":{\"@id\":\"https:\/\/veritekglobal.com\/es\/#organization\"},\"potentialAction\":[{\"@type\":\"SearchAction\",\"target\":{\"@type\":\"EntryPoint\",\"urlTemplate\":\"https:\/\/veritekglobal.com\/es\/?s={search_term_string}\"},\"query-input\":\"required name=search_term_string\"}],\"inLanguage\":\"es-ES\"},{\"@type\":\"Organization\",\"@id\":\"https:\/\/veritekglobal.com\/es\/#organization\",\"name\":\"Veritek\",\"url\":\"https:\/\/veritekglobal.com\/es\/\",\"logo\":{\"@type\":\"ImageObject\",\"inLanguage\":\"es-ES\",\"@id\":\"https:\/\/veritekglobal.com\/es\/#\/schema\/logo\/image\/\",\"url\":\"https:\/\/veritekglobal.com\/es\/wp-content\/uploads\/sites\/3\/2020\/03\/Logo.svg\",\"contentUrl\":\"https:\/\/veritekglobal.com\/es\/wp-content\/uploads\/sites\/3\/2020\/03\/Logo.svg\",\"width\":339,\"height\":144,\"caption\":\"Veritek\"},\"image\":{\"@id\":\"https:\/\/veritekglobal.com\/es\/#\/schema\/logo\/image\/\"}}]}<\/script>\n<!-- \/ Yoast SEO plugin. -->","yoast_head_json":{"title":"Localizaci\u00f3n en mapa | Veritek Spain","robots":{"index":"index","follow":"follow","max-snippet":"max-snippet:-1","max-image-preview":"max-image-preview:large","max-video-preview":"max-video-preview:-1"},"canonical":"https:\/\/veritekglobal.com\/es\/site-map\/","og_locale":"es_ES","og_type":"article","og_title":"Localizaci\u00f3n en mapa | Veritek Spain","og_description":"Home Servicios Cobertura in situ Soporte Remoto Reparaciones Industrias Medica y Dental Impresi\u00f3n Gr\u00e1fica Optometr\u00eda Cine Digital Foto Imagen Tu industria Sobre nosotros Nuestra evoluci\u00f3n Nuestras oficinas Equipo Directivo Recursos Noticias recientes Descubre Veritek Art\u00edculos Ejemplos casos reales Proyecci\u00f3n Profesional Trabajar en Veritek Puestos disponibles Env\u00edanos tu CV Contacto Portal del Empleado Ley de protecci\u00f3n [&hellip;]","og_url":"https:\/\/veritekglobal.com\/es\/site-map\/","og_site_name":"Veritek Spain","article_modified_time":"2020-12-15T12:08:29+00:00","twitter_card":"summary_large_image","schema":{"@context":"https:\/\/schema.org","@graph":[{"@type":"WebPage","@id":"https:\/\/veritekglobal.com\/es\/site-map\/","url":"https:\/\/veritekglobal.com\/es\/site-map\/","name":"Localizaci\u00f3n en mapa | Veritek Spain","isPartOf":{"@id":"https:\/\/veritekglobal.com\/es\/#website"},"datePublished":"2015-11-23T17:26:31+00:00","dateModified":"2020-12-15T12:08:29+00:00","breadcrumb":{"@id":"https:\/\/veritekglobal.com\/es\/site-map\/#breadcrumb"},"inLanguage":"es-ES","potentialAction":[{"@type":"ReadAction","target":["https:\/\/veritekglobal.com\/es\/site-map\/"]}]},{"@type":"BreadcrumbList","@id":"https:\/\/veritekglobal.com\/es\/site-map\/#breadcrumb","itemListElement":[{"@type":"ListItem","position":1,"name":"Home","item":"https:\/\/veritekglobal.com\/es\/"},{"@type":"ListItem","position":2,"name":"Localizaci\u00f3n en mapa"}]},{"@type":"WebSite","@id":"https:\/\/veritekglobal.com\/es\/#website","url":"https:\/\/veritekglobal.com\/es\/","name":"Veritek Spain","description":"Photo Imaging, Print and Graphics, Healthcare and Optical, and Digital Cinema.","publisher":{"@id":"https:\/\/veritekglobal.com\/es\/#organization"},"potentialAction":[{"@type":"SearchAction","target":{"@type":"EntryPoint","urlTemplate":"https:\/\/veritekglobal.com\/es\/?s={search_term_string}"},"query-input":"required name=search_term_string"}],"inLanguage":"es-ES"},{"@type":"Organization","@id":"https:\/\/veritekglobal.com\/es\/#organization","name":"Veritek","url":"https:\/\/veritekglobal.com\/es\/","logo":{"@type":"ImageObject","inLanguage":"es-ES","@id":"https:\/\/veritekglobal.com\/es\/#\/schema\/logo\/image\/","url":"https:\/\/veritekglobal.com\/es\/wp-content\/uploads\/sites\/3\/2020\/03\/Logo.svg","contentUrl":"https:\/\/veritekglobal.com\/es\/wp-content\/uploads\/sites\/3\/2020\/03\/Logo.svg","width":339,"height":144,"caption":"Veritek"},"image":{"@id":"https:\/\/veritekglobal.com\/es\/#\/schema\/logo\/image\/"}}]}},"_links":{"self":[{"href":"https:\/\/veritekglobal.com\/es\/wp-json\/wp\/v2\/pages\/470"}],"collection":[{"href":"https:\/\/veritekglobal.com\/es\/wp-json\/wp\/v2\/pages"}],"about":[{"href":"https:\/\/veritekglobal.com\/es\/wp-json\/wp\/v2\/types\/page"}],"author":[{"embeddable":true,"href":"https:\/\/veritekglobal.com\/es\/wp-json\/wp\/v2\/users\/32"}],"replies":[{"embeddable":true,"href":"https:\/\/veritekglobal.com\/es\/wp-json\/wp\/v2\/comments?post=470"}],"version-history":[{"count":3,"href":"https:\/\/veritekglobal.com\/es\/wp-json\/wp\/v2\/pages\/470\/revisions"}],"predecessor-version":[{"id":3298,"href":"https:\/\/veritekglobal.com\/es\/wp-json\/wp\/v2\/pages\/470\/revisions\/3298"}],"wp:attachment":[{"href":"https:\/\/veritekglobal.com\/es\/wp-json\/wp\/v2\/media?parent=470"}],"curies":[{"name":"wp","href":"https:\/\/api.w.org\/{rel}","templated":true}]}}