{"id":464,"date":"2015-11-23T16:06:56","date_gmt":"2015-11-23T16:06:56","guid":{"rendered":"http:\/\/veritekglobal.com\/?page_id=464"},"modified":"2023-01-19T11:46:23","modified_gmt":"2023-01-19T11:46:23","slug":"privacy","status":"publish","type":"page","link":"https:\/\/veritekglobal.com\/es\/privacy\/","title":{"rendered":"Privacidad y uso de informaci\u00f3n"},"content":{"rendered":"<h2>PRIVACIDAD Y T\u00c9RMINOS DE USO<\/h2>\n<p>Veritek Global Ltd hace todo lo posible para mantener la exactitud de la informaci\u00f3n en esta pagina. Sin embargo, la informaci\u00f3n y contenidos de esta web no podr\u00e1 ser alegada en procesos contradictorios derivados de da\u00f1os o perdidas resultantes del uso de la misma. Los enlaces a sitios externos son proporcionados como una comodidad para los usuarios y estos sitios no est\u00e1n bajo el control de Veritek Global Ltd. La inclusi\u00f3n de cualquier link no implica patrocinio de este por Veritek Global Ltd y Veritek Global Ltd no se hace responsable por sus contenidos o inclusive los contenidos de cualquier link incluidos en el sitio enlazado o por cualquier da\u00f1o o perdida derivada del uso de estos.<\/p>\n<h2>Informaci\u00f3n recogida de todos los visitantes<\/h2>\n<p>Los visitantes de la pagina que tengan activado javascript son registrados usando Google Analytics. Google Analytics recoge los siguientes tipos de informaci\u00f3n sobre el usuario : Tipo de usuario (navegador web), fabricante de software y numero de versi\u00f3n, palabras clave para acceder al sitio, tipo de sistema operativo, colores de la pantalla, soporte Javascript, versi\u00f3n de Flash, resoluci\u00f3n de la pantalla, localizaci\u00f3n de la red y direcci\u00f3n IP, localizaci\u00f3n \u2013 pa\u00eds, ciudad, estado, regi\u00f3n, condado, o cualquier otro tipo de dato geogr\u00e1fico, nombre del host, ancho de banda, tiempo de visita, p\u00e1ginas visitadas, tiempo pasado en cada p\u00e1gina del sitio web y sitios de referencia. Estos datos son utilizados para optimizar la p\u00e1gina web para nuestros visitantes, sin embargo, en ocasiones se usar\u00e1n estos datos con prop\u00f3sitos de marketing. Es decir que se usar\u00e1n para explicar a potenciales anunciantes cuantos visitantes llegan a la pagina web, de donde vienen, por que p\u00e1gina del sitio web acceden, etc. Estos datos no incluyen ning\u00fan tipo de identificaci\u00f3n personal como nombres, n\u00fameros de tel\u00e9fono, direcciones e-mail, direcciones de mailing, n\u00fameros de la seguridad social, n\u00fameros de cuenta bancaria e informaci\u00f3n de tarjeta de cr\u00e9dito.<\/p>\n","protected":false},"excerpt":{"rendered":"<p>PRIVACIDAD Y T\u00c9RMINOS DE USO Veritek Global Ltd hace todo lo posible para mantener la exactitud de la informaci\u00f3n en esta pagina. Sin embargo, la informaci\u00f3n y contenidos de esta web no podr\u00e1 ser alegada en procesos contradictorios derivados de da\u00f1os o perdidas resultantes del uso de la misma. Los enlaces a sitios externos son [&hellip;]<\/p>\n","protected":false},"author":32,"featured_media":0,"parent":0,"menu_order":8,"comment_status":"closed","ping_status":"closed","template":"","meta":{"footnotes":""},"yoast_head":"<!-- This site is optimized with the Yoast SEO plugin v21.2 - https:\/\/yoast.com\/wordpress\/plugins\/seo\/ -->\n<title>Privacidad y uso de informaci\u00f3n | Veritek Spain<\/title>\n<meta name=\"robots\" content=\"index, follow, max-snippet:-1, max-image-preview:large, max-video-preview:-1\" \/>\n<link rel=\"canonical\" href=\"https:\/\/veritekglobal.com\/es\/privacy\/\" \/>\n<meta property=\"og:locale\" content=\"es_ES\" \/>\n<meta property=\"og:type\" content=\"article\" \/>\n<meta property=\"og:title\" content=\"Privacidad y uso de informaci\u00f3n | Veritek Spain\" \/>\n<meta property=\"og:description\" content=\"PRIVACIDAD Y T\u00c9RMINOS DE USO Veritek Global Ltd hace todo lo posible para mantener la exactitud de la informaci\u00f3n en esta pagina. Sin embargo, la informaci\u00f3n y contenidos de esta web no podr\u00e1 ser alegada en procesos contradictorios derivados de da\u00f1os o perdidas resultantes del uso de la misma. Los enlaces a sitios externos son [&hellip;]\" \/>\n<meta property=\"og:url\" content=\"https:\/\/veritekglobal.com\/es\/privacy\/\" \/>\n<meta property=\"og:site_name\" content=\"Veritek Spain\" \/>\n<meta property=\"article:modified_time\" content=\"2023-01-19T11:46:23+00:00\" \/>\n<meta name=\"twitter:card\" content=\"summary_large_image\" \/>\n<meta name=\"twitter:label1\" content=\"Est. reading time\" \/>\n\t<meta name=\"twitter:data1\" content=\"2 minutes\" \/>\n<script type=\"application\/ld+json\" class=\"yoast-schema-graph\">{\"@context\":\"https:\/\/schema.org\",\"@graph\":[{\"@type\":\"WebPage\",\"@id\":\"https:\/\/veritekglobal.com\/es\/privacy\/\",\"url\":\"https:\/\/veritekglobal.com\/es\/privacy\/\",\"name\":\"Privacidad y uso de informaci\u00f3n | Veritek Spain\",\"isPartOf\":{\"@id\":\"https:\/\/veritekglobal.com\/es\/#website\"},\"datePublished\":\"2015-11-23T16:06:56+00:00\",\"dateModified\":\"2023-01-19T11:46:23+00:00\",\"breadcrumb\":{\"@id\":\"https:\/\/veritekglobal.com\/es\/privacy\/#breadcrumb\"},\"inLanguage\":\"es-ES\",\"potentialAction\":[{\"@type\":\"ReadAction\",\"target\":[\"https:\/\/veritekglobal.com\/es\/privacy\/\"]}]},{\"@type\":\"BreadcrumbList\",\"@id\":\"https:\/\/veritekglobal.com\/es\/privacy\/#breadcrumb\",\"itemListElement\":[{\"@type\":\"ListItem\",\"position\":1,\"name\":\"Home\",\"item\":\"https:\/\/veritekglobal.com\/es\/\"},{\"@type\":\"ListItem\",\"position\":2,\"name\":\"Privacidad y uso de informaci\u00f3n\"}]},{\"@type\":\"WebSite\",\"@id\":\"https:\/\/veritekglobal.com\/es\/#website\",\"url\":\"https:\/\/veritekglobal.com\/es\/\",\"name\":\"Veritek Spain\",\"description\":\"Photo Imaging, Print and Graphics, Healthcare and Optical, and Digital Cinema.\",\"publisher\":{\"@id\":\"https:\/\/veritekglobal.com\/es\/#organization\"},\"potentialAction\":[{\"@type\":\"SearchAction\",\"target\":{\"@type\":\"EntryPoint\",\"urlTemplate\":\"https:\/\/veritekglobal.com\/es\/?s={search_term_string}\"},\"query-input\":\"required name=search_term_string\"}],\"inLanguage\":\"es-ES\"},{\"@type\":\"Organization\",\"@id\":\"https:\/\/veritekglobal.com\/es\/#organization\",\"name\":\"Veritek\",\"url\":\"https:\/\/veritekglobal.com\/es\/\",\"logo\":{\"@type\":\"ImageObject\",\"inLanguage\":\"es-ES\",\"@id\":\"https:\/\/veritekglobal.com\/es\/#\/schema\/logo\/image\/\",\"url\":\"https:\/\/veritekglobal.com\/es\/wp-content\/uploads\/sites\/3\/2020\/03\/Logo.svg\",\"contentUrl\":\"https:\/\/veritekglobal.com\/es\/wp-content\/uploads\/sites\/3\/2020\/03\/Logo.svg\",\"width\":339,\"height\":144,\"caption\":\"Veritek\"},\"image\":{\"@id\":\"https:\/\/veritekglobal.com\/es\/#\/schema\/logo\/image\/\"}}]}<\/script>\n<!-- \/ Yoast SEO plugin. -->","yoast_head_json":{"title":"Privacidad y uso de informaci\u00f3n | Veritek Spain","robots":{"index":"index","follow":"follow","max-snippet":"max-snippet:-1","max-image-preview":"max-image-preview:large","max-video-preview":"max-video-preview:-1"},"canonical":"https:\/\/veritekglobal.com\/es\/privacy\/","og_locale":"es_ES","og_type":"article","og_title":"Privacidad y uso de informaci\u00f3n | Veritek Spain","og_description":"PRIVACIDAD Y T\u00c9RMINOS DE USO Veritek Global Ltd hace todo lo posible para mantener la exactitud de la informaci\u00f3n en esta pagina. Sin embargo, la informaci\u00f3n y contenidos de esta web no podr\u00e1 ser alegada en procesos contradictorios derivados de da\u00f1os o perdidas resultantes del uso de la misma. Los enlaces a sitios externos son [&hellip;]","og_url":"https:\/\/veritekglobal.com\/es\/privacy\/","og_site_name":"Veritek Spain","article_modified_time":"2023-01-19T11:46:23+00:00","twitter_card":"summary_large_image","twitter_misc":{"Est. reading time":"2 minutes"},"schema":{"@context":"https:\/\/schema.org","@graph":[{"@type":"WebPage","@id":"https:\/\/veritekglobal.com\/es\/privacy\/","url":"https:\/\/veritekglobal.com\/es\/privacy\/","name":"Privacidad y uso de informaci\u00f3n | Veritek Spain","isPartOf":{"@id":"https:\/\/veritekglobal.com\/es\/#website"},"datePublished":"2015-11-23T16:06:56+00:00","dateModified":"2023-01-19T11:46:23+00:00","breadcrumb":{"@id":"https:\/\/veritekglobal.com\/es\/privacy\/#breadcrumb"},"inLanguage":"es-ES","potentialAction":[{"@type":"ReadAction","target":["https:\/\/veritekglobal.com\/es\/privacy\/"]}]},{"@type":"BreadcrumbList","@id":"https:\/\/veritekglobal.com\/es\/privacy\/#breadcrumb","itemListElement":[{"@type":"ListItem","position":1,"name":"Home","item":"https:\/\/veritekglobal.com\/es\/"},{"@type":"ListItem","position":2,"name":"Privacidad y uso de informaci\u00f3n"}]},{"@type":"WebSite","@id":"https:\/\/veritekglobal.com\/es\/#website","url":"https:\/\/veritekglobal.com\/es\/","name":"Veritek Spain","description":"Photo Imaging, Print and Graphics, Healthcare and Optical, and Digital Cinema.","publisher":{"@id":"https:\/\/veritekglobal.com\/es\/#organization"},"potentialAction":[{"@type":"SearchAction","target":{"@type":"EntryPoint","urlTemplate":"https:\/\/veritekglobal.com\/es\/?s={search_term_string}"},"query-input":"required name=search_term_string"}],"inLanguage":"es-ES"},{"@type":"Organization","@id":"https:\/\/veritekglobal.com\/es\/#organization","name":"Veritek","url":"https:\/\/veritekglobal.com\/es\/","logo":{"@type":"ImageObject","inLanguage":"es-ES","@id":"https:\/\/veritekglobal.com\/es\/#\/schema\/logo\/image\/","url":"https:\/\/veritekglobal.com\/es\/wp-content\/uploads\/sites\/3\/2020\/03\/Logo.svg","contentUrl":"https:\/\/veritekglobal.com\/es\/wp-content\/uploads\/sites\/3\/2020\/03\/Logo.svg","width":339,"height":144,"caption":"Veritek"},"image":{"@id":"https:\/\/veritekglobal.com\/es\/#\/schema\/logo\/image\/"}}]}},"_links":{"self":[{"href":"https:\/\/veritekglobal.com\/es\/wp-json\/wp\/v2\/pages\/464"}],"collection":[{"href":"https:\/\/veritekglobal.com\/es\/wp-json\/wp\/v2\/pages"}],"about":[{"href":"https:\/\/veritekglobal.com\/es\/wp-json\/wp\/v2\/types\/page"}],"author":[{"embeddable":true,"href":"https:\/\/veritekglobal.com\/es\/wp-json\/wp\/v2\/users\/32"}],"replies":[{"embeddable":true,"href":"https:\/\/veritekglobal.com\/es\/wp-json\/wp\/v2\/comments?post=464"}],"version-history":[{"count":2,"href":"https:\/\/veritekglobal.com\/es\/wp-json\/wp\/v2\/pages\/464\/revisions"}],"predecessor-version":[{"id":3353,"href":"https:\/\/veritekglobal.com\/es\/wp-json\/wp\/v2\/pages\/464\/revisions\/3353"}],"wp:attachment":[{"href":"https:\/\/veritekglobal.com\/es\/wp-json\/wp\/v2\/media?parent=464"}],"curies":[{"name":"wp","href":"https:\/\/api.w.org\/{rel}","templated":true}]}}