{"id":2611,"date":"2020-04-30T13:55:50","date_gmt":"2020-04-30T12:55:50","guid":{"rendered":"https:\/\/veritek.makeaspectacle.co.uk\/?page_id=2611"},"modified":"2026-02-04T17:05:32","modified_gmt":"2026-02-04T17:05:32","slug":"management-team","status":"publish","type":"page","link":"https:\/\/veritekglobal.com\/es\/about-us\/management-team\/","title":{"rendered":"Equipo Directivo"},"content":{"rendered":"","protected":false},"excerpt":{"rendered":"","protected":false},"author":32,"featured_media":0,"parent":19,"menu_order":29,"comment_status":"closed","ping_status":"closed","template":"page-team.php","meta":{"footnotes":""},"yoast_head":"<!-- This site is optimized with the Yoast SEO plugin v21.2 - https:\/\/yoast.com\/wordpress\/plugins\/seo\/ -->\n<title>Conozca al equipo de Veritek | El equipo directivo | Veritek<\/title>\n<meta name=\"description\" content=\"Conozca al equipo de gesti\u00f3n en Veritek. Descubra c\u00f3mo nuestra estructura de gesti\u00f3n optimizada nos mantiene cerca de nuestro personal y nuestros clientes, brindando un excelente servicio.\" \/>\n<meta name=\"robots\" content=\"index, follow, max-snippet:-1, max-image-preview:large, max-video-preview:-1\" \/>\n<link rel=\"canonical\" href=\"https:\/\/veritekglobal.com\/es\/about-us\/management-team\/\" \/>\n<meta property=\"og:locale\" content=\"es_ES\" \/>\n<meta property=\"og:type\" content=\"article\" \/>\n<meta property=\"og:title\" content=\"Conozca al equipo de Veritek | El equipo directivo | Veritek\" \/>\n<meta property=\"og:description\" content=\"Conozca al equipo de gesti\u00f3n en Veritek. Descubra c\u00f3mo nuestra estructura de gesti\u00f3n optimizada nos mantiene cerca de nuestro personal y nuestros clientes, brindando un excelente servicio.\" \/>\n<meta property=\"og:url\" content=\"https:\/\/veritekglobal.com\/es\/about-us\/management-team\/\" \/>\n<meta property=\"og:site_name\" content=\"Veritek Spain\" \/>\n<meta property=\"article:modified_time\" content=\"2026-02-04T17:05:32+00:00\" \/>\n<meta name=\"twitter:card\" content=\"summary_large_image\" \/>\n<script type=\"application\/ld+json\" class=\"yoast-schema-graph\">{\"@context\":\"https:\/\/schema.org\",\"@graph\":[{\"@type\":\"WebPage\",\"@id\":\"https:\/\/veritekglobal.com\/es\/about-us\/management-team\/\",\"url\":\"https:\/\/veritekglobal.com\/es\/about-us\/management-team\/\",\"name\":\"Conozca al equipo de Veritek | El equipo directivo | Veritek\",\"isPartOf\":{\"@id\":\"https:\/\/veritekglobal.com\/es\/#website\"},\"datePublished\":\"2020-04-30T12:55:50+00:00\",\"dateModified\":\"2026-02-04T17:05:32+00:00\",\"description\":\"Conozca al equipo de gesti\u00f3n en Veritek. Descubra c\u00f3mo nuestra estructura de gesti\u00f3n optimizada nos mantiene cerca de nuestro personal y nuestros clientes, brindando un excelente servicio.\",\"breadcrumb\":{\"@id\":\"https:\/\/veritekglobal.com\/es\/about-us\/management-team\/#breadcrumb\"},\"inLanguage\":\"es-ES\",\"potentialAction\":[{\"@type\":\"ReadAction\",\"target\":[\"https:\/\/veritekglobal.com\/es\/about-us\/management-team\/\"]}]},{\"@type\":\"BreadcrumbList\",\"@id\":\"https:\/\/veritekglobal.com\/es\/about-us\/management-team\/#breadcrumb\",\"itemListElement\":[{\"@type\":\"ListItem\",\"position\":1,\"name\":\"Home\",\"item\":\"https:\/\/veritekglobal.com\/es\/\"},{\"@type\":\"ListItem\",\"position\":2,\"name\":\"Sobre nosotros\",\"item\":\"https:\/\/veritekglobal.com\/es\/about-us\/\"},{\"@type\":\"ListItem\",\"position\":3,\"name\":\"Equipo Directivo\"}]},{\"@type\":\"WebSite\",\"@id\":\"https:\/\/veritekglobal.com\/es\/#website\",\"url\":\"https:\/\/veritekglobal.com\/es\/\",\"name\":\"Veritek Spain\",\"description\":\"Photo Imaging, Print and Graphics, Healthcare and Optical, and Digital Cinema.\",\"publisher\":{\"@id\":\"https:\/\/veritekglobal.com\/es\/#organization\"},\"potentialAction\":[{\"@type\":\"SearchAction\",\"target\":{\"@type\":\"EntryPoint\",\"urlTemplate\":\"https:\/\/veritekglobal.com\/es\/?s={search_term_string}\"},\"query-input\":\"required name=search_term_string\"}],\"inLanguage\":\"es-ES\"},{\"@type\":\"Organization\",\"@id\":\"https:\/\/veritekglobal.com\/es\/#organization\",\"name\":\"Veritek\",\"url\":\"https:\/\/veritekglobal.com\/es\/\",\"logo\":{\"@type\":\"ImageObject\",\"inLanguage\":\"es-ES\",\"@id\":\"https:\/\/veritekglobal.com\/es\/#\/schema\/logo\/image\/\",\"url\":\"https:\/\/veritekglobal.com\/es\/wp-content\/uploads\/sites\/3\/2020\/03\/Logo.svg\",\"contentUrl\":\"https:\/\/veritekglobal.com\/es\/wp-content\/uploads\/sites\/3\/2020\/03\/Logo.svg\",\"width\":339,\"height\":144,\"caption\":\"Veritek\"},\"image\":{\"@id\":\"https:\/\/veritekglobal.com\/es\/#\/schema\/logo\/image\/\"}}]}<\/script>\n<!-- \/ Yoast SEO plugin. -->","yoast_head_json":{"title":"Conozca al equipo de Veritek | El equipo directivo | Veritek","description":"Conozca al equipo de gesti\u00f3n en Veritek. Descubra c\u00f3mo nuestra estructura de gesti\u00f3n optimizada nos mantiene cerca de nuestro personal y nuestros clientes, brindando un excelente servicio.","robots":{"index":"index","follow":"follow","max-snippet":"max-snippet:-1","max-image-preview":"max-image-preview:large","max-video-preview":"max-video-preview:-1"},"canonical":"https:\/\/veritekglobal.com\/es\/about-us\/management-team\/","og_locale":"es_ES","og_type":"article","og_title":"Conozca al equipo de Veritek | El equipo directivo | Veritek","og_description":"Conozca al equipo de gesti\u00f3n en Veritek. Descubra c\u00f3mo nuestra estructura de gesti\u00f3n optimizada nos mantiene cerca de nuestro personal y nuestros clientes, brindando un excelente servicio.","og_url":"https:\/\/veritekglobal.com\/es\/about-us\/management-team\/","og_site_name":"Veritek Spain","article_modified_time":"2026-02-04T17:05:32+00:00","twitter_card":"summary_large_image","schema":{"@context":"https:\/\/schema.org","@graph":[{"@type":"WebPage","@id":"https:\/\/veritekglobal.com\/es\/about-us\/management-team\/","url":"https:\/\/veritekglobal.com\/es\/about-us\/management-team\/","name":"Conozca al equipo de Veritek | El equipo directivo | Veritek","isPartOf":{"@id":"https:\/\/veritekglobal.com\/es\/#website"},"datePublished":"2020-04-30T12:55:50+00:00","dateModified":"2026-02-04T17:05:32+00:00","description":"Conozca al equipo de gesti\u00f3n en Veritek. Descubra c\u00f3mo nuestra estructura de gesti\u00f3n optimizada nos mantiene cerca de nuestro personal y nuestros clientes, brindando un excelente servicio.","breadcrumb":{"@id":"https:\/\/veritekglobal.com\/es\/about-us\/management-team\/#breadcrumb"},"inLanguage":"es-ES","potentialAction":[{"@type":"ReadAction","target":["https:\/\/veritekglobal.com\/es\/about-us\/management-team\/"]}]},{"@type":"BreadcrumbList","@id":"https:\/\/veritekglobal.com\/es\/about-us\/management-team\/#breadcrumb","itemListElement":[{"@type":"ListItem","position":1,"name":"Home","item":"https:\/\/veritekglobal.com\/es\/"},{"@type":"ListItem","position":2,"name":"Sobre nosotros","item":"https:\/\/veritekglobal.com\/es\/about-us\/"},{"@type":"ListItem","position":3,"name":"Equipo Directivo"}]},{"@type":"WebSite","@id":"https:\/\/veritekglobal.com\/es\/#website","url":"https:\/\/veritekglobal.com\/es\/","name":"Veritek Spain","description":"Photo Imaging, Print and Graphics, Healthcare and Optical, and Digital Cinema.","publisher":{"@id":"https:\/\/veritekglobal.com\/es\/#organization"},"potentialAction":[{"@type":"SearchAction","target":{"@type":"EntryPoint","urlTemplate":"https:\/\/veritekglobal.com\/es\/?s={search_term_string}"},"query-input":"required name=search_term_string"}],"inLanguage":"es-ES"},{"@type":"Organization","@id":"https:\/\/veritekglobal.com\/es\/#organization","name":"Veritek","url":"https:\/\/veritekglobal.com\/es\/","logo":{"@type":"ImageObject","inLanguage":"es-ES","@id":"https:\/\/veritekglobal.com\/es\/#\/schema\/logo\/image\/","url":"https:\/\/veritekglobal.com\/es\/wp-content\/uploads\/sites\/3\/2020\/03\/Logo.svg","contentUrl":"https:\/\/veritekglobal.com\/es\/wp-content\/uploads\/sites\/3\/2020\/03\/Logo.svg","width":339,"height":144,"caption":"Veritek"},"image":{"@id":"https:\/\/veritekglobal.com\/es\/#\/schema\/logo\/image\/"}}]}},"_links":{"self":[{"href":"https:\/\/veritekglobal.com\/es\/wp-json\/wp\/v2\/pages\/2611"}],"collection":[{"href":"https:\/\/veritekglobal.com\/es\/wp-json\/wp\/v2\/pages"}],"about":[{"href":"https:\/\/veritekglobal.com\/es\/wp-json\/wp\/v2\/types\/page"}],"author":[{"embeddable":true,"href":"https:\/\/veritekglobal.com\/es\/wp-json\/wp\/v2\/users\/32"}],"replies":[{"embeddable":true,"href":"https:\/\/veritekglobal.com\/es\/wp-json\/wp\/v2\/comments?post=2611"}],"version-history":[{"count":9,"href":"https:\/\/veritekglobal.com\/es\/wp-json\/wp\/v2\/pages\/2611\/revisions"}],"predecessor-version":[{"id":3888,"href":"https:\/\/veritekglobal.com\/es\/wp-json\/wp\/v2\/pages\/2611\/revisions\/3888"}],"up":[{"embeddable":true,"href":"https:\/\/veritekglobal.com\/es\/wp-json\/wp\/v2\/pages\/19"}],"wp:attachment":[{"href":"https:\/\/veritekglobal.com\/es\/wp-json\/wp\/v2\/media?parent=2611"}],"curies":[{"name":"wp","href":"https:\/\/api.w.org\/{rel}","templated":true}]}}