{"id":2052,"date":"2020-03-18T10:27:38","date_gmt":"2020-03-18T10:27:38","guid":{"rendered":"https:\/\/veritek.makeaspectacle.co.uk\/?page_id=2052"},"modified":"2020-11-23T11:24:55","modified_gmt":"2020-11-23T11:24:55","slug":"photo-imaging-support","status":"publish","type":"page","link":"https:\/\/veritekglobal.com\/es\/industries\/photo-imaging-support\/","title":{"rendered":"Foto Imagen"},"content":{"rendered":"","protected":false},"excerpt":{"rendered":"<p>Veritek tiene m\u00e1s de 35 a\u00f1os de experiencia en soporte t\u00e9cnico para tecnolog\u00edas de im\u00e1gen fotogr\u00e1fica, esa es la raz\u00f3n por la que somos colaboradores de marcas   como Boots, Fujifilm y Jessops.<\/p>\n","protected":false},"author":32,"featured_media":0,"parent":23,"menu_order":20,"comment_status":"closed","ping_status":"closed","template":"page-industry-type.php","meta":{"footnotes":""},"yoast_head":"<!-- This site is optimized with the Yoast SEO plugin v21.2 - https:\/\/yoast.com\/wordpress\/plugins\/seo\/ -->\n<title>Reparaci\u00f3n y mantenimiento de equipos fotogr\u00e1ficos | Veritek<\/title>\n<meta name=\"description\" content=\"Veritek ofrece una experiencia incomparable en instalaci\u00f3n, reparaci\u00f3n y mantenimiento de equipos fotogr\u00e1ficos especializados. \u00a1Descubra c\u00f3mo nuestros ingenieros pueden ayudarlo ahora!\" \/>\n<meta name=\"robots\" content=\"index, follow, max-snippet:-1, max-image-preview:large, max-video-preview:-1\" \/>\n<link rel=\"canonical\" href=\"https:\/\/veritekglobal.com\/es\/industries\/photo-imaging-support\/\" \/>\n<meta property=\"og:locale\" content=\"es_ES\" \/>\n<meta property=\"og:type\" content=\"article\" \/>\n<meta property=\"og:title\" content=\"Reparaci\u00f3n y mantenimiento de equipos fotogr\u00e1ficos | Veritek\" \/>\n<meta property=\"og:description\" content=\"Veritek ofrece una experiencia incomparable en instalaci\u00f3n, reparaci\u00f3n y mantenimiento de equipos fotogr\u00e1ficos especializados. \u00a1Descubra c\u00f3mo nuestros ingenieros pueden ayudarlo ahora!\" \/>\n<meta property=\"og:url\" content=\"https:\/\/veritekglobal.com\/es\/industries\/photo-imaging-support\/\" \/>\n<meta property=\"og:site_name\" content=\"Veritek Spain\" \/>\n<meta property=\"article:modified_time\" content=\"2020-11-23T11:24:55+00:00\" \/>\n<meta name=\"twitter:card\" content=\"summary_large_image\" \/>\n<script type=\"application\/ld+json\" class=\"yoast-schema-graph\">{\"@context\":\"https:\/\/schema.org\",\"@graph\":[{\"@type\":\"WebPage\",\"@id\":\"https:\/\/veritekglobal.com\/es\/industries\/photo-imaging-support\/\",\"url\":\"https:\/\/veritekglobal.com\/es\/industries\/photo-imaging-support\/\",\"name\":\"Reparaci\u00f3n y mantenimiento de equipos fotogr\u00e1ficos | Veritek\",\"isPartOf\":{\"@id\":\"https:\/\/veritekglobal.com\/es\/#website\"},\"datePublished\":\"2020-03-18T10:27:38+00:00\",\"dateModified\":\"2020-11-23T11:24:55+00:00\",\"description\":\"Veritek ofrece una experiencia incomparable en instalaci\u00f3n, reparaci\u00f3n y mantenimiento de equipos fotogr\u00e1ficos especializados. \u00a1Descubra c\u00f3mo nuestros ingenieros pueden ayudarlo ahora!\",\"breadcrumb\":{\"@id\":\"https:\/\/veritekglobal.com\/es\/industries\/photo-imaging-support\/#breadcrumb\"},\"inLanguage\":\"es-ES\",\"potentialAction\":[{\"@type\":\"ReadAction\",\"target\":[\"https:\/\/veritekglobal.com\/es\/industries\/photo-imaging-support\/\"]}]},{\"@type\":\"BreadcrumbList\",\"@id\":\"https:\/\/veritekglobal.com\/es\/industries\/photo-imaging-support\/#breadcrumb\",\"itemListElement\":[{\"@type\":\"ListItem\",\"position\":1,\"name\":\"Home\",\"item\":\"https:\/\/veritekglobal.com\/es\/\"},{\"@type\":\"ListItem\",\"position\":2,\"name\":\"Soport t\u00e9cnico especializado para notable rango de industrias.\",\"item\":\"https:\/\/veritekglobal.com\/es\/industries\/\"},{\"@type\":\"ListItem\",\"position\":3,\"name\":\"Foto Imagen\"}]},{\"@type\":\"WebSite\",\"@id\":\"https:\/\/veritekglobal.com\/es\/#website\",\"url\":\"https:\/\/veritekglobal.com\/es\/\",\"name\":\"Veritek Spain\",\"description\":\"Photo Imaging, Print and Graphics, Healthcare and Optical, and Digital Cinema.\",\"publisher\":{\"@id\":\"https:\/\/veritekglobal.com\/es\/#organization\"},\"potentialAction\":[{\"@type\":\"SearchAction\",\"target\":{\"@type\":\"EntryPoint\",\"urlTemplate\":\"https:\/\/veritekglobal.com\/es\/?s={search_term_string}\"},\"query-input\":\"required name=search_term_string\"}],\"inLanguage\":\"es-ES\"},{\"@type\":\"Organization\",\"@id\":\"https:\/\/veritekglobal.com\/es\/#organization\",\"name\":\"Veritek\",\"url\":\"https:\/\/veritekglobal.com\/es\/\",\"logo\":{\"@type\":\"ImageObject\",\"inLanguage\":\"es-ES\",\"@id\":\"https:\/\/veritekglobal.com\/es\/#\/schema\/logo\/image\/\",\"url\":\"https:\/\/veritekglobal.com\/es\/wp-content\/uploads\/sites\/3\/2020\/03\/Logo.svg\",\"contentUrl\":\"https:\/\/veritekglobal.com\/es\/wp-content\/uploads\/sites\/3\/2020\/03\/Logo.svg\",\"width\":339,\"height\":144,\"caption\":\"Veritek\"},\"image\":{\"@id\":\"https:\/\/veritekglobal.com\/es\/#\/schema\/logo\/image\/\"}}]}<\/script>\n<!-- \/ Yoast SEO plugin. -->","yoast_head_json":{"title":"Reparaci\u00f3n y mantenimiento de equipos fotogr\u00e1ficos | Veritek","description":"Veritek ofrece una experiencia incomparable en instalaci\u00f3n, reparaci\u00f3n y mantenimiento de equipos fotogr\u00e1ficos especializados. \u00a1Descubra c\u00f3mo nuestros ingenieros pueden ayudarlo ahora!","robots":{"index":"index","follow":"follow","max-snippet":"max-snippet:-1","max-image-preview":"max-image-preview:large","max-video-preview":"max-video-preview:-1"},"canonical":"https:\/\/veritekglobal.com\/es\/industries\/photo-imaging-support\/","og_locale":"es_ES","og_type":"article","og_title":"Reparaci\u00f3n y mantenimiento de equipos fotogr\u00e1ficos | Veritek","og_description":"Veritek ofrece una experiencia incomparable en instalaci\u00f3n, reparaci\u00f3n y mantenimiento de equipos fotogr\u00e1ficos especializados. \u00a1Descubra c\u00f3mo nuestros ingenieros pueden ayudarlo ahora!","og_url":"https:\/\/veritekglobal.com\/es\/industries\/photo-imaging-support\/","og_site_name":"Veritek Spain","article_modified_time":"2020-11-23T11:24:55+00:00","twitter_card":"summary_large_image","schema":{"@context":"https:\/\/schema.org","@graph":[{"@type":"WebPage","@id":"https:\/\/veritekglobal.com\/es\/industries\/photo-imaging-support\/","url":"https:\/\/veritekglobal.com\/es\/industries\/photo-imaging-support\/","name":"Reparaci\u00f3n y mantenimiento de equipos fotogr\u00e1ficos | Veritek","isPartOf":{"@id":"https:\/\/veritekglobal.com\/es\/#website"},"datePublished":"2020-03-18T10:27:38+00:00","dateModified":"2020-11-23T11:24:55+00:00","description":"Veritek ofrece una experiencia incomparable en instalaci\u00f3n, reparaci\u00f3n y mantenimiento de equipos fotogr\u00e1ficos especializados. \u00a1Descubra c\u00f3mo nuestros ingenieros pueden ayudarlo ahora!","breadcrumb":{"@id":"https:\/\/veritekglobal.com\/es\/industries\/photo-imaging-support\/#breadcrumb"},"inLanguage":"es-ES","potentialAction":[{"@type":"ReadAction","target":["https:\/\/veritekglobal.com\/es\/industries\/photo-imaging-support\/"]}]},{"@type":"BreadcrumbList","@id":"https:\/\/veritekglobal.com\/es\/industries\/photo-imaging-support\/#breadcrumb","itemListElement":[{"@type":"ListItem","position":1,"name":"Home","item":"https:\/\/veritekglobal.com\/es\/"},{"@type":"ListItem","position":2,"name":"Soport t\u00e9cnico especializado para notable rango de industrias.","item":"https:\/\/veritekglobal.com\/es\/industries\/"},{"@type":"ListItem","position":3,"name":"Foto Imagen"}]},{"@type":"WebSite","@id":"https:\/\/veritekglobal.com\/es\/#website","url":"https:\/\/veritekglobal.com\/es\/","name":"Veritek Spain","description":"Photo Imaging, Print and Graphics, Healthcare and Optical, and Digital Cinema.","publisher":{"@id":"https:\/\/veritekglobal.com\/es\/#organization"},"potentialAction":[{"@type":"SearchAction","target":{"@type":"EntryPoint","urlTemplate":"https:\/\/veritekglobal.com\/es\/?s={search_term_string}"},"query-input":"required name=search_term_string"}],"inLanguage":"es-ES"},{"@type":"Organization","@id":"https:\/\/veritekglobal.com\/es\/#organization","name":"Veritek","url":"https:\/\/veritekglobal.com\/es\/","logo":{"@type":"ImageObject","inLanguage":"es-ES","@id":"https:\/\/veritekglobal.com\/es\/#\/schema\/logo\/image\/","url":"https:\/\/veritekglobal.com\/es\/wp-content\/uploads\/sites\/3\/2020\/03\/Logo.svg","contentUrl":"https:\/\/veritekglobal.com\/es\/wp-content\/uploads\/sites\/3\/2020\/03\/Logo.svg","width":339,"height":144,"caption":"Veritek"},"image":{"@id":"https:\/\/veritekglobal.com\/es\/#\/schema\/logo\/image\/"}}]}},"_links":{"self":[{"href":"https:\/\/veritekglobal.com\/es\/wp-json\/wp\/v2\/pages\/2052"}],"collection":[{"href":"https:\/\/veritekglobal.com\/es\/wp-json\/wp\/v2\/pages"}],"about":[{"href":"https:\/\/veritekglobal.com\/es\/wp-json\/wp\/v2\/types\/page"}],"author":[{"embeddable":true,"href":"https:\/\/veritekglobal.com\/es\/wp-json\/wp\/v2\/users\/32"}],"replies":[{"embeddable":true,"href":"https:\/\/veritekglobal.com\/es\/wp-json\/wp\/v2\/comments?post=2052"}],"version-history":[{"count":1,"href":"https:\/\/veritekglobal.com\/es\/wp-json\/wp\/v2\/pages\/2052\/revisions"}],"predecessor-version":[{"id":3261,"href":"https:\/\/veritekglobal.com\/es\/wp-json\/wp\/v2\/pages\/2052\/revisions\/3261"}],"up":[{"embeddable":true,"href":"https:\/\/veritekglobal.com\/es\/wp-json\/wp\/v2\/pages\/23"}],"wp:attachment":[{"href":"https:\/\/veritekglobal.com\/es\/wp-json\/wp\/v2\/media?parent=2052"}],"curies":[{"name":"wp","href":"https:\/\/api.w.org\/{rel}","templated":true}]}}