{"id":2048,"date":"2020-03-18T10:26:54","date_gmt":"2020-03-18T10:26:54","guid":{"rendered":"https:\/\/veritek.makeaspectacle.co.uk\/?page_id=2048"},"modified":"2020-11-23T11:24:26","modified_gmt":"2020-11-23T11:24:26","slug":"graphics-printer-support","status":"publish","type":"page","link":"https:\/\/veritekglobal.com\/es\/industries\/graphics-printer-support\/","title":{"rendered":"Impresi\u00f3n e Industria Gr\u00e1fica"},"content":{"rendered":"","protected":false},"excerpt":{"rendered":"<p>Empresas l\u00edderes como EFI , Epson , Esko y HP  entre otras siguen confiando en el soporte t\u00e9cnico experto que Veritek puede brindar en impresi\u00f3n comercial e industrial en cualquier tecnolog\u00eda.<\/p>\n","protected":false},"author":32,"featured_media":0,"parent":23,"menu_order":17,"comment_status":"closed","ping_status":"closed","template":"page-industry-type.php","meta":{"footnotes":""},"yoast_head":"<!-- This site is optimized with the Yoast SEO plugin v21.2 - https:\/\/yoast.com\/wordpress\/plugins\/seo\/ -->\n<title>Mantenimiento profesional de impresoras e instalaciones gr\u00e1ficas | Veritek<\/title>\n<meta name=\"description\" content=\"Veritek ofrece soluciones de reparaci\u00f3n y mantenimiento para la industria gr\u00e1fica y de impresi\u00f3n. Instalaciones gr\u00e1ficas especializadas, reparaci\u00f3n de impresoras y suministro de piezas. Haga clic ahora\" \/>\n<meta name=\"robots\" content=\"index, follow, max-snippet:-1, max-image-preview:large, max-video-preview:-1\" \/>\n<link rel=\"canonical\" href=\"https:\/\/veritekglobal.com\/es\/industries\/graphics-printer-support\/\" \/>\n<meta property=\"og:locale\" content=\"es_ES\" \/>\n<meta property=\"og:type\" content=\"article\" \/>\n<meta property=\"og:title\" content=\"Mantenimiento profesional de impresoras e instalaciones gr\u00e1ficas | Veritek\" \/>\n<meta property=\"og:description\" content=\"Veritek ofrece soluciones de reparaci\u00f3n y mantenimiento para la industria gr\u00e1fica y de impresi\u00f3n. Instalaciones gr\u00e1ficas especializadas, reparaci\u00f3n de impresoras y suministro de piezas. Haga clic ahora\" \/>\n<meta property=\"og:url\" content=\"https:\/\/veritekglobal.com\/es\/industries\/graphics-printer-support\/\" \/>\n<meta property=\"og:site_name\" content=\"Veritek Spain\" \/>\n<meta property=\"article:modified_time\" content=\"2020-11-23T11:24:26+00:00\" \/>\n<meta name=\"twitter:card\" content=\"summary_large_image\" \/>\n<script type=\"application\/ld+json\" class=\"yoast-schema-graph\">{\"@context\":\"https:\/\/schema.org\",\"@graph\":[{\"@type\":\"WebPage\",\"@id\":\"https:\/\/veritekglobal.com\/es\/industries\/graphics-printer-support\/\",\"url\":\"https:\/\/veritekglobal.com\/es\/industries\/graphics-printer-support\/\",\"name\":\"Mantenimiento profesional de impresoras e instalaciones gr\u00e1ficas | Veritek\",\"isPartOf\":{\"@id\":\"https:\/\/veritekglobal.com\/es\/#website\"},\"datePublished\":\"2020-03-18T10:26:54+00:00\",\"dateModified\":\"2020-11-23T11:24:26+00:00\",\"description\":\"Veritek ofrece soluciones de reparaci\u00f3n y mantenimiento para la industria gr\u00e1fica y de impresi\u00f3n. Instalaciones gr\u00e1ficas especializadas, reparaci\u00f3n de impresoras y suministro de piezas. Haga clic ahora\",\"breadcrumb\":{\"@id\":\"https:\/\/veritekglobal.com\/es\/industries\/graphics-printer-support\/#breadcrumb\"},\"inLanguage\":\"es-ES\",\"potentialAction\":[{\"@type\":\"ReadAction\",\"target\":[\"https:\/\/veritekglobal.com\/es\/industries\/graphics-printer-support\/\"]}]},{\"@type\":\"BreadcrumbList\",\"@id\":\"https:\/\/veritekglobal.com\/es\/industries\/graphics-printer-support\/#breadcrumb\",\"itemListElement\":[{\"@type\":\"ListItem\",\"position\":1,\"name\":\"Home\",\"item\":\"https:\/\/veritekglobal.com\/es\/\"},{\"@type\":\"ListItem\",\"position\":2,\"name\":\"Soport t\u00e9cnico especializado para notable rango de industrias.\",\"item\":\"https:\/\/veritekglobal.com\/es\/industries\/\"},{\"@type\":\"ListItem\",\"position\":3,\"name\":\"Impresi\u00f3n e Industria Gr\u00e1fica\"}]},{\"@type\":\"WebSite\",\"@id\":\"https:\/\/veritekglobal.com\/es\/#website\",\"url\":\"https:\/\/veritekglobal.com\/es\/\",\"name\":\"Veritek Spain\",\"description\":\"Photo Imaging, Print and Graphics, Healthcare and Optical, and Digital Cinema.\",\"publisher\":{\"@id\":\"https:\/\/veritekglobal.com\/es\/#organization\"},\"potentialAction\":[{\"@type\":\"SearchAction\",\"target\":{\"@type\":\"EntryPoint\",\"urlTemplate\":\"https:\/\/veritekglobal.com\/es\/?s={search_term_string}\"},\"query-input\":\"required name=search_term_string\"}],\"inLanguage\":\"es-ES\"},{\"@type\":\"Organization\",\"@id\":\"https:\/\/veritekglobal.com\/es\/#organization\",\"name\":\"Veritek\",\"url\":\"https:\/\/veritekglobal.com\/es\/\",\"logo\":{\"@type\":\"ImageObject\",\"inLanguage\":\"es-ES\",\"@id\":\"https:\/\/veritekglobal.com\/es\/#\/schema\/logo\/image\/\",\"url\":\"https:\/\/veritekglobal.com\/es\/wp-content\/uploads\/sites\/3\/2020\/03\/Logo.svg\",\"contentUrl\":\"https:\/\/veritekglobal.com\/es\/wp-content\/uploads\/sites\/3\/2020\/03\/Logo.svg\",\"width\":339,\"height\":144,\"caption\":\"Veritek\"},\"image\":{\"@id\":\"https:\/\/veritekglobal.com\/es\/#\/schema\/logo\/image\/\"}}]}<\/script>\n<!-- \/ Yoast SEO plugin. -->","yoast_head_json":{"title":"Mantenimiento profesional de impresoras e instalaciones gr\u00e1ficas | Veritek","description":"Veritek ofrece soluciones de reparaci\u00f3n y mantenimiento para la industria gr\u00e1fica y de impresi\u00f3n. Instalaciones gr\u00e1ficas especializadas, reparaci\u00f3n de impresoras y suministro de piezas. Haga clic ahora","robots":{"index":"index","follow":"follow","max-snippet":"max-snippet:-1","max-image-preview":"max-image-preview:large","max-video-preview":"max-video-preview:-1"},"canonical":"https:\/\/veritekglobal.com\/es\/industries\/graphics-printer-support\/","og_locale":"es_ES","og_type":"article","og_title":"Mantenimiento profesional de impresoras e instalaciones gr\u00e1ficas | Veritek","og_description":"Veritek ofrece soluciones de reparaci\u00f3n y mantenimiento para la industria gr\u00e1fica y de impresi\u00f3n. Instalaciones gr\u00e1ficas especializadas, reparaci\u00f3n de impresoras y suministro de piezas. Haga clic ahora","og_url":"https:\/\/veritekglobal.com\/es\/industries\/graphics-printer-support\/","og_site_name":"Veritek Spain","article_modified_time":"2020-11-23T11:24:26+00:00","twitter_card":"summary_large_image","schema":{"@context":"https:\/\/schema.org","@graph":[{"@type":"WebPage","@id":"https:\/\/veritekglobal.com\/es\/industries\/graphics-printer-support\/","url":"https:\/\/veritekglobal.com\/es\/industries\/graphics-printer-support\/","name":"Mantenimiento profesional de impresoras e instalaciones gr\u00e1ficas | Veritek","isPartOf":{"@id":"https:\/\/veritekglobal.com\/es\/#website"},"datePublished":"2020-03-18T10:26:54+00:00","dateModified":"2020-11-23T11:24:26+00:00","description":"Veritek ofrece soluciones de reparaci\u00f3n y mantenimiento para la industria gr\u00e1fica y de impresi\u00f3n. Instalaciones gr\u00e1ficas especializadas, reparaci\u00f3n de impresoras y suministro de piezas. Haga clic ahora","breadcrumb":{"@id":"https:\/\/veritekglobal.com\/es\/industries\/graphics-printer-support\/#breadcrumb"},"inLanguage":"es-ES","potentialAction":[{"@type":"ReadAction","target":["https:\/\/veritekglobal.com\/es\/industries\/graphics-printer-support\/"]}]},{"@type":"BreadcrumbList","@id":"https:\/\/veritekglobal.com\/es\/industries\/graphics-printer-support\/#breadcrumb","itemListElement":[{"@type":"ListItem","position":1,"name":"Home","item":"https:\/\/veritekglobal.com\/es\/"},{"@type":"ListItem","position":2,"name":"Soport t\u00e9cnico especializado para notable rango de industrias.","item":"https:\/\/veritekglobal.com\/es\/industries\/"},{"@type":"ListItem","position":3,"name":"Impresi\u00f3n e Industria Gr\u00e1fica"}]},{"@type":"WebSite","@id":"https:\/\/veritekglobal.com\/es\/#website","url":"https:\/\/veritekglobal.com\/es\/","name":"Veritek Spain","description":"Photo Imaging, Print and Graphics, Healthcare and Optical, and Digital Cinema.","publisher":{"@id":"https:\/\/veritekglobal.com\/es\/#organization"},"potentialAction":[{"@type":"SearchAction","target":{"@type":"EntryPoint","urlTemplate":"https:\/\/veritekglobal.com\/es\/?s={search_term_string}"},"query-input":"required name=search_term_string"}],"inLanguage":"es-ES"},{"@type":"Organization","@id":"https:\/\/veritekglobal.com\/es\/#organization","name":"Veritek","url":"https:\/\/veritekglobal.com\/es\/","logo":{"@type":"ImageObject","inLanguage":"es-ES","@id":"https:\/\/veritekglobal.com\/es\/#\/schema\/logo\/image\/","url":"https:\/\/veritekglobal.com\/es\/wp-content\/uploads\/sites\/3\/2020\/03\/Logo.svg","contentUrl":"https:\/\/veritekglobal.com\/es\/wp-content\/uploads\/sites\/3\/2020\/03\/Logo.svg","width":339,"height":144,"caption":"Veritek"},"image":{"@id":"https:\/\/veritekglobal.com\/es\/#\/schema\/logo\/image\/"}}]}},"_links":{"self":[{"href":"https:\/\/veritekglobal.com\/es\/wp-json\/wp\/v2\/pages\/2048"}],"collection":[{"href":"https:\/\/veritekglobal.com\/es\/wp-json\/wp\/v2\/pages"}],"about":[{"href":"https:\/\/veritekglobal.com\/es\/wp-json\/wp\/v2\/types\/page"}],"author":[{"embeddable":true,"href":"https:\/\/veritekglobal.com\/es\/wp-json\/wp\/v2\/users\/32"}],"replies":[{"embeddable":true,"href":"https:\/\/veritekglobal.com\/es\/wp-json\/wp\/v2\/comments?post=2048"}],"version-history":[{"count":2,"href":"https:\/\/veritekglobal.com\/es\/wp-json\/wp\/v2\/pages\/2048\/revisions"}],"predecessor-version":[{"id":3257,"href":"https:\/\/veritekglobal.com\/es\/wp-json\/wp\/v2\/pages\/2048\/revisions\/3257"}],"up":[{"embeddable":true,"href":"https:\/\/veritekglobal.com\/es\/wp-json\/wp\/v2\/pages\/23"}],"wp:attachment":[{"href":"https:\/\/veritekglobal.com\/es\/wp-json\/wp\/v2\/media?parent=2048"}],"curies":[{"name":"wp","href":"https:\/\/api.w.org\/{rel}","templated":true}]}}