{"id":2044,"date":"2020-03-18T10:26:06","date_gmt":"2020-03-18T10:26:06","guid":{"rendered":"https:\/\/veritek.makeaspectacle.co.uk\/?page_id=2044"},"modified":"2021-11-09T12:52:17","modified_gmt":"2021-11-09T12:52:17","slug":"repairs","status":"publish","type":"page","link":"https:\/\/veritekglobal.com\/es\/services\/repairs\/","title":{"rendered":"Reparaciones"},"content":{"rendered":"","protected":false},"excerpt":{"rendered":"<p>Con presencia en toda Europa y t\u00e9cnicos capacitados para dar cobertura a proyectos empresariales de gran dimensi\u00f3n, donde sea que necesite ayuda, la red internacional de Veritek proporciona una gama de servicios amplia como reparaci\u00f3n, piezas de repuesto, recambios latentes similares, traslado y arreglo de sus dispositivos a nuestras instalaciones, reacondicionamientos para cualquier tipo de tecnolog\u00eda con alta complejidad. <\/p>\n","protected":false},"author":32,"featured_media":0,"parent":21,"menu_order":25,"comment_status":"closed","ping_status":"closed","template":"page-service-type.php","meta":{"footnotes":""},"yoast_head":"<!-- This site is optimized with the Yoast SEO plugin v21.2 - https:\/\/yoast.com\/wordpress\/plugins\/seo\/ -->\n<title>Reparaci\u00f3n de equipos comerciales | R\u00e1pido y fiable | Veritek<\/title>\n<meta name=\"description\" content=\"Veritek ofrece reparaciones r\u00e1pidas y fiables de equipos comerciales especializados en toda Europa, incluidas reparaciones de cadena de fr\u00edo, agricolas e impresoras. Haga clic ahora!\" \/>\n<meta name=\"robots\" content=\"index, follow, max-snippet:-1, max-image-preview:large, max-video-preview:-1\" \/>\n<link rel=\"canonical\" href=\"https:\/\/veritekglobal.com\/es\/services\/repairs\/\" \/>\n<meta property=\"og:locale\" content=\"es_ES\" \/>\n<meta property=\"og:type\" content=\"article\" \/>\n<meta property=\"og:title\" content=\"Reparaci\u00f3n de equipos comerciales | R\u00e1pido y fiable | Veritek\" \/>\n<meta property=\"og:description\" content=\"Veritek ofrece reparaciones r\u00e1pidas y fiables de equipos comerciales especializados en toda Europa, incluidas reparaciones de cadena de fr\u00edo, agricolas e impresoras. Haga clic ahora!\" \/>\n<meta property=\"og:url\" content=\"https:\/\/veritekglobal.com\/es\/services\/repairs\/\" \/>\n<meta property=\"og:site_name\" content=\"Veritek Spain\" \/>\n<meta property=\"article:modified_time\" content=\"2021-11-09T12:52:17+00:00\" \/>\n<meta name=\"twitter:card\" content=\"summary_large_image\" \/>\n<script type=\"application\/ld+json\" class=\"yoast-schema-graph\">{\"@context\":\"https:\/\/schema.org\",\"@graph\":[{\"@type\":\"WebPage\",\"@id\":\"https:\/\/veritekglobal.com\/es\/services\/repairs\/\",\"url\":\"https:\/\/veritekglobal.com\/es\/services\/repairs\/\",\"name\":\"Reparaci\u00f3n de equipos comerciales | R\u00e1pido y fiable | Veritek\",\"isPartOf\":{\"@id\":\"https:\/\/veritekglobal.com\/es\/#website\"},\"datePublished\":\"2020-03-18T10:26:06+00:00\",\"dateModified\":\"2021-11-09T12:52:17+00:00\",\"description\":\"Veritek ofrece reparaciones r\u00e1pidas y fiables de equipos comerciales especializados en toda Europa, incluidas reparaciones de cadena de fr\u00edo, agricolas e impresoras. Haga clic ahora!\",\"breadcrumb\":{\"@id\":\"https:\/\/veritekglobal.com\/es\/services\/repairs\/#breadcrumb\"},\"inLanguage\":\"es-ES\",\"potentialAction\":[{\"@type\":\"ReadAction\",\"target\":[\"https:\/\/veritekglobal.com\/es\/services\/repairs\/\"]}]},{\"@type\":\"BreadcrumbList\",\"@id\":\"https:\/\/veritekglobal.com\/es\/services\/repairs\/#breadcrumb\",\"itemListElement\":[{\"@type\":\"ListItem\",\"position\":1,\"name\":\"Home\",\"item\":\"https:\/\/veritekglobal.com\/es\/\"},{\"@type\":\"ListItem\",\"position\":2,\"name\":\"Nuestra Gama de Servicios\",\"item\":\"https:\/\/veritekglobal.com\/es\/services\/\"},{\"@type\":\"ListItem\",\"position\":3,\"name\":\"Reparaciones\"}]},{\"@type\":\"WebSite\",\"@id\":\"https:\/\/veritekglobal.com\/es\/#website\",\"url\":\"https:\/\/veritekglobal.com\/es\/\",\"name\":\"Veritek Spain\",\"description\":\"Photo Imaging, Print and Graphics, Healthcare and Optical, and Digital Cinema.\",\"publisher\":{\"@id\":\"https:\/\/veritekglobal.com\/es\/#organization\"},\"potentialAction\":[{\"@type\":\"SearchAction\",\"target\":{\"@type\":\"EntryPoint\",\"urlTemplate\":\"https:\/\/veritekglobal.com\/es\/?s={search_term_string}\"},\"query-input\":\"required name=search_term_string\"}],\"inLanguage\":\"es-ES\"},{\"@type\":\"Organization\",\"@id\":\"https:\/\/veritekglobal.com\/es\/#organization\",\"name\":\"Veritek\",\"url\":\"https:\/\/veritekglobal.com\/es\/\",\"logo\":{\"@type\":\"ImageObject\",\"inLanguage\":\"es-ES\",\"@id\":\"https:\/\/veritekglobal.com\/es\/#\/schema\/logo\/image\/\",\"url\":\"https:\/\/veritekglobal.com\/es\/wp-content\/uploads\/sites\/3\/2020\/03\/Logo.svg\",\"contentUrl\":\"https:\/\/veritekglobal.com\/es\/wp-content\/uploads\/sites\/3\/2020\/03\/Logo.svg\",\"width\":339,\"height\":144,\"caption\":\"Veritek\"},\"image\":{\"@id\":\"https:\/\/veritekglobal.com\/es\/#\/schema\/logo\/image\/\"}}]}<\/script>\n<!-- \/ Yoast SEO plugin. -->","yoast_head_json":{"title":"Reparaci\u00f3n de equipos comerciales | R\u00e1pido y fiable | Veritek","description":"Veritek ofrece reparaciones r\u00e1pidas y fiables de equipos comerciales especializados en toda Europa, incluidas reparaciones de cadena de fr\u00edo, agricolas e impresoras. Haga clic ahora!","robots":{"index":"index","follow":"follow","max-snippet":"max-snippet:-1","max-image-preview":"max-image-preview:large","max-video-preview":"max-video-preview:-1"},"canonical":"https:\/\/veritekglobal.com\/es\/services\/repairs\/","og_locale":"es_ES","og_type":"article","og_title":"Reparaci\u00f3n de equipos comerciales | R\u00e1pido y fiable | Veritek","og_description":"Veritek ofrece reparaciones r\u00e1pidas y fiables de equipos comerciales especializados en toda Europa, incluidas reparaciones de cadena de fr\u00edo, agricolas e impresoras. Haga clic ahora!","og_url":"https:\/\/veritekglobal.com\/es\/services\/repairs\/","og_site_name":"Veritek Spain","article_modified_time":"2021-11-09T12:52:17+00:00","twitter_card":"summary_large_image","schema":{"@context":"https:\/\/schema.org","@graph":[{"@type":"WebPage","@id":"https:\/\/veritekglobal.com\/es\/services\/repairs\/","url":"https:\/\/veritekglobal.com\/es\/services\/repairs\/","name":"Reparaci\u00f3n de equipos comerciales | R\u00e1pido y fiable | Veritek","isPartOf":{"@id":"https:\/\/veritekglobal.com\/es\/#website"},"datePublished":"2020-03-18T10:26:06+00:00","dateModified":"2021-11-09T12:52:17+00:00","description":"Veritek ofrece reparaciones r\u00e1pidas y fiables de equipos comerciales especializados en toda Europa, incluidas reparaciones de cadena de fr\u00edo, agricolas e impresoras. Haga clic ahora!","breadcrumb":{"@id":"https:\/\/veritekglobal.com\/es\/services\/repairs\/#breadcrumb"},"inLanguage":"es-ES","potentialAction":[{"@type":"ReadAction","target":["https:\/\/veritekglobal.com\/es\/services\/repairs\/"]}]},{"@type":"BreadcrumbList","@id":"https:\/\/veritekglobal.com\/es\/services\/repairs\/#breadcrumb","itemListElement":[{"@type":"ListItem","position":1,"name":"Home","item":"https:\/\/veritekglobal.com\/es\/"},{"@type":"ListItem","position":2,"name":"Nuestra Gama de Servicios","item":"https:\/\/veritekglobal.com\/es\/services\/"},{"@type":"ListItem","position":3,"name":"Reparaciones"}]},{"@type":"WebSite","@id":"https:\/\/veritekglobal.com\/es\/#website","url":"https:\/\/veritekglobal.com\/es\/","name":"Veritek Spain","description":"Photo Imaging, Print and Graphics, Healthcare and Optical, and Digital Cinema.","publisher":{"@id":"https:\/\/veritekglobal.com\/es\/#organization"},"potentialAction":[{"@type":"SearchAction","target":{"@type":"EntryPoint","urlTemplate":"https:\/\/veritekglobal.com\/es\/?s={search_term_string}"},"query-input":"required name=search_term_string"}],"inLanguage":"es-ES"},{"@type":"Organization","@id":"https:\/\/veritekglobal.com\/es\/#organization","name":"Veritek","url":"https:\/\/veritekglobal.com\/es\/","logo":{"@type":"ImageObject","inLanguage":"es-ES","@id":"https:\/\/veritekglobal.com\/es\/#\/schema\/logo\/image\/","url":"https:\/\/veritekglobal.com\/es\/wp-content\/uploads\/sites\/3\/2020\/03\/Logo.svg","contentUrl":"https:\/\/veritekglobal.com\/es\/wp-content\/uploads\/sites\/3\/2020\/03\/Logo.svg","width":339,"height":144,"caption":"Veritek"},"image":{"@id":"https:\/\/veritekglobal.com\/es\/#\/schema\/logo\/image\/"}}]}},"_links":{"self":[{"href":"https:\/\/veritekglobal.com\/es\/wp-json\/wp\/v2\/pages\/2044"}],"collection":[{"href":"https:\/\/veritekglobal.com\/es\/wp-json\/wp\/v2\/pages"}],"about":[{"href":"https:\/\/veritekglobal.com\/es\/wp-json\/wp\/v2\/types\/page"}],"author":[{"embeddable":true,"href":"https:\/\/veritekglobal.com\/es\/wp-json\/wp\/v2\/users\/32"}],"replies":[{"embeddable":true,"href":"https:\/\/veritekglobal.com\/es\/wp-json\/wp\/v2\/comments?post=2044"}],"version-history":[{"count":5,"href":"https:\/\/veritekglobal.com\/es\/wp-json\/wp\/v2\/pages\/2044\/revisions"}],"predecessor-version":[{"id":3313,"href":"https:\/\/veritekglobal.com\/es\/wp-json\/wp\/v2\/pages\/2044\/revisions\/3313"}],"up":[{"embeddable":true,"href":"https:\/\/veritekglobal.com\/es\/wp-json\/wp\/v2\/pages\/21"}],"wp:attachment":[{"href":"https:\/\/veritekglobal.com\/es\/wp-json\/wp\/v2\/media?parent=2044"}],"curies":[{"name":"wp","href":"https:\/\/api.w.org\/{rel}","templated":true}]}}