{"id":4165,"date":"2025-05-01T16:57:53","date_gmt":"2025-05-01T15:57:53","guid":{"rendered":"https:\/\/veritekglobal.com\/de\/?page_id=4165"},"modified":"2025-05-01T16:57:53","modified_gmt":"2025-05-01T15:57:53","slug":"nachhaltigkeit","status":"publish","type":"page","link":"https:\/\/veritekglobal.com\/de\/nachhaltigkeit\/","title":{"rendered":"Nachhaltigkeit"},"content":{"rendered":"<h2>Realit\u00e4tscheck<\/h2>\n<p>Unser Unternehmen wartet und repariert gesch\u00e4ftskritische und hochwertige Ger\u00e4te im Auftrag von Originalger\u00e4teherstellern (OEMs), um:<\/p>\n<ul>\n<li>Energieeffizienz zu steigern: Regelm\u00e4\u00dfige Wartung und Upgrades halten Maschinen auf H\u00f6chstleistung und helfen so, den Energieverbrauch und die damit verbundenen Treibhausgasemissionen zu reduzieren.<\/li>\n<li>Abfall zu reduzieren: Durch die Reparatur oder Aufbereitung von Ger\u00e4ten anstatt deren Entsorgung. So tragen wir zu einem zirkul\u00e4ren Wirtschaftsmodell bei, in dem Ressourcen m\u00f6glichst lange im Umlauf bleiben \u2013 mit weniger Bedarf an Rohstoffgewinnung und Abfallentsorgung.<\/li>\n<li>Lebensdauer zu erh\u00f6hen: Indem wir eine vorzeitige Entsorgung und den Verbrauch neuer Ressourcen vermeiden, reduzieren wir Abfall und schonen nat\u00fcrliche Ressourcen.<\/li>\n<\/ul>\n<p>Gleichzeitig erkennen wir an, dass unser Gesch\u00e4ftsmodell darauf basiert, dass unsere Servicetechniker mit dem Auto zu Kundeneins\u00e4tzen reisen.<\/p>\n<p>Als kleines bis mittelst\u00e4ndisches Unternehmen (KMU) sind unsere M\u00f6glichkeiten zur Ausweitung unserer Nachhaltigkeitsbem\u00fchungen au\u00dferdem durch begrenzte Ressourcen eingeschr\u00e4nkt.<\/p>\n<h2>Unser Ansatz<\/h2>\n<p>Nachhaltigkeit bedeutet f\u00fcr unser KMU mehr als nur Umweltschutz.<\/p>\n<p>Um zu einer nachhaltigeren Zukunft beizutragen, verfolgen wir einen pragmatischen und langfristig orientierten Ansatz, der bestehende H\u00fcrden \u00fcberwindet.<\/p>\n<h2>Unsere Priorit\u00e4ten<\/h2>\n<p>Wir sichern unsere langfristige Stabilit\u00e4t und Resilienz, indem wir Nachhaltigkeit in wirtschaftlichen, unternehmerischen, \u00f6kologischen und partnerschaftlichen Bereichen leben.<\/p>\n<h2>\u00d6konomische Nachhaltigkeit<\/h2>\n<p>Zur Sicherung unserer Zukunftsf\u00e4higkeit diversifizieren wir unsere Einnahmequellen \u00fcber verschiedene Sektoren hinweg \u2013 darunter Grafik, Gesundheitswesen, Augenoptik, digitales Kino und Robotik.<\/p>\n<p>Zus\u00e4tzlich investieren wir in Innovation und Technologie, um wettbewerbsf\u00e4hig zu bleiben und unsere Ressourcen effizient zu nutzen.<\/p>\n<h2>Governance und ethische Grunds\u00e4tze<\/h2>\n<p>Gute Unternehmensf\u00fchrung und ethisches Gesch\u00e4ftsgebaren sind f\u00fcr uns zentrale S\u00e4ulen der Nachhaltigkeit.<\/p>\n<p>Seit 2009 sind wir nach ISO 9001 zertifiziert \u2013 einem international anerkannten Standard f\u00fcr Qualit\u00e4tsmanagement.<\/p>\n<p>Dar\u00fcber hinaus werden unsere Nachhaltigkeitspraktiken j\u00e4hrlich durch EcoVadis \u2013 dem weltweit gr\u00f6\u00dften und renommiertesten Anbieter von Nachhaltigkeitsratings \u2013 gepr\u00fcft.<\/p>\n<p>Unsere Bewertungen haben uns bereits zweimal eine Silbermedaille und eine Scorecard eingebracht \u2013 ein Beweis f\u00fcr unsere Transparenz, Verantwortlichkeit und hohen ethischen Standards.<\/p>\n<h2>Nachhaltigkeit durch Innovation und Effizienz<\/h2>\n<p>Als nachhaltigkeitsorientiertes KMU nutzen wir innovative Technologien und Methoden im Au\u00dfendienst und im operativen Management, um Umweltauswirkungen zu minimieren und Effizienz zu maximieren.<\/p>\n<p>Dank unserer agilen Herangehensweise k\u00f6nnen wir flexibel auf sich wandelnde Marktbed\u00fcrfnisse reagieren und ma\u00dfgeschneiderte L\u00f6sungen f\u00fcr unsere OEM-Partner bieten.<\/p>\n<h2>\u00d6kologische Nachhaltigkeit<\/h2>\n<p>Wie bereits erw\u00e4hnt, basiert das Gesch\u00e4ftsmodell von Veritek auf der Verl\u00e4ngerung der Produktlebensdauer und der Reduktion unseres \u00f6kologischen Fu\u00dfabdrucks.<\/p>\n<p>Wir reduzieren CO\u2082-Emissionen im Au\u00dfendienst durch den Einsatz kraftstoffeffizienter Fahrzeuge, optimierte Routenplanung und Ferndiagnosen.<\/p>\n<p>Zudem setzen wir in unserem Unternehmen \u00fcberall dort, wo es m\u00f6glich ist, auf nachhaltige Praktiken.<\/p>\n<h2>Nachhaltigkeit durch langfristige Zusammenarbeit<\/h2>\n<p>Seit fast 40 Jahren bauen wir auf langfristige Partnerschaften, die von Vertrauen, Verl\u00e4sslichkeit und gemeinsamen Werten gepr\u00e4gt sind.<\/p>\n<p>Solche Kooperationen sichern Stabilit\u00e4t und Kundenzufriedenheit.<\/p>\n<p>Zudem f\u00f6rdern sie Wissensaustausch und kontinuierliche Weiterentwicklung.<\/p>\n<h2>Unser Versprechen<\/h2>\n<p>Mit dem Wachstum unseres KMUs entwickeln sich auch unsere Nachhaltigkeitsinitiativen weiter.<\/p>\n<p>Indem wir Nachhaltigkeit als Motor f\u00fcr Anpassungsf\u00e4higkeit, Innovation, Wettbewerbsf\u00e4higkeit und langfristige Wertsch\u00f6pfung verstehen, m\u00f6chten wir unsere Branche aktiv mitgestalten und zu einer nachhaltigeren Zukunft beitragen.<\/p>\n<p>Bei Veritek ist Nachhaltigkeit nicht nur eine Entscheidung \u2013 sie ist fest in unserer DNA verankert und ein Versprechen.<\/p>\n<p>W\u00e4hlen Sie Veritek als Ihren nachhaltigkeitsorientierten Servicepartner.<\/p>\n<p>Lassen Sie uns gemeinsam eine Zukunft gestalten, in der Vertrauen, Verl\u00e4sslichkeit und Nachhaltigkeit Hand in Hand gehen.<\/p>\n","protected":false},"excerpt":{"rendered":"<p>Realit\u00e4tscheck Unser Unternehmen wartet und repariert gesch\u00e4ftskritische und hochwertige Ger\u00e4te im Auftrag von Originalger\u00e4teherstellern (OEMs), um: Energieeffizienz zu steigern: Regelm\u00e4\u00dfige Wartung und Upgrades halten Maschinen auf H\u00f6chstleistung und helfen so, den Energieverbrauch und die damit verbundenen Treibhausgasemissionen zu reduzieren. Abfall zu reduzieren: Durch die Reparatur oder Aufbereitung von Ger\u00e4ten anstatt deren Entsorgung. So tragen wir [&hellip;]<\/p>\n","protected":false},"author":65,"featured_media":0,"parent":0,"menu_order":0,"comment_status":"closed","ping_status":"closed","template":"","meta":{"footnotes":""},"yoast_head":"<!-- This site is optimized with the Yoast SEO plugin v21.2 - https:\/\/yoast.com\/wordpress\/plugins\/seo\/ -->\n<title>Nachhaltigkeit | Veritek Germany<\/title>\n<meta name=\"description\" content=\"Bei Veritek ist Nachhaltigkeit nicht nur eine Entscheidung \u2013 sie ist fest in unserer DNA verankert und ein Versprechen.\" \/>\n<meta name=\"robots\" content=\"index, follow, max-snippet:-1, max-image-preview:large, max-video-preview:-1\" \/>\n<link rel=\"canonical\" href=\"https:\/\/veritekglobal.com\/de\/nachhaltigkeit\/\" \/>\n<meta property=\"og:locale\" content=\"de_DE\" \/>\n<meta property=\"og:type\" content=\"article\" \/>\n<meta property=\"og:title\" content=\"Nachhaltigkeit | Veritek Germany\" \/>\n<meta property=\"og:description\" content=\"Bei Veritek ist Nachhaltigkeit nicht nur eine Entscheidung \u2013 sie ist fest in unserer DNA verankert und ein Versprechen.\" \/>\n<meta property=\"og:url\" content=\"https:\/\/veritekglobal.com\/de\/nachhaltigkeit\/\" \/>\n<meta property=\"og:site_name\" content=\"Veritek Germany\" \/>\n<meta name=\"twitter:card\" content=\"summary_large_image\" \/>\n<meta name=\"twitter:label1\" content=\"Est. reading time\" \/>\n\t<meta name=\"twitter:data1\" content=\"3 minutes\" \/>\n<script type=\"application\/ld+json\" class=\"yoast-schema-graph\">{\"@context\":\"https:\/\/schema.org\",\"@graph\":[{\"@type\":\"WebPage\",\"@id\":\"https:\/\/veritekglobal.com\/de\/nachhaltigkeit\/\",\"url\":\"https:\/\/veritekglobal.com\/de\/nachhaltigkeit\/\",\"name\":\"Nachhaltigkeit | Veritek Germany\",\"isPartOf\":{\"@id\":\"https:\/\/veritekglobal.com\/de\/#website\"},\"datePublished\":\"2025-05-01T15:57:53+00:00\",\"dateModified\":\"2025-05-01T15:57:53+00:00\",\"description\":\"Bei Veritek ist Nachhaltigkeit nicht nur eine Entscheidung \u2013 sie ist fest in unserer DNA verankert und ein Versprechen.\",\"breadcrumb\":{\"@id\":\"https:\/\/veritekglobal.com\/de\/nachhaltigkeit\/#breadcrumb\"},\"inLanguage\":\"de-DE\",\"potentialAction\":[{\"@type\":\"ReadAction\",\"target\":[\"https:\/\/veritekglobal.com\/de\/nachhaltigkeit\/\"]}]},{\"@type\":\"BreadcrumbList\",\"@id\":\"https:\/\/veritekglobal.com\/de\/nachhaltigkeit\/#breadcrumb\",\"itemListElement\":[{\"@type\":\"ListItem\",\"position\":1,\"name\":\"Home\",\"item\":\"https:\/\/veritekglobal.com\/de\/\"},{\"@type\":\"ListItem\",\"position\":2,\"name\":\"Nachhaltigkeit\"}]},{\"@type\":\"WebSite\",\"@id\":\"https:\/\/veritekglobal.com\/de\/#website\",\"url\":\"https:\/\/veritekglobal.com\/de\/\",\"name\":\"Veritek Germany\",\"description\":\"Photo Imaging, Print and Graphics, Healthcare and Optical, and Digital Cinema.\",\"publisher\":{\"@id\":\"https:\/\/veritekglobal.com\/de\/#organization\"},\"potentialAction\":[{\"@type\":\"SearchAction\",\"target\":{\"@type\":\"EntryPoint\",\"urlTemplate\":\"https:\/\/veritekglobal.com\/de\/?s={search_term_string}\"},\"query-input\":\"required name=search_term_string\"}],\"inLanguage\":\"de-DE\"},{\"@type\":\"Organization\",\"@id\":\"https:\/\/veritekglobal.com\/de\/#organization\",\"name\":\"Veritek\",\"url\":\"https:\/\/veritekglobal.com\/de\/\",\"logo\":{\"@type\":\"ImageObject\",\"inLanguage\":\"de-DE\",\"@id\":\"https:\/\/veritekglobal.com\/de\/#\/schema\/logo\/image\/\",\"url\":\"https:\/\/veritekglobal.com\/de\/wp-content\/uploads\/sites\/4\/2020\/03\/Logo.svg\",\"contentUrl\":\"https:\/\/veritekglobal.com\/de\/wp-content\/uploads\/sites\/4\/2020\/03\/Logo.svg\",\"width\":339,\"height\":144,\"caption\":\"Veritek\"},\"image\":{\"@id\":\"https:\/\/veritekglobal.com\/de\/#\/schema\/logo\/image\/\"}}]}<\/script>\n<!-- \/ Yoast SEO plugin. -->","yoast_head_json":{"title":"Nachhaltigkeit | Veritek Germany","description":"Bei Veritek ist Nachhaltigkeit nicht nur eine Entscheidung \u2013 sie ist fest in unserer DNA verankert und ein Versprechen.","robots":{"index":"index","follow":"follow","max-snippet":"max-snippet:-1","max-image-preview":"max-image-preview:large","max-video-preview":"max-video-preview:-1"},"canonical":"https:\/\/veritekglobal.com\/de\/nachhaltigkeit\/","og_locale":"de_DE","og_type":"article","og_title":"Nachhaltigkeit | Veritek Germany","og_description":"Bei Veritek ist Nachhaltigkeit nicht nur eine Entscheidung \u2013 sie ist fest in unserer DNA verankert und ein Versprechen.","og_url":"https:\/\/veritekglobal.com\/de\/nachhaltigkeit\/","og_site_name":"Veritek Germany","twitter_card":"summary_large_image","twitter_misc":{"Est. reading time":"3 minutes"},"schema":{"@context":"https:\/\/schema.org","@graph":[{"@type":"WebPage","@id":"https:\/\/veritekglobal.com\/de\/nachhaltigkeit\/","url":"https:\/\/veritekglobal.com\/de\/nachhaltigkeit\/","name":"Nachhaltigkeit | Veritek Germany","isPartOf":{"@id":"https:\/\/veritekglobal.com\/de\/#website"},"datePublished":"2025-05-01T15:57:53+00:00","dateModified":"2025-05-01T15:57:53+00:00","description":"Bei Veritek ist Nachhaltigkeit nicht nur eine Entscheidung \u2013 sie ist fest in unserer DNA verankert und ein Versprechen.","breadcrumb":{"@id":"https:\/\/veritekglobal.com\/de\/nachhaltigkeit\/#breadcrumb"},"inLanguage":"de-DE","potentialAction":[{"@type":"ReadAction","target":["https:\/\/veritekglobal.com\/de\/nachhaltigkeit\/"]}]},{"@type":"BreadcrumbList","@id":"https:\/\/veritekglobal.com\/de\/nachhaltigkeit\/#breadcrumb","itemListElement":[{"@type":"ListItem","position":1,"name":"Home","item":"https:\/\/veritekglobal.com\/de\/"},{"@type":"ListItem","position":2,"name":"Nachhaltigkeit"}]},{"@type":"WebSite","@id":"https:\/\/veritekglobal.com\/de\/#website","url":"https:\/\/veritekglobal.com\/de\/","name":"Veritek Germany","description":"Photo Imaging, Print and Graphics, Healthcare and Optical, and Digital Cinema.","publisher":{"@id":"https:\/\/veritekglobal.com\/de\/#organization"},"potentialAction":[{"@type":"SearchAction","target":{"@type":"EntryPoint","urlTemplate":"https:\/\/veritekglobal.com\/de\/?s={search_term_string}"},"query-input":"required name=search_term_string"}],"inLanguage":"de-DE"},{"@type":"Organization","@id":"https:\/\/veritekglobal.com\/de\/#organization","name":"Veritek","url":"https:\/\/veritekglobal.com\/de\/","logo":{"@type":"ImageObject","inLanguage":"de-DE","@id":"https:\/\/veritekglobal.com\/de\/#\/schema\/logo\/image\/","url":"https:\/\/veritekglobal.com\/de\/wp-content\/uploads\/sites\/4\/2020\/03\/Logo.svg","contentUrl":"https:\/\/veritekglobal.com\/de\/wp-content\/uploads\/sites\/4\/2020\/03\/Logo.svg","width":339,"height":144,"caption":"Veritek"},"image":{"@id":"https:\/\/veritekglobal.com\/de\/#\/schema\/logo\/image\/"}}]}},"_links":{"self":[{"href":"https:\/\/veritekglobal.com\/de\/wp-json\/wp\/v2\/pages\/4165"}],"collection":[{"href":"https:\/\/veritekglobal.com\/de\/wp-json\/wp\/v2\/pages"}],"about":[{"href":"https:\/\/veritekglobal.com\/de\/wp-json\/wp\/v2\/types\/page"}],"author":[{"embeddable":true,"href":"https:\/\/veritekglobal.com\/de\/wp-json\/wp\/v2\/users\/65"}],"replies":[{"embeddable":true,"href":"https:\/\/veritekglobal.com\/de\/wp-json\/wp\/v2\/comments?post=4165"}],"version-history":[{"count":1,"href":"https:\/\/veritekglobal.com\/de\/wp-json\/wp\/v2\/pages\/4165\/revisions"}],"predecessor-version":[{"id":4166,"href":"https:\/\/veritekglobal.com\/de\/wp-json\/wp\/v2\/pages\/4165\/revisions\/4166"}],"wp:attachment":[{"href":"https:\/\/veritekglobal.com\/de\/wp-json\/wp\/v2\/media?parent=4165"}],"curies":[{"name":"wp","href":"https:\/\/api.w.org\/{rel}","templated":true}]}}