{"id":3519,"date":"2022-06-08T11:51:03","date_gmt":"2022-06-08T10:51:03","guid":{"rendered":"https:\/\/veritekglobal.com\/de\/?page_id=3519"},"modified":"2022-06-08T11:51:03","modified_gmt":"2022-06-08T10:51:03","slug":"8-moeglichkeiten-wie-ein-service-partner-im-technischen-aussendienst-die-markteinfuehrungsstrategien-von-cobot-oems-unterstuetzt","status":"publish","type":"page","link":"https:\/\/veritekglobal.com\/de\/8-moeglichkeiten-wie-ein-service-partner-im-technischen-aussendienst-die-markteinfuehrungsstrategien-von-cobot-oems-unterstuetzt\/","title":{"rendered":"8 M\u00f6glichkeiten, wie ein Service-Partner im technischen Au\u00dfendienst die Markteinf\u00fchrungsstrategien von Cobot-OEMs unterst\u00fctzt"},"content":{"rendered":"<p>Wenn Sie ein Cobot-OEM sind, der in den schnell wachsenden KMU-Markt einsteigen m\u00f6chte, wissen Sie, dass die Vereinfachung von Installation, Bereitstellung und Wartung den Markt antreibt.<\/p>\n<p>Dar\u00fcber hinaus macht ein effektiver Vertriebsprozess den Unterschied f\u00fcr die K\u00e4ufer aus.<\/p>\n<p>Hier erfahren Sie, wie ein Service-Partner im technischen Au\u00dfenedienst Ihre Kapazit\u00e4t erh\u00f6ht, um einen umfangreicheren KMU-Kundenstamm zu unterst\u00fctzen.<\/p>\n<p>Au\u00dferdem erl\u00e4utere ich, wie eine Partnerschaft die Kapazit\u00e4ten Ihrer hochqualifizierten und sachkundigen Techniker f\u00fcr Ihre Markteinf\u00fchrungsstrategie freimacht.<\/p>\n<h2>1. Ein Servicepartner im technischen Au\u00dfendienst f\u00fcr Cobot-OEMs richtet sich nach Ihren Zielen aus<\/h2>\n<p>Lassen Sie uns eines klarstellen. Ein Servicepartner im technischen Au\u00dfendienst muss kein Mitbewerber sein. Er bietet einfach Support-Services im Au\u00dfendienst.<\/p>\n<p>Anders ausgedr\u00fcckt: Es liegt im Interesse Ihres Partners, dass Sie schnell skalieren und Ihre Wachstumsziele erreichen.<\/p>\n<h2>2. Vermeidet Personalkosten f\u00fcr die Ausweitung des After-Sales-Service im KMU-Markt<\/h2>\n<p>Ihre Techniker sind Ihr Kapital. Sie verf\u00fcgen \u00fcber fundierte Kenntnisse und ein tiefes Verst\u00e4ndnis Ihrer Technologie. Sie m\u00f6chten also, dass sie Ihren Verkaufsprozess unterst\u00fctzen.<\/p>\n<p>Insbesondere m\u00f6chten Sie, dass sie in den Pre-Sales einbezogen werden, indem sie die Machbarkeit pr\u00fcfen, die Installation unterst\u00fctzen und als vertrauensw\u00fcrdige Berater fungieren.<\/p>\n<p>Ein Servicepartner im Au\u00dfendienst entlastet Ihre Techniker, indem er Ihre Kapazit\u00e4ten f\u00fcr die Bereitstellung von technischem Support erweitert.<\/p>\n<p>Zur Erl\u00e4uterung: Ihr Partner k\u00fcmmert sich um laufende Serviceverpflichtungen, w\u00e4hrend Sie sich auf Ihre Markteinf\u00fchrungsstrategie konzentrieren.<\/p>\n<h2>3. Gibt Cobot-OEMs die M\u00f6glichkeit, eine gro\u00dfe Anzahl kleinerer Kunden zu erreichen<\/h2>\n<p>Im Gegensatz zur Unterst\u00fctzung gro\u00dfer Unternehmenskunden m\u00fcssen Sie bereit sein, Ihre geografische Reichweite zu erh\u00f6hen, wenn Sie KMU ansprechen.<\/p>\n<p>Mit einem Servicepartner k\u00f6nnen Sie Au\u00dfendiensttechniker f\u00fcr KMU-Kunden einsetzen, wo und wann immer sie ben\u00f6tigt werden.<\/p>\n<p>Dadurch reduzieren Sie die Belastung bestehender Systeme und Prozesse.<\/p>\n<h2>4. Stellt sicher, dass der Service f\u00fcr Ihren neuen KMU-Markt erschwinglich und zug\u00e4nglich ist<\/h2>\n<p>In den meisten F\u00e4llen k\u00f6nnen KMU die Kosten f\u00fcr die Besch\u00e4ftigung eines voll ausgebildeten Servicetechnikers f\u00fcr die Betreuung eines einzigen Cobots nicht rechtfertigen. Oder tats\u00e4chlich die regelm\u00e4\u00dfige Notwendigkeit von Fehlerdiagnose und -reparatur.<\/p>\n<p>Gleichzeitig werden sie jedoch eine hohe Verf\u00fcgbarkeit und Laufzeit von ihren Cobots verlangen.<\/p>\n<p>Wenn Sie mit einem Au\u00dfendienstpartner zusammenarbeiten, verf\u00fcgt dieser \u00fcber die Kapazit\u00e4t und die Prozesse, um Au\u00dfendiensttechniker kosteng\u00fcnstig einzusetzen.<\/p>\n<p>Potenzielle KMU-Kunden werden die Cost of Ownership eines Cobots daher noch attraktiver finden.<\/p>\n<h2>5. Hilft Cobotic-OEMs, ein best\u00e4ndiges Kundenerlebnis zu bieten<\/h2>\n<p>Da Cobots produktivit\u00e4tssteigernde Tools sind, verlassen sich Ihre Kunden darauf, dass sie ihrem Unternehmen einen best\u00e4ndigen Mehrwert bieten.<\/p>\n<p>Ein Support-Partner im technischen Au\u00dfendienst sorgt daf\u00fcr, dass Ihre Cobots Spitzenleistungen erbringen und stets mit maximaler Effizienz arbeiten.<\/p>\n<p>Als Ergebnis k\u00f6nnen Sie Kundenzufriedenheit erwarten.<\/p>\n<h2>6. Sch\u00fctzt Ihre Marke und Ihre Reputation<\/h2>\n<p>Ihre Kunden entscheiden sich daf\u00fcr, bei Ihnen wegen Ihrer Qualit\u00e4t und Feinwerktechnik zu kaufen.<\/p>\n<p>Aus diesem Grund w\u00fcrden Sie erwarten, dass Sie die Techniker Ihres Servicepartners nach den gleichen Standards wie Ihre eigenen Techniker schulen.<\/p>\n<p>Wenn der Partner die einzigartigen M\u00f6glichkeiten und Einzelheiten Ihrer Produkte versteht, k\u00f6nnen Sie sich darauf verlassen, dass er Ihre Reputation und Ihre Marke sch\u00fctzt.<\/p>\n<h2>7. Ein Servicepartner integriert sich in Ihren System-Workflow<\/h2>\n<p>Um den maximalen Nutzen aus Ihrem Servicepartner im technischen Au\u00dfendienst zu ziehen, betrachten Sie Ihren Partner als eine Erweiterung Ihres Teams.<\/p>\n<p>Vereinbaren Sie zu Beginn Ihrer Zusammenarbeit Meilensteine und Informations-Flows und definieren Sie Prozesse und Reporting-Verfahren.<\/p>\n<p>Daraus resultierend werden Sie feststellen, dass der Zugang zu einem globalen Talentpool f\u00fcr Au\u00dfendiensttechniker Ihre Produktivit\u00e4t und Effizienz steigert und gleichzeitig die Bedenken hinsichtlich der Implementierung einer Markteinf\u00fchrungsstrategie verringert.<\/p>\n<h2>8. Stellt Ihr kontinuierliches Wachstum sicher<\/h2>\n<p>Unternehmen, bei denen die Kundenzufriedenheit an erster Stelle steht, f\u00f6rdern Loyalit\u00e4t und Weiterempfehlung. Loyalit\u00e4t und Weiterempfehlung wiederum schaffen Vertrauen. F\u00fcr einen OEM f\u00fchrt die Zusammenarbeit mit einem vertrauensw\u00fcrdigen Servicepartner im technischen Au\u00dfendienst zu Umsatzsteigerungen.<\/p>\n<h2>Abschlie\u00dfende Gedanken<\/h2>\n<p>Der Markt f\u00fcr Cobots ist der am schnellsten wachsende im Robotik-Bereich. Und es ist die schnelle Einf\u00fchrung von Cobots durch KMU, die die Nachfrage anheizt.<\/p>\n<p>Das Potenzial f\u00fcr OEMs, in den KMU-Markt einzusteigen, ist nur durch die Ressourcen begrenzt, die f\u00fcr die Installation, Bereitstellung und Wartung von Cobots ben\u00f6tigt werden.<\/p>\n<p>Ein Servicepartner im technischen Au\u00dfendienst kann OEMs dabei helfen, ein langfristiges exponentielles Wachstum zu erzielen.<\/p>\n<p>OEMs, die in Servicepartner im Au\u00dfendienst investieren, setzen kompetente Techniker-Ressourcen frei, erweitern die Servicef\u00e4higkeit und verbessern das Kundenerlebnis.<\/p>\n<p>Was k\u00f6nnte f\u00fcr eine Markeinf\u00fchrungsstrategie wichtiger sein?<\/p>\n<p><a href=\"https:\/\/veritekglobal.com\/robotics\/\">Erfahren Sie mehr dar\u00fcber, wie Veritek Cobot-OEMs dabei unterst\u00fctzt, mit <\/a>Au\u00dfendienst-Support in KMU-M\u00e4rkte einzusteigen.<\/p>\n","protected":false},"excerpt":{"rendered":"<p>Wenn Sie ein Cobot-OEM sind, der in den schnell wachsenden KMU-Markt einsteigen m\u00f6chte, wissen Sie, dass die Vereinfachung von Installation, Bereitstellung und Wartung den Markt antreibt. Dar\u00fcber hinaus macht ein effektiver Vertriebsprozess den Unterschied f\u00fcr die K\u00e4ufer aus. Hier erfahren Sie, wie ein Service-Partner im technischen Au\u00dfenedienst Ihre Kapazit\u00e4t erh\u00f6ht, um einen umfangreicheren KMU-Kundenstamm zu [&hellip;]<\/p>\n","protected":false},"author":10,"featured_media":3520,"parent":0,"menu_order":0,"comment_status":"closed","ping_status":"closed","template":"","meta":{"footnotes":""},"yoast_head":"<!-- This site is optimized with the Yoast SEO plugin v21.2 - https:\/\/yoast.com\/wordpress\/plugins\/seo\/ -->\n<title>8 M\u00f6glichkeiten, wie ein Service-Partner im technischen Au\u00dfendienst die Markteinf\u00fchrungsstrategien von Cobot-OEMs unterst\u00fctzt | Veritek Germany Die Markteinf\u00fchrungsstrategie von Cobot-OEMs | technischer Au\u00dfendienst Veritek<\/title>\n<meta name=\"description\" content=\"M\u00f6chten Sie in den KMU-Markt einsteigen? Hier sind 8 M\u00f6glichkeiten, wie ein Servicepartner im technischen Au\u00dfendienst die Markteinf\u00fchrungsstrategien von Cobot-OEMs unterst\u00fctzt\" \/>\n<meta name=\"robots\" content=\"index, follow, max-snippet:-1, max-image-preview:large, max-video-preview:-1\" \/>\n<link rel=\"canonical\" href=\"https:\/\/veritekglobal.com\/de\/8-moeglichkeiten-wie-ein-service-partner-im-technischen-aussendienst-die-markteinfuehrungsstrategien-von-cobot-oems-unterstuetzt\/\" \/>\n<meta property=\"og:locale\" content=\"de_DE\" \/>\n<meta property=\"og:type\" content=\"article\" \/>\n<meta property=\"og:title\" content=\"8 M\u00f6glichkeiten, wie ein Service-Partner im technischen Au\u00dfendienst die Markteinf\u00fchrungsstrategien von Cobot-OEMs unterst\u00fctzt | Veritek Germany Die Markteinf\u00fchrungsstrategie von Cobot-OEMs | technischer Au\u00dfendienst Veritek\" \/>\n<meta property=\"og:description\" content=\"M\u00f6chten Sie in den KMU-Markt einsteigen? Hier sind 8 M\u00f6glichkeiten, wie ein Servicepartner im technischen Au\u00dfendienst die Markteinf\u00fchrungsstrategien von Cobot-OEMs unterst\u00fctzt\" \/>\n<meta property=\"og:url\" content=\"https:\/\/veritekglobal.com\/de\/8-moeglichkeiten-wie-ein-service-partner-im-technischen-aussendienst-die-markteinfuehrungsstrategien-von-cobot-oems-unterstuetzt\/\" \/>\n<meta property=\"og:site_name\" content=\"Veritek Germany\" \/>\n<meta property=\"og:image\" content=\"https:\/\/veritekglobal.com\/de\/wp-content\/uploads\/sites\/4\/2022\/06\/8-ways-cobotic-oems-strategy-460x260-1.jpg\" \/>\n\t<meta property=\"og:image:width\" content=\"460\" \/>\n\t<meta property=\"og:image:height\" content=\"260\" \/>\n\t<meta property=\"og:image:type\" content=\"image\/jpeg\" \/>\n<meta name=\"twitter:card\" content=\"summary_large_image\" \/>\n<meta name=\"twitter:label1\" content=\"Est. reading time\" \/>\n\t<meta name=\"twitter:data1\" content=\"4 minutes\" \/>\n<script type=\"application\/ld+json\" class=\"yoast-schema-graph\">{\"@context\":\"https:\/\/schema.org\",\"@graph\":[{\"@type\":\"WebPage\",\"@id\":\"https:\/\/veritekglobal.com\/de\/8-moeglichkeiten-wie-ein-service-partner-im-technischen-aussendienst-die-markteinfuehrungsstrategien-von-cobot-oems-unterstuetzt\/\",\"url\":\"https:\/\/veritekglobal.com\/de\/8-moeglichkeiten-wie-ein-service-partner-im-technischen-aussendienst-die-markteinfuehrungsstrategien-von-cobot-oems-unterstuetzt\/\",\"name\":\"8 M\u00f6glichkeiten, wie ein Service-Partner im technischen Au\u00dfendienst die Markteinf\u00fchrungsstrategien von Cobot-OEMs unterst\u00fctzt | Veritek Germany Die Markteinf\u00fchrungsstrategie von Cobot-OEMs | technischer Au\u00dfendienst Veritek\",\"isPartOf\":{\"@id\":\"https:\/\/veritekglobal.com\/de\/#website\"},\"datePublished\":\"2022-06-08T10:51:03+00:00\",\"dateModified\":\"2022-06-08T10:51:03+00:00\",\"description\":\"M\u00f6chten Sie in den KMU-Markt einsteigen? Hier sind 8 M\u00f6glichkeiten, wie ein Servicepartner im technischen Au\u00dfendienst die Markteinf\u00fchrungsstrategien von Cobot-OEMs unterst\u00fctzt\",\"breadcrumb\":{\"@id\":\"https:\/\/veritekglobal.com\/de\/8-moeglichkeiten-wie-ein-service-partner-im-technischen-aussendienst-die-markteinfuehrungsstrategien-von-cobot-oems-unterstuetzt\/#breadcrumb\"},\"inLanguage\":\"de-DE\",\"potentialAction\":[{\"@type\":\"ReadAction\",\"target\":[\"https:\/\/veritekglobal.com\/de\/8-moeglichkeiten-wie-ein-service-partner-im-technischen-aussendienst-die-markteinfuehrungsstrategien-von-cobot-oems-unterstuetzt\/\"]}]},{\"@type\":\"BreadcrumbList\",\"@id\":\"https:\/\/veritekglobal.com\/de\/8-moeglichkeiten-wie-ein-service-partner-im-technischen-aussendienst-die-markteinfuehrungsstrategien-von-cobot-oems-unterstuetzt\/#breadcrumb\",\"itemListElement\":[{\"@type\":\"ListItem\",\"position\":1,\"name\":\"Home\",\"item\":\"https:\/\/veritekglobal.com\/de\/\"},{\"@type\":\"ListItem\",\"position\":2,\"name\":\"8 M\u00f6glichkeiten, wie ein Service-Partner im technischen Au\u00dfendienst die Markteinf\u00fchrungsstrategien von Cobot-OEMs unterst\u00fctzt\"}]},{\"@type\":\"WebSite\",\"@id\":\"https:\/\/veritekglobal.com\/de\/#website\",\"url\":\"https:\/\/veritekglobal.com\/de\/\",\"name\":\"Veritek Germany\",\"description\":\"Photo Imaging, Print and Graphics, Healthcare and Optical, and Digital Cinema.\",\"publisher\":{\"@id\":\"https:\/\/veritekglobal.com\/de\/#organization\"},\"potentialAction\":[{\"@type\":\"SearchAction\",\"target\":{\"@type\":\"EntryPoint\",\"urlTemplate\":\"https:\/\/veritekglobal.com\/de\/?s={search_term_string}\"},\"query-input\":\"required name=search_term_string\"}],\"inLanguage\":\"de-DE\"},{\"@type\":\"Organization\",\"@id\":\"https:\/\/veritekglobal.com\/de\/#organization\",\"name\":\"Veritek\",\"url\":\"https:\/\/veritekglobal.com\/de\/\",\"logo\":{\"@type\":\"ImageObject\",\"inLanguage\":\"de-DE\",\"@id\":\"https:\/\/veritekglobal.com\/de\/#\/schema\/logo\/image\/\",\"url\":\"https:\/\/veritekglobal.com\/de\/wp-content\/uploads\/sites\/4\/2020\/03\/Logo.svg\",\"contentUrl\":\"https:\/\/veritekglobal.com\/de\/wp-content\/uploads\/sites\/4\/2020\/03\/Logo.svg\",\"width\":339,\"height\":144,\"caption\":\"Veritek\"},\"image\":{\"@id\":\"https:\/\/veritekglobal.com\/de\/#\/schema\/logo\/image\/\"}}]}<\/script>\n<!-- \/ Yoast SEO plugin. -->","yoast_head_json":{"title":"8 M\u00f6glichkeiten, wie ein Service-Partner im technischen Au\u00dfendienst die Markteinf\u00fchrungsstrategien von Cobot-OEMs unterst\u00fctzt | Veritek Germany Die Markteinf\u00fchrungsstrategie von Cobot-OEMs | technischer Au\u00dfendienst Veritek","description":"M\u00f6chten Sie in den KMU-Markt einsteigen? Hier sind 8 M\u00f6glichkeiten, wie ein Servicepartner im technischen Au\u00dfendienst die Markteinf\u00fchrungsstrategien von Cobot-OEMs unterst\u00fctzt","robots":{"index":"index","follow":"follow","max-snippet":"max-snippet:-1","max-image-preview":"max-image-preview:large","max-video-preview":"max-video-preview:-1"},"canonical":"https:\/\/veritekglobal.com\/de\/8-moeglichkeiten-wie-ein-service-partner-im-technischen-aussendienst-die-markteinfuehrungsstrategien-von-cobot-oems-unterstuetzt\/","og_locale":"de_DE","og_type":"article","og_title":"8 M\u00f6glichkeiten, wie ein Service-Partner im technischen Au\u00dfendienst die Markteinf\u00fchrungsstrategien von Cobot-OEMs unterst\u00fctzt | Veritek Germany Die Markteinf\u00fchrungsstrategie von Cobot-OEMs | technischer Au\u00dfendienst Veritek","og_description":"M\u00f6chten Sie in den KMU-Markt einsteigen? Hier sind 8 M\u00f6glichkeiten, wie ein Servicepartner im technischen Au\u00dfendienst die Markteinf\u00fchrungsstrategien von Cobot-OEMs unterst\u00fctzt","og_url":"https:\/\/veritekglobal.com\/de\/8-moeglichkeiten-wie-ein-service-partner-im-technischen-aussendienst-die-markteinfuehrungsstrategien-von-cobot-oems-unterstuetzt\/","og_site_name":"Veritek Germany","og_image":[{"width":460,"height":260,"url":"https:\/\/veritekglobal.com\/de\/wp-content\/uploads\/sites\/4\/2022\/06\/8-ways-cobotic-oems-strategy-460x260-1.jpg","type":"image\/jpeg"}],"twitter_card":"summary_large_image","twitter_misc":{"Est. reading time":"4 minutes"},"schema":{"@context":"https:\/\/schema.org","@graph":[{"@type":"WebPage","@id":"https:\/\/veritekglobal.com\/de\/8-moeglichkeiten-wie-ein-service-partner-im-technischen-aussendienst-die-markteinfuehrungsstrategien-von-cobot-oems-unterstuetzt\/","url":"https:\/\/veritekglobal.com\/de\/8-moeglichkeiten-wie-ein-service-partner-im-technischen-aussendienst-die-markteinfuehrungsstrategien-von-cobot-oems-unterstuetzt\/","name":"8 M\u00f6glichkeiten, wie ein Service-Partner im technischen Au\u00dfendienst die Markteinf\u00fchrungsstrategien von Cobot-OEMs unterst\u00fctzt | Veritek Germany Die Markteinf\u00fchrungsstrategie von Cobot-OEMs | technischer Au\u00dfendienst Veritek","isPartOf":{"@id":"https:\/\/veritekglobal.com\/de\/#website"},"datePublished":"2022-06-08T10:51:03+00:00","dateModified":"2022-06-08T10:51:03+00:00","description":"M\u00f6chten Sie in den KMU-Markt einsteigen? Hier sind 8 M\u00f6glichkeiten, wie ein Servicepartner im technischen Au\u00dfendienst die Markteinf\u00fchrungsstrategien von Cobot-OEMs unterst\u00fctzt","breadcrumb":{"@id":"https:\/\/veritekglobal.com\/de\/8-moeglichkeiten-wie-ein-service-partner-im-technischen-aussendienst-die-markteinfuehrungsstrategien-von-cobot-oems-unterstuetzt\/#breadcrumb"},"inLanguage":"de-DE","potentialAction":[{"@type":"ReadAction","target":["https:\/\/veritekglobal.com\/de\/8-moeglichkeiten-wie-ein-service-partner-im-technischen-aussendienst-die-markteinfuehrungsstrategien-von-cobot-oems-unterstuetzt\/"]}]},{"@type":"BreadcrumbList","@id":"https:\/\/veritekglobal.com\/de\/8-moeglichkeiten-wie-ein-service-partner-im-technischen-aussendienst-die-markteinfuehrungsstrategien-von-cobot-oems-unterstuetzt\/#breadcrumb","itemListElement":[{"@type":"ListItem","position":1,"name":"Home","item":"https:\/\/veritekglobal.com\/de\/"},{"@type":"ListItem","position":2,"name":"8 M\u00f6glichkeiten, wie ein Service-Partner im technischen Au\u00dfendienst die Markteinf\u00fchrungsstrategien von Cobot-OEMs unterst\u00fctzt"}]},{"@type":"WebSite","@id":"https:\/\/veritekglobal.com\/de\/#website","url":"https:\/\/veritekglobal.com\/de\/","name":"Veritek Germany","description":"Photo Imaging, Print and Graphics, Healthcare and Optical, and Digital Cinema.","publisher":{"@id":"https:\/\/veritekglobal.com\/de\/#organization"},"potentialAction":[{"@type":"SearchAction","target":{"@type":"EntryPoint","urlTemplate":"https:\/\/veritekglobal.com\/de\/?s={search_term_string}"},"query-input":"required name=search_term_string"}],"inLanguage":"de-DE"},{"@type":"Organization","@id":"https:\/\/veritekglobal.com\/de\/#organization","name":"Veritek","url":"https:\/\/veritekglobal.com\/de\/","logo":{"@type":"ImageObject","inLanguage":"de-DE","@id":"https:\/\/veritekglobal.com\/de\/#\/schema\/logo\/image\/","url":"https:\/\/veritekglobal.com\/de\/wp-content\/uploads\/sites\/4\/2020\/03\/Logo.svg","contentUrl":"https:\/\/veritekglobal.com\/de\/wp-content\/uploads\/sites\/4\/2020\/03\/Logo.svg","width":339,"height":144,"caption":"Veritek"},"image":{"@id":"https:\/\/veritekglobal.com\/de\/#\/schema\/logo\/image\/"}}]}},"_links":{"self":[{"href":"https:\/\/veritekglobal.com\/de\/wp-json\/wp\/v2\/pages\/3519"}],"collection":[{"href":"https:\/\/veritekglobal.com\/de\/wp-json\/wp\/v2\/pages"}],"about":[{"href":"https:\/\/veritekglobal.com\/de\/wp-json\/wp\/v2\/types\/page"}],"author":[{"embeddable":true,"href":"https:\/\/veritekglobal.com\/de\/wp-json\/wp\/v2\/users\/10"}],"replies":[{"embeddable":true,"href":"https:\/\/veritekglobal.com\/de\/wp-json\/wp\/v2\/comments?post=3519"}],"version-history":[{"count":1,"href":"https:\/\/veritekglobal.com\/de\/wp-json\/wp\/v2\/pages\/3519\/revisions"}],"predecessor-version":[{"id":3521,"href":"https:\/\/veritekglobal.com\/de\/wp-json\/wp\/v2\/pages\/3519\/revisions\/3521"}],"wp:featuredmedia":[{"embeddable":true,"href":"https:\/\/veritekglobal.com\/de\/wp-json\/wp\/v2\/media\/3520"}],"wp:attachment":[{"href":"https:\/\/veritekglobal.com\/de\/wp-json\/wp\/v2\/media?parent=3519"}],"curies":[{"name":"wp","href":"https:\/\/api.w.org\/{rel}","templated":true}]}}