{"id":2058,"date":"2020-03-18T10:28:36","date_gmt":"2020-03-18T10:28:36","guid":{"rendered":"https:\/\/veritek.makeaspectacle.co.uk\/?page_id=2058"},"modified":"2020-12-15T12:05:07","modified_gmt":"2020-12-15T12:05:07","slug":"your-industry","status":"publish","type":"page","link":"https:\/\/veritekglobal.com\/de\/industries\/your-industry\/","title":{"rendered":"Ihre Branche"},"content":{"rendered":"","protected":false},"excerpt":{"rendered":"<p>Von industrieller Robotik zu 3D-Druckern, von Flugsimulatoren zu Densitometern arbeitet Veritek hervorragend mit neuen Technologien. Erfahren Sie mehr dar\u00fcber, wie wir Sie in Ihrer Branche unterst\u00fctzen k\u00f6nnen.<\/p>\n","protected":false},"author":32,"featured_media":0,"parent":23,"menu_order":22,"comment_status":"closed","ping_status":"closed","template":"page-industry-type.php","meta":{"footnotes":""},"yoast_head":"<!-- This site is optimized with the Yoast SEO plugin v21.2 - https:\/\/yoast.com\/wordpress\/plugins\/seo\/ -->\n<title>Elektromechanische Wartung &amp; Installationen | Veritek<\/title>\n<meta name=\"description\" content=\"Veriteks Au\u00dfendiensttechniker unterst\u00fctzen Unternehmen mit spezialisierten Installationen von Digital-Display-W\u00e4nden und Wartung von Einzelhandels- &amp; Flughafen-Sicherheitssystemen. Klicken Sie hier.\" \/>\n<meta name=\"robots\" content=\"index, follow, max-snippet:-1, max-image-preview:large, max-video-preview:-1\" \/>\n<link rel=\"canonical\" href=\"https:\/\/veritekglobal.com\/de\/industries\/your-industry\/\" \/>\n<meta property=\"og:locale\" content=\"de_DE\" \/>\n<meta property=\"og:type\" content=\"article\" \/>\n<meta property=\"og:title\" content=\"Elektromechanische Wartung &amp; Installationen | Veritek\" \/>\n<meta property=\"og:description\" content=\"Veriteks Au\u00dfendiensttechniker unterst\u00fctzen Unternehmen mit spezialisierten Installationen von Digital-Display-W\u00e4nden und Wartung von Einzelhandels- &amp; Flughafen-Sicherheitssystemen. Klicken Sie hier.\" \/>\n<meta property=\"og:url\" content=\"https:\/\/veritekglobal.com\/de\/industries\/your-industry\/\" \/>\n<meta property=\"og:site_name\" content=\"Veritek Germany\" \/>\n<meta property=\"article:modified_time\" content=\"2020-12-15T12:05:07+00:00\" \/>\n<meta name=\"twitter:card\" content=\"summary_large_image\" \/>\n<script type=\"application\/ld+json\" class=\"yoast-schema-graph\">{\"@context\":\"https:\/\/schema.org\",\"@graph\":[{\"@type\":\"WebPage\",\"@id\":\"https:\/\/veritekglobal.com\/de\/industries\/your-industry\/\",\"url\":\"https:\/\/veritekglobal.com\/de\/industries\/your-industry\/\",\"name\":\"Elektromechanische Wartung & Installationen | Veritek\",\"isPartOf\":{\"@id\":\"https:\/\/veritekglobal.com\/de\/#website\"},\"datePublished\":\"2020-03-18T10:28:36+00:00\",\"dateModified\":\"2020-12-15T12:05:07+00:00\",\"description\":\"Veriteks Au\u00dfendiensttechniker unterst\u00fctzen Unternehmen mit spezialisierten Installationen von Digital-Display-W\u00e4nden und Wartung von Einzelhandels- & Flughafen-Sicherheitssystemen. Klicken Sie hier.\",\"breadcrumb\":{\"@id\":\"https:\/\/veritekglobal.com\/de\/industries\/your-industry\/#breadcrumb\"},\"inLanguage\":\"de-DE\",\"potentialAction\":[{\"@type\":\"ReadAction\",\"target\":[\"https:\/\/veritekglobal.com\/de\/industries\/your-industry\/\"]}]},{\"@type\":\"BreadcrumbList\",\"@id\":\"https:\/\/veritekglobal.com\/de\/industries\/your-industry\/#breadcrumb\",\"itemListElement\":[{\"@type\":\"ListItem\",\"position\":1,\"name\":\"Home\",\"item\":\"https:\/\/veritekglobal.com\/de\/\"},{\"@type\":\"ListItem\",\"position\":2,\"name\":\"Spezialisierter technischer Support f\u00fcr alle Branchen\",\"item\":\"https:\/\/veritekglobal.com\/de\/industries\/\"},{\"@type\":\"ListItem\",\"position\":3,\"name\":\"Ihre Branche\"}]},{\"@type\":\"WebSite\",\"@id\":\"https:\/\/veritekglobal.com\/de\/#website\",\"url\":\"https:\/\/veritekglobal.com\/de\/\",\"name\":\"Veritek Germany\",\"description\":\"Photo Imaging, Print and Graphics, Healthcare and Optical, and Digital Cinema.\",\"publisher\":{\"@id\":\"https:\/\/veritekglobal.com\/de\/#organization\"},\"potentialAction\":[{\"@type\":\"SearchAction\",\"target\":{\"@type\":\"EntryPoint\",\"urlTemplate\":\"https:\/\/veritekglobal.com\/de\/?s={search_term_string}\"},\"query-input\":\"required name=search_term_string\"}],\"inLanguage\":\"de-DE\"},{\"@type\":\"Organization\",\"@id\":\"https:\/\/veritekglobal.com\/de\/#organization\",\"name\":\"Veritek\",\"url\":\"https:\/\/veritekglobal.com\/de\/\",\"logo\":{\"@type\":\"ImageObject\",\"inLanguage\":\"de-DE\",\"@id\":\"https:\/\/veritekglobal.com\/de\/#\/schema\/logo\/image\/\",\"url\":\"https:\/\/veritekglobal.com\/de\/wp-content\/uploads\/sites\/4\/2020\/03\/Logo.svg\",\"contentUrl\":\"https:\/\/veritekglobal.com\/de\/wp-content\/uploads\/sites\/4\/2020\/03\/Logo.svg\",\"width\":339,\"height\":144,\"caption\":\"Veritek\"},\"image\":{\"@id\":\"https:\/\/veritekglobal.com\/de\/#\/schema\/logo\/image\/\"}}]}<\/script>\n<!-- \/ Yoast SEO plugin. -->","yoast_head_json":{"title":"Elektromechanische Wartung & Installationen | Veritek","description":"Veriteks Au\u00dfendiensttechniker unterst\u00fctzen Unternehmen mit spezialisierten Installationen von Digital-Display-W\u00e4nden und Wartung von Einzelhandels- & Flughafen-Sicherheitssystemen. Klicken Sie hier.","robots":{"index":"index","follow":"follow","max-snippet":"max-snippet:-1","max-image-preview":"max-image-preview:large","max-video-preview":"max-video-preview:-1"},"canonical":"https:\/\/veritekglobal.com\/de\/industries\/your-industry\/","og_locale":"de_DE","og_type":"article","og_title":"Elektromechanische Wartung & Installationen | Veritek","og_description":"Veriteks Au\u00dfendiensttechniker unterst\u00fctzen Unternehmen mit spezialisierten Installationen von Digital-Display-W\u00e4nden und Wartung von Einzelhandels- & Flughafen-Sicherheitssystemen. Klicken Sie hier.","og_url":"https:\/\/veritekglobal.com\/de\/industries\/your-industry\/","og_site_name":"Veritek Germany","article_modified_time":"2020-12-15T12:05:07+00:00","twitter_card":"summary_large_image","schema":{"@context":"https:\/\/schema.org","@graph":[{"@type":"WebPage","@id":"https:\/\/veritekglobal.com\/de\/industries\/your-industry\/","url":"https:\/\/veritekglobal.com\/de\/industries\/your-industry\/","name":"Elektromechanische Wartung & Installationen | Veritek","isPartOf":{"@id":"https:\/\/veritekglobal.com\/de\/#website"},"datePublished":"2020-03-18T10:28:36+00:00","dateModified":"2020-12-15T12:05:07+00:00","description":"Veriteks Au\u00dfendiensttechniker unterst\u00fctzen Unternehmen mit spezialisierten Installationen von Digital-Display-W\u00e4nden und Wartung von Einzelhandels- & Flughafen-Sicherheitssystemen. Klicken Sie hier.","breadcrumb":{"@id":"https:\/\/veritekglobal.com\/de\/industries\/your-industry\/#breadcrumb"},"inLanguage":"de-DE","potentialAction":[{"@type":"ReadAction","target":["https:\/\/veritekglobal.com\/de\/industries\/your-industry\/"]}]},{"@type":"BreadcrumbList","@id":"https:\/\/veritekglobal.com\/de\/industries\/your-industry\/#breadcrumb","itemListElement":[{"@type":"ListItem","position":1,"name":"Home","item":"https:\/\/veritekglobal.com\/de\/"},{"@type":"ListItem","position":2,"name":"Spezialisierter technischer Support f\u00fcr alle Branchen","item":"https:\/\/veritekglobal.com\/de\/industries\/"},{"@type":"ListItem","position":3,"name":"Ihre Branche"}]},{"@type":"WebSite","@id":"https:\/\/veritekglobal.com\/de\/#website","url":"https:\/\/veritekglobal.com\/de\/","name":"Veritek Germany","description":"Photo Imaging, Print and Graphics, Healthcare and Optical, and Digital Cinema.","publisher":{"@id":"https:\/\/veritekglobal.com\/de\/#organization"},"potentialAction":[{"@type":"SearchAction","target":{"@type":"EntryPoint","urlTemplate":"https:\/\/veritekglobal.com\/de\/?s={search_term_string}"},"query-input":"required name=search_term_string"}],"inLanguage":"de-DE"},{"@type":"Organization","@id":"https:\/\/veritekglobal.com\/de\/#organization","name":"Veritek","url":"https:\/\/veritekglobal.com\/de\/","logo":{"@type":"ImageObject","inLanguage":"de-DE","@id":"https:\/\/veritekglobal.com\/de\/#\/schema\/logo\/image\/","url":"https:\/\/veritekglobal.com\/de\/wp-content\/uploads\/sites\/4\/2020\/03\/Logo.svg","contentUrl":"https:\/\/veritekglobal.com\/de\/wp-content\/uploads\/sites\/4\/2020\/03\/Logo.svg","width":339,"height":144,"caption":"Veritek"},"image":{"@id":"https:\/\/veritekglobal.com\/de\/#\/schema\/logo\/image\/"}}]}},"_links":{"self":[{"href":"https:\/\/veritekglobal.com\/de\/wp-json\/wp\/v2\/pages\/2058"}],"collection":[{"href":"https:\/\/veritekglobal.com\/de\/wp-json\/wp\/v2\/pages"}],"about":[{"href":"https:\/\/veritekglobal.com\/de\/wp-json\/wp\/v2\/types\/page"}],"author":[{"embeddable":true,"href":"https:\/\/veritekglobal.com\/de\/wp-json\/wp\/v2\/users\/32"}],"replies":[{"embeddable":true,"href":"https:\/\/veritekglobal.com\/de\/wp-json\/wp\/v2\/comments?post=2058"}],"version-history":[{"count":1,"href":"https:\/\/veritekglobal.com\/de\/wp-json\/wp\/v2\/pages\/2058\/revisions"}],"predecessor-version":[{"id":3458,"href":"https:\/\/veritekglobal.com\/de\/wp-json\/wp\/v2\/pages\/2058\/revisions\/3458"}],"up":[{"embeddable":true,"href":"https:\/\/veritekglobal.com\/de\/wp-json\/wp\/v2\/pages\/23"}],"wp:attachment":[{"href":"https:\/\/veritekglobal.com\/de\/wp-json\/wp\/v2\/media?parent=2058"}],"curies":[{"name":"wp","href":"https:\/\/api.w.org\/{rel}","templated":true}]}}