{"id":2044,"date":"2020-03-18T10:26:06","date_gmt":"2020-03-18T10:26:06","guid":{"rendered":"https:\/\/veritek.makeaspectacle.co.uk\/?page_id=2044"},"modified":"2025-05-21T16:46:57","modified_gmt":"2025-05-21T15:46:57","slug":"repairs","status":"publish","type":"page","link":"https:\/\/veritekglobal.com\/de\/services\/repairs\/","title":{"rendered":"Reparaturen"},"content":{"rendered":"<h2>Setzen Sie gesch\u00e4ftskritische Ger\u00e4te wieder instand, wenn Ausfallzeiten keine Option sind<\/h2>\n<p>Je l\u00e4nger Ihre Ger\u00e4te im Einsatz sind, desto besser ist es f\u00fcr die Umwelt.<\/p>\n<p>Unsere hochmodernen Reparatureinrichtungen machen es einfach, die Lebensdauer Ihrer Ger\u00e4te zu verl\u00e4ngern, die Betriebszeit zu erh\u00f6hen und die Kundenzufriedenheit zu steigern.<\/p>\n<p>So funktioniert es:<\/p>\n<h3>Skalierbarer, anpassbarer Arbeitsbereich<\/h3>\n<p>Unser Reparaturzentrum wurde mit Blick auf Flexibilit\u00e4t konzipiert. Das skalierbare Layout erm\u00f6glicht es uns, den Raum individuell an Ihre Ger\u00e4tevorgaben anzupassen \u2013 f\u00fcr effiziente Arbeitsabl\u00e4ufe und ma\u00dfgeschneiderten Support. Ob gro\u00dfformatige Ger\u00e4te oder kompakte Pr\u00e4zisionsinstrumente \u2013 wir passen uns Ihren Anforderungen an. Dank einer vollst\u00e4ndig zug\u00e4nglichen Laderampe, die auch f\u00fcr Gabelstapler geeignet ist, ist das Be- und Entladen schwerer oder sperriger Ger\u00e4te m\u00fchelos m\u00f6glich.<\/p>\n<h3>Strategisch g\u00fcnstig gelegen<\/h3>\n<p>Unser Standort in Willich ist nur eine kurze Fahrt vom Flughafen D\u00fcsseldorf entfernt und liegt in der N\u00e4he einer wichtigen Autobahnausfahrt. Diese zentrale Lage erleichtert OEMs und Logistikpartnern den schnellen Zugang zu unseren Services \u2013 sei es f\u00fcr Ger\u00e4tezustellungen, technische Zusammenarbeit oder Schulungen. Die verk\u00fcrzten Anfahrtszeiten sorgen f\u00fcr schnellere Bearbeitung und mehr Effizienz in Ihrem Servicegesch\u00e4ft.<\/p>\n<h3><strong>Werkstatt-Reparaturen <\/strong><\/h3>\n<p>Ein Kunde hat Ihr Ger\u00e4t besch\u00e4digt? Unsere erfahrenen Techniker diagnostizieren das Problem und setzen Ihr Ger\u00e4t mit pr\u00e4zisionsgefertigten Ersatzteilen wieder instand \u2013 ganz nach Originalzustand.<\/p>\n<h3>Ger\u00e4tetausch im Werk<\/h3>\n<p>Entsprechend Ihrer Empfehlung organisieren unsere Techniker einen Ger\u00e4teaustausch, wenn eine Reparatur umfangreicher ist und mehr Zeit erfordert.<\/p>\n<h3>Refurbishment<\/h3>\n<p>Unser umfassender Arbeitsbereich erm\u00f6glicht die vollst\u00e4ndige \u00dcberholung und Montage gr\u00f6\u00dferer Ger\u00e4te.<\/p>\n<p>Ihre Kunden profitieren von Einrichtungen wie:<\/p>\n<h3>Reparatur-Nachverfolgung<\/h3>\n<p>Unser Service-Management-System dokumentiert jeden Reparaturschritt, das Ersatzteilmanagement und den gesamten Ablauf.<\/p>\n<h3>Pre-Delivery Installation (PDI)<\/h3>\n<p>Geben Sie Ihren Kunden einen perfekten Start. Wir \u00fcbernehmen das Auspacken, Einrichten und Testen der Ger\u00e4te, damit sie sicher und betriebsbereit ausgeliefert werden.<\/p>\n<h3>Vielseitige Ger\u00e4tespezialisierung<\/h3>\n<p>Unsere erfahrenen Techniker arbeiten an einer Vielzahl hochwertiger, gesch\u00e4ftskritischer und elektromechanischer Ger\u00e4te. Vom Hochleistungsdrucker \u00fcber pr\u00e4zise digitale Projektoren bis hin zu modernen Poolreinigungsrobotern \u2013 jedes Ger\u00e4t wird mit h\u00f6chster Sorgfalt und technischem Know-How behandelt. Am wichtigsten ist: Wir wenden bew\u00e4hrte Branchenstandards an, unterst\u00fctzt durch Ihre Trainings, um sicherzustellen, dass wir Ihr Ger\u00e4t in optimalem Betriebszustand zur\u00fcckgeben.<\/p>\n<h3>Trendanalyse<\/h3>\n<p>Steigern Sie Ihre Margen, die Betriebszeit der Ger\u00e4te beim Kunden \u00a0und die Zufriedenheit durch detailliertes Feedback, Analysen, Datenauswertung und Trendbeobachtung.<\/p>\n<h3>Trainingsr\u00e4ume<\/h3>\n<p>Sorgen Sie f\u00fcr reibungslose Installation, Wartung und Reparatur Ihrer hochwertigen Pr\u00e4zisionsger\u00e4te.<\/p>\n<p>Unsere modernen Trainingsr\u00e4ume bieten Ihnen die perfekte Umgebung, um erstklassige Schulungen f\u00fcr unsere Techniker und Ingenieure durchzuf\u00fchren.<\/p>\n<p>Auch f\u00fcr Train-the-Trainer-Programme und Endanwenderschulungen ist unser Zentrum ideal ausgestattet.<\/p>\n","protected":false},"excerpt":{"rendered":"<p>Mit Niederlassungen in ganz Europa und OEM-trainierten Technikern bietet Veriteks internationales Netzwerk Ihnen Reparaturen bei Stillstand, Ersatzteile, 1:1- Austausch sowie Back-to-Base-Reparaturen f\u00fcr Ihre komplexen Technologien, wo immer Sie Hilfe ben\u00f6tigen. <\/p>\n","protected":false},"author":32,"featured_media":0,"parent":21,"menu_order":26,"comment_status":"closed","ping_status":"closed","template":"page-service-type.php","meta":{"footnotes":""},"yoast_head":"<!-- This site is optimized with the Yoast SEO plugin v21.2 - https:\/\/yoast.com\/wordpress\/plugins\/seo\/ -->\n<title>Reparatur von Endkunden-Equipment | Schnell &amp; zuverl\u00e4ssig | Veritek<\/title>\n<meta name=\"description\" content=\"Veritek bietet schnelle &amp; zuverl\u00e4ssige Reparaturen von spezialisiertem Endkunden-Equipment in Europa, inkl. Reparaturen entlang der K\u00fchlkette, in der Landwirtschaft und von Druckern. Klicken Sie hier!\" \/>\n<meta name=\"robots\" content=\"index, follow, max-snippet:-1, max-image-preview:large, max-video-preview:-1\" \/>\n<link rel=\"canonical\" href=\"https:\/\/veritekglobal.com\/de\/services\/repairs\/\" \/>\n<meta property=\"og:locale\" content=\"de_DE\" \/>\n<meta property=\"og:type\" content=\"article\" \/>\n<meta property=\"og:title\" content=\"Reparatur von Endkunden-Equipment | Schnell &amp; zuverl\u00e4ssig | Veritek\" \/>\n<meta property=\"og:description\" content=\"Veritek bietet schnelle &amp; zuverl\u00e4ssige Reparaturen von spezialisiertem Endkunden-Equipment in Europa, inkl. Reparaturen entlang der K\u00fchlkette, in der Landwirtschaft und von Druckern. Klicken Sie hier!\" \/>\n<meta property=\"og:url\" content=\"https:\/\/veritekglobal.com\/de\/services\/repairs\/\" \/>\n<meta property=\"og:site_name\" content=\"Veritek Germany\" \/>\n<meta property=\"article:modified_time\" content=\"2025-05-21T15:46:57+00:00\" \/>\n<meta name=\"twitter:card\" content=\"summary_large_image\" \/>\n<meta name=\"twitter:label1\" content=\"Est. reading time\" \/>\n\t<meta name=\"twitter:data1\" content=\"3 minutes\" \/>\n<script type=\"application\/ld+json\" class=\"yoast-schema-graph\">{\"@context\":\"https:\/\/schema.org\",\"@graph\":[{\"@type\":\"WebPage\",\"@id\":\"https:\/\/veritekglobal.com\/de\/services\/repairs\/\",\"url\":\"https:\/\/veritekglobal.com\/de\/services\/repairs\/\",\"name\":\"Reparatur von Endkunden-Equipment | Schnell & zuverl\u00e4ssig | Veritek\",\"isPartOf\":{\"@id\":\"https:\/\/veritekglobal.com\/de\/#website\"},\"datePublished\":\"2020-03-18T10:26:06+00:00\",\"dateModified\":\"2025-05-21T15:46:57+00:00\",\"description\":\"Veritek bietet schnelle & zuverl\u00e4ssige Reparaturen von spezialisiertem Endkunden-Equipment in Europa, inkl. Reparaturen entlang der K\u00fchlkette, in der Landwirtschaft und von Druckern. Klicken Sie hier!\",\"breadcrumb\":{\"@id\":\"https:\/\/veritekglobal.com\/de\/services\/repairs\/#breadcrumb\"},\"inLanguage\":\"de-DE\",\"potentialAction\":[{\"@type\":\"ReadAction\",\"target\":[\"https:\/\/veritekglobal.com\/de\/services\/repairs\/\"]}]},{\"@type\":\"BreadcrumbList\",\"@id\":\"https:\/\/veritekglobal.com\/de\/services\/repairs\/#breadcrumb\",\"itemListElement\":[{\"@type\":\"ListItem\",\"position\":1,\"name\":\"Home\",\"item\":\"https:\/\/veritekglobal.com\/de\/\"},{\"@type\":\"ListItem\",\"position\":2,\"name\":\"Unsere Services\",\"item\":\"https:\/\/veritekglobal.com\/de\/services\/\"},{\"@type\":\"ListItem\",\"position\":3,\"name\":\"Reparaturen\"}]},{\"@type\":\"WebSite\",\"@id\":\"https:\/\/veritekglobal.com\/de\/#website\",\"url\":\"https:\/\/veritekglobal.com\/de\/\",\"name\":\"Veritek Germany\",\"description\":\"Photo Imaging, Print and Graphics, Healthcare and Optical, and Digital Cinema.\",\"publisher\":{\"@id\":\"https:\/\/veritekglobal.com\/de\/#organization\"},\"potentialAction\":[{\"@type\":\"SearchAction\",\"target\":{\"@type\":\"EntryPoint\",\"urlTemplate\":\"https:\/\/veritekglobal.com\/de\/?s={search_term_string}\"},\"query-input\":\"required name=search_term_string\"}],\"inLanguage\":\"de-DE\"},{\"@type\":\"Organization\",\"@id\":\"https:\/\/veritekglobal.com\/de\/#organization\",\"name\":\"Veritek\",\"url\":\"https:\/\/veritekglobal.com\/de\/\",\"logo\":{\"@type\":\"ImageObject\",\"inLanguage\":\"de-DE\",\"@id\":\"https:\/\/veritekglobal.com\/de\/#\/schema\/logo\/image\/\",\"url\":\"https:\/\/veritekglobal.com\/de\/wp-content\/uploads\/sites\/4\/2020\/03\/Logo.svg\",\"contentUrl\":\"https:\/\/veritekglobal.com\/de\/wp-content\/uploads\/sites\/4\/2020\/03\/Logo.svg\",\"width\":339,\"height\":144,\"caption\":\"Veritek\"},\"image\":{\"@id\":\"https:\/\/veritekglobal.com\/de\/#\/schema\/logo\/image\/\"}}]}<\/script>\n<!-- \/ Yoast SEO plugin. -->","yoast_head_json":{"title":"Reparatur von Endkunden-Equipment | Schnell & zuverl\u00e4ssig | Veritek","description":"Veritek bietet schnelle & zuverl\u00e4ssige Reparaturen von spezialisiertem Endkunden-Equipment in Europa, inkl. Reparaturen entlang der K\u00fchlkette, in der Landwirtschaft und von Druckern. Klicken Sie hier!","robots":{"index":"index","follow":"follow","max-snippet":"max-snippet:-1","max-image-preview":"max-image-preview:large","max-video-preview":"max-video-preview:-1"},"canonical":"https:\/\/veritekglobal.com\/de\/services\/repairs\/","og_locale":"de_DE","og_type":"article","og_title":"Reparatur von Endkunden-Equipment | Schnell & zuverl\u00e4ssig | Veritek","og_description":"Veritek bietet schnelle & zuverl\u00e4ssige Reparaturen von spezialisiertem Endkunden-Equipment in Europa, inkl. Reparaturen entlang der K\u00fchlkette, in der Landwirtschaft und von Druckern. Klicken Sie hier!","og_url":"https:\/\/veritekglobal.com\/de\/services\/repairs\/","og_site_name":"Veritek Germany","article_modified_time":"2025-05-21T15:46:57+00:00","twitter_card":"summary_large_image","twitter_misc":{"Est. reading time":"3 minutes"},"schema":{"@context":"https:\/\/schema.org","@graph":[{"@type":"WebPage","@id":"https:\/\/veritekglobal.com\/de\/services\/repairs\/","url":"https:\/\/veritekglobal.com\/de\/services\/repairs\/","name":"Reparatur von Endkunden-Equipment | Schnell & zuverl\u00e4ssig | Veritek","isPartOf":{"@id":"https:\/\/veritekglobal.com\/de\/#website"},"datePublished":"2020-03-18T10:26:06+00:00","dateModified":"2025-05-21T15:46:57+00:00","description":"Veritek bietet schnelle & zuverl\u00e4ssige Reparaturen von spezialisiertem Endkunden-Equipment in Europa, inkl. Reparaturen entlang der K\u00fchlkette, in der Landwirtschaft und von Druckern. Klicken Sie hier!","breadcrumb":{"@id":"https:\/\/veritekglobal.com\/de\/services\/repairs\/#breadcrumb"},"inLanguage":"de-DE","potentialAction":[{"@type":"ReadAction","target":["https:\/\/veritekglobal.com\/de\/services\/repairs\/"]}]},{"@type":"BreadcrumbList","@id":"https:\/\/veritekglobal.com\/de\/services\/repairs\/#breadcrumb","itemListElement":[{"@type":"ListItem","position":1,"name":"Home","item":"https:\/\/veritekglobal.com\/de\/"},{"@type":"ListItem","position":2,"name":"Unsere Services","item":"https:\/\/veritekglobal.com\/de\/services\/"},{"@type":"ListItem","position":3,"name":"Reparaturen"}]},{"@type":"WebSite","@id":"https:\/\/veritekglobal.com\/de\/#website","url":"https:\/\/veritekglobal.com\/de\/","name":"Veritek Germany","description":"Photo Imaging, Print and Graphics, Healthcare and Optical, and Digital Cinema.","publisher":{"@id":"https:\/\/veritekglobal.com\/de\/#organization"},"potentialAction":[{"@type":"SearchAction","target":{"@type":"EntryPoint","urlTemplate":"https:\/\/veritekglobal.com\/de\/?s={search_term_string}"},"query-input":"required name=search_term_string"}],"inLanguage":"de-DE"},{"@type":"Organization","@id":"https:\/\/veritekglobal.com\/de\/#organization","name":"Veritek","url":"https:\/\/veritekglobal.com\/de\/","logo":{"@type":"ImageObject","inLanguage":"de-DE","@id":"https:\/\/veritekglobal.com\/de\/#\/schema\/logo\/image\/","url":"https:\/\/veritekglobal.com\/de\/wp-content\/uploads\/sites\/4\/2020\/03\/Logo.svg","contentUrl":"https:\/\/veritekglobal.com\/de\/wp-content\/uploads\/sites\/4\/2020\/03\/Logo.svg","width":339,"height":144,"caption":"Veritek"},"image":{"@id":"https:\/\/veritekglobal.com\/de\/#\/schema\/logo\/image\/"}}]}},"_links":{"self":[{"href":"https:\/\/veritekglobal.com\/de\/wp-json\/wp\/v2\/pages\/2044"}],"collection":[{"href":"https:\/\/veritekglobal.com\/de\/wp-json\/wp\/v2\/pages"}],"about":[{"href":"https:\/\/veritekglobal.com\/de\/wp-json\/wp\/v2\/types\/page"}],"author":[{"embeddable":true,"href":"https:\/\/veritekglobal.com\/de\/wp-json\/wp\/v2\/users\/32"}],"replies":[{"embeddable":true,"href":"https:\/\/veritekglobal.com\/de\/wp-json\/wp\/v2\/comments?post=2044"}],"version-history":[{"count":7,"href":"https:\/\/veritekglobal.com\/de\/wp-json\/wp\/v2\/pages\/2044\/revisions"}],"predecessor-version":[{"id":4346,"href":"https:\/\/veritekglobal.com\/de\/wp-json\/wp\/v2\/pages\/2044\/revisions\/4346"}],"up":[{"embeddable":true,"href":"https:\/\/veritekglobal.com\/de\/wp-json\/wp\/v2\/pages\/21"}],"wp:attachment":[{"href":"https:\/\/veritekglobal.com\/de\/wp-json\/wp\/v2\/media?parent=2044"}],"curies":[{"name":"wp","href":"https:\/\/api.w.org\/{rel}","templated":true}]}}