{"id":1427,"date":"2019-04-16T14:39:57","date_gmt":"2019-04-16T13:39:57","guid":{"rendered":"https:\/\/veritekglobal.com\/?page_id=1427"},"modified":"2020-12-15T12:02:11","modified_gmt":"2020-12-15T12:02:11","slug":"apply-now","status":"publish","type":"page","link":"https:\/\/veritekglobal.com\/de\/veritek-careers\/apply-now\/","title":{"rendered":"Sende uns deinen Lebenslauf"},"content":{"rendered":"<h3>Your Details<\/h3>\r\n\n<div class=\"wpcf7 no-js\" id=\"wpcf7-f1430-o1\" lang=\"en-GB\" dir=\"ltr\">\n<div class=\"screen-reader-response\"><p role=\"status\" aria-live=\"polite\" aria-atomic=\"true\"><\/p> <ul><\/ul><\/div>\n<form action=\"\/de\/wp-json\/wp\/v2\/pages\/1427#wpcf7-f1430-o1\" method=\"post\" class=\"wpcf7-form init\" aria-label=\"Contact form\" enctype=\"multipart\/form-data\" novalidate=\"novalidate\" data-status=\"init\">\n<div style=\"display: none;\">\n<input type=\"hidden\" name=\"_wpcf7\" value=\"1430\" \/>\n<input type=\"hidden\" name=\"_wpcf7_version\" value=\"5.8\" \/>\n<input type=\"hidden\" name=\"_wpcf7_locale\" value=\"en_GB\" \/>\n<input type=\"hidden\" name=\"_wpcf7_unit_tag\" value=\"wpcf7-f1430-o1\" \/>\n<input type=\"hidden\" name=\"_wpcf7_container_post\" value=\"0\" \/>\n<input type=\"hidden\" name=\"_wpcf7_posted_data_hash\" value=\"\" \/>\n<input type=\"hidden\" name=\"_wpcf7_recaptcha_response\" value=\"\" \/>\n<\/div>\n<div class=\"form-input\">\n\t<div class=\"kicker-text bold\">\n\t\t<p><label for=\"first-name\">Vorname<\/label>\n\t\t<\/p>\n\t<\/div>\n\t<p><span class=\"wpcf7-form-control-wrap\" data-name=\"first-name\"><input size=\"40\" class=\"wpcf7-form-control wpcf7-text wpcf7-validates-as-required\" aria-required=\"true\" aria-invalid=\"false\" value=\"\" type=\"text\" name=\"first-name\" \/><\/span>\n\t<\/p>\n\t<div class=\"kicker-text\">\n\t\t<p>Erforderlich\n\t\t<\/p>\n\t<\/div>\n<\/div>\n<div class=\"form-input\">\n\t<div class=\"kicker-text bold\">\n\t\t<p><label for=\"last-name\">Nachname<\/label>\n\t\t<\/p>\n\t<\/div>\n\t<p><span class=\"wpcf7-form-control-wrap\" data-name=\"last-name\"><input size=\"40\" class=\"wpcf7-form-control wpcf7-text wpcf7-validates-as-required\" aria-required=\"true\" aria-invalid=\"false\" value=\"\" type=\"text\" name=\"last-name\" \/><\/span>\n\t<\/p>\n\t<div class=\"kicker-text\">\n\t\t<p>Erforderlich\n\t\t<\/p>\n\t<\/div>\n<\/div>\n<div class=\"form-input\">\n\t<div class=\"kicker-text bold\">\n\t\t<p><label for=\"your-email\">Deine Emailadresse<\/label>\n\t\t<\/p>\n\t<\/div>\n\t<p><span class=\"wpcf7-form-control-wrap\" data-name=\"your-email\"><input size=\"40\" class=\"wpcf7-form-control wpcf7-email wpcf7-validates-as-required wpcf7-text wpcf7-validates-as-email\" aria-required=\"true\" aria-invalid=\"false\" placeholder=\"e.g. info@domain.com\" value=\"\" type=\"email\" name=\"your-email\" \/><\/span>\n\t<\/p>\n\t<div class=\"form-input\">\n\t\t<div class=\"kicker-text\">\n\t\t\t<p>Erforderlich\n\t\t\t<\/p>\n\t\t<\/div>\n\t<\/div>\n\t<div class=\"kicker-text bold\">\n\t\t<p><label for=\"menu-country\">Country<\/label>\n\t\t<\/p>\n\t<\/div>\n\t<p><span class=\"wpcf7-form-control-wrap\" data-name=\"menu-country\"><select class=\"wpcf7-form-control wpcf7-select wpcf7-validates-as-required\" aria-required=\"true\" aria-invalid=\"false\" name=\"menu-country\"><option value=\"\">Bitte w\u00e4hle aus<\/option><option value=\"Afghanistan\">Afghanistan<\/option><option value=\"Albania\">Albania<\/option><option value=\"Algeria\">Algeria<\/option><option value=\"American Samoa\">American Samoa<\/option><option value=\"Andorra\">Andorra<\/option><option value=\"Angola\">Angola<\/option><option value=\"Anguilla\">Anguilla<\/option><option value=\"Antigua and Barbuda\">Antigua and Barbuda<\/option><option value=\"Argentina\">Argentina<\/option><option value=\"Armenia\">Armenia<\/option><option value=\"Aruba\">Aruba<\/option><option value=\"Australia\">Australia<\/option><option value=\"Austria\">Austria<\/option><option value=\"Azerbaijan\">Azerbaijan<\/option><option value=\"The Bahamas\">The Bahamas<\/option><option value=\"Bahrain\">Bahrain<\/option><option value=\"Bangladesh\">Bangladesh<\/option><option value=\"Barbados\">Barbados<\/option><option value=\"Belarus\">Belarus<\/option><option value=\"Belgium\">Belgium<\/option><option value=\"Belize\">Belize<\/option><option value=\"Benin\">Benin<\/option><option value=\"Bermuda\">Bermuda<\/option><option value=\"Bhutan\">Bhutan<\/option><option value=\"Bolivia\">Bolivia<\/option><option value=\"Bosnia and Herzegovina\">Bosnia and Herzegovina<\/option><option value=\"Botswana\">Botswana<\/option><option value=\"Brazil\">Brazil<\/option><option value=\"Brunei\">Brunei<\/option><option value=\"Bulgaria\">Bulgaria<\/option><option value=\"Burkina Faso\">Burkina Faso<\/option><option value=\"Burundi\">Burundi<\/option><option value=\"Cambodia\">Cambodia<\/option><option value=\"Cameroon\">Cameroon<\/option><option value=\"Canada\">Canada<\/option><option value=\"Cape Verde\">Cape Verde<\/option><option value=\"Cayman Islands\">Cayman Islands<\/option><option value=\"Central African Republic\">Central African Republic<\/option><option value=\"Chad\">Chad<\/option><option value=\"Chile\">Chile<\/option><option value=\"People &#039;s Republic of China\">People &#039;s Republic of China<\/option><option value=\"Republic of China\">Republic of China<\/option><option value=\"Christmas Island\">Christmas Island<\/option><option value=\"Cocos(Keeling) Islands\">Cocos(Keeling) Islands<\/option><option value=\"Colombia\">Colombia<\/option><option value=\"Comoros\">Comoros<\/option><option value=\"Congo\">Congo<\/option><option value=\"Cook Islands\">Cook Islands<\/option><option value=\"Costa Rica\">Costa Rica<\/option><option value=\"Cote d&#039;Ivoire\">Cote d&#039;Ivoire<\/option><option value=\"Croatia\">Croatia<\/option><option value=\"Cuba\">Cuba<\/option><option value=\"Cyprus\">Cyprus<\/option><option value=\"Czech Republic\">Czech Republic<\/option><option value=\"Denmark\">Denmark<\/option><option value=\"Djibouti\">Djibouti<\/option><option value=\"Dominica\">Dominica<\/option><option value=\"Dominican Republic\">Dominican Republic<\/option><option value=\"Ecuador\">Ecuador<\/option><option value=\"Egypt\">Egypt<\/option><option value=\"El Salvador\">El Salvador<\/option><option value=\"Equatorial Guinea\">Equatorial Guinea<\/option><option value=\"Eritrea\">Eritrea<\/option><option value=\"Estonia\">Estonia<\/option><option value=\"Ethiopia\">Ethiopia<\/option><option value=\"Falkland Islands\">Falkland Islands<\/option><option value=\"Faroe Islands\">Faroe Islands<\/option><option value=\"Fiji\">Fiji<\/option><option value=\"Finland\">Finland<\/option><option value=\"France\">France<\/option><option value=\"French Polynesia\">French Polynesia<\/option><option value=\"Gabon\">Gabon<\/option><option value=\"The Gambia\">The Gambia<\/option><option value=\"Georgia\">Georgia<\/option><option value=\"Germany\">Germany<\/option><option value=\"Ghana\">Ghana<\/option><option value=\"Gibraltar\">Gibraltar<\/option><option value=\"Greece\">Greece<\/option><option value=\"Greenland\">Greenland<\/option><option value=\"Grenada\">Grenada<\/option><option value=\"Guadeloupe\">Guadeloupe<\/option><option value=\"Guam\">Guam<\/option><option value=\"Guatemala\">Guatemala<\/option><option value=\"Guernsey\">Guernsey<\/option><option value=\"Guinea\">Guinea<\/option><option value=\"Guinea - Bissau\">Guinea - Bissau<\/option><option value=\"Guyana\">Guyana<\/option><option value=\"Haiti\">Haiti<\/option><option value=\"Honduras\">Honduras<\/option><option value=\"Hong Kong\">Hong Kong<\/option><option value=\"Hungary\">Hungary<\/option><option value=\"Iceland\">Iceland<\/option><option value=\"India\">India<\/option><option value=\"Indonesia\">Indonesia<\/option><option value=\"Iran\">Iran<\/option><option value=\"Iraq\">Iraq<\/option><option value=\"Ireland\">Ireland<\/option><option value=\"Israel\">Israel<\/option><option value=\"Italy\">Italy<\/option><option value=\"Jamaica\">Jamaica<\/option><option value=\"Japan\">Japan<\/option><option value=\"Jersey\">Jersey<\/option><option value=\"Jordan\">Jordan<\/option><option value=\"Kazakhstan\">Kazakhstan<\/option><option value=\"Kenya\">Kenya<\/option><option value=\"Kiribati\">Kiribati<\/option><option value=\"North Korea\">North Korea<\/option><option value=\"South Korea\">South Korea<\/option><option value=\"Kosovo\">Kosovo<\/option><option value=\"Kuwait\">Kuwait<\/option><option value=\"Kyrgyzstan\">Kyrgyzstan<\/option><option value=\"Laos\">Laos<\/option><option value=\"Latvia\">Latvia<\/option><option value=\"Lebanon\">Lebanon<\/option><option value=\"Lesotho\">Lesotho<\/option><option value=\"Liberia\">Liberia<\/option><option value=\"Libya\">Libya<\/option><option value=\"Liechtenstein\">Liechtenstein<\/option><option value=\"Lithuania\">Lithuania<\/option><option value=\"Luxembourg\">Luxembourg<\/option><option value=\"Macau\">Macau<\/option><option value=\"Macedonia\">Macedonia<\/option><option value=\"Madagascar\">Madagascar<\/option><option value=\"Malawi\">Malawi<\/option><option value=\"Malaysia\">Malaysia<\/option><option value=\"Maldives\">Maldives<\/option><option value=\"Mali\">Mali<\/option><option value=\"Malta\">Malta<\/option><option value=\"Marshall Islands\">Marshall Islands<\/option><option value=\"Martinique\">Martinique<\/option><option value=\"Mauritania\">Mauritania<\/option><option value=\"Mauritius\">Mauritius<\/option><option value=\"Mayotte\">Mayotte<\/option><option value=\"Mexico\">Mexico<\/option><option value=\"Micronesia\">Micronesia<\/option><option value=\"Moldova\">Moldova<\/option><option value=\"Monaco\">Monaco<\/option><option value=\"Mongolia\">Mongolia<\/option><option value=\"Montenegro\">Montenegro<\/option><option value=\"Montserrat\">Montserrat<\/option><option value=\"Morocco\">Morocco<\/option><option value=\"Mozambique\">Mozambique<\/option><option value=\"Myanmar\">Myanmar<\/option><option value=\"Nagorno - Karabakh\">Nagorno - Karabakh<\/option><option value=\"Namibia\">Namibia<\/option><option value=\"Nauru\">Nauru<\/option><option value=\"Nepal\">Nepal<\/option><option value=\"Netherlands\">Netherlands<\/option><option value=\"Netherlands Antilles\">Netherlands Antilles<\/option><option value=\"New Caledonia\">New Caledonia<\/option><option value=\"New Zealand\">New Zealand<\/option><option value=\"Nicaragua\">Nicaragua<\/option><option value=\"Niger\">Niger<\/option><option value=\"Nigeria\">Nigeria<\/option><option value=\"Niue\">Niue<\/option><option value=\"Norfolk Island\">Norfolk Island<\/option><option value=\"Turkish Republic of Northern Cyprus\">Turkish Republic of Northern Cyprus<\/option><option value=\"Northern Mariana\">Northern Mariana<\/option><option value=\"Norway\">Norway<\/option><option value=\"Oman\">Oman<\/option><option value=\"Pakistan\">Pakistan<\/option><option value=\"Palau\">Palau<\/option><option value=\"Palestine\">Palestine<\/option><option value=\"Panama\">Panama<\/option><option value=\"Papua New Guinea\">Papua New Guinea<\/option><option value=\"Paraguay\">Paraguay<\/option><option value=\"Peru\">Peru<\/option><option value=\"Philippines\">Philippines<\/option><option value=\"Pitcairn Islands\">Pitcairn Islands<\/option><option value=\"Poland\">Poland<\/option><option value=\"Portugal\">Portugal<\/option><option value=\"Puerto Rico\">Puerto Rico<\/option><option value=\"Qatar\">Qatar<\/option><option value=\"Romania\">Romania<\/option><option value=\"Russia\">Russia<\/option><option value=\"Rwanda\">Rwanda<\/option><option value=\"Saint Barthelemy\">Saint Barthelemy<\/option><option value=\"Saint Helena\">Saint Helena<\/option><option value=\"Saint Kitts and Nevis\">Saint Kitts and Nevis<\/option><option value=\"Saint Lucia\">Saint Lucia<\/option><option value=\"Saint Martin\">Saint Martin<\/option><option value=\"Saint Pierre and Miquelon\">Saint Pierre and Miquelon<\/option><option value=\"Saint Vincent and the Grenadines\">Saint Vincent and the Grenadines<\/option><option value=\"Samoa\">Samoa<\/option><option value=\"San Marino\">San Marino<\/option><option value=\"Sao Tome and Principe\">Sao Tome and Principe<\/option><option value=\"Saudi Arabia\">Saudi Arabia<\/option><option value=\"Senegal\">Senegal<\/option><option value=\"Serbia\">Serbia<\/option><option value=\"Seychelles\">Seychelles<\/option><option value=\"Sierra Leone\">Sierra Leone<\/option><option value=\"Singapore\">Singapore<\/option><option value=\"Slovakia\">Slovakia<\/option><option value=\"Slovenia\">Slovenia<\/option><option value=\"Solomon Islands\">Solomon Islands<\/option><option value=\"Somalia\">Somalia<\/option><option value=\"Somaliland\">Somaliland<\/option><option value=\"South Africa\">South Africa<\/option><option value=\"South Ossetia\">South Ossetia<\/option><option value=\"Spain\">Spain<\/option><option value=\"Sri Lanka\">Sri Lanka<\/option><option value=\"Sudan\">Sudan<\/option><option value=\"Suriname\">Suriname<\/option><option value=\"Svalbard\">Svalbard<\/option><option value=\"Swaziland\">Swaziland<\/option><option value=\"Sweden\">Sweden<\/option><option value=\"Switzerland\">Switzerland<\/option><option value=\"Syria\">Syria<\/option><option value=\"Taiwan\">Taiwan<\/option><option value=\"Tajikistan\">Tajikistan<\/option><option value=\"Tanzania\">Tanzania<\/option><option value=\"Thailand\">Thailand<\/option><option value=\"Timor - Leste\">Timor - Leste<\/option><option value=\"Togo\">Togo<\/option><option value=\"Tokelau\">Tokelau<\/option><option value=\"Tonga\">Tonga<\/option><option value=\"Transnistria Pridnestrovie\">Transnistria Pridnestrovie<\/option><option value=\"Trinidad and Tobago\">Trinidad and Tobago<\/option><option value=\"Tristan da Cunha\">Tristan da Cunha<\/option><option value=\"Tunisia\">Tunisia<\/option><option value=\"Turkey\">Turkey<\/option><option value=\"Turkmenistan\">Turkmenistan<\/option><option value=\"Turks and Caicos Islands\">Turks and Caicos Islands<\/option><option value=\"Tuvalu\">Tuvalu<\/option><option value=\"Uganda\">Uganda<\/option><option value=\"Ukraine\">Ukraine<\/option><option value=\"United Arab Emirates\">United Arab Emirates<\/option><option value=\"United Kingdom\">United Kingdom<\/option><option value=\"United States\">United States<\/option><option value=\"Uruguay\">Uruguay<\/option><option value=\"Uzbekistan\">Uzbekistan<\/option><option value=\"Vanuatu\">Vanuatu<\/option><option value=\"Vatican City\">Vatican City<\/option><option value=\"Venezuela\">Venezuela<\/option><option value=\"Vietnam\">Vietnam<\/option><option value=\"British Virgin Islands\">British Virgin Islands<\/option><option value=\"Isle of Man\">Isle of Man<\/option><option value=\"US Virgin Islands\">US Virgin Islands<\/option><option value=\"Wallis and Futuna\">Wallis and Futuna<\/option><option value=\"Western Sahara\">Western Sahara<\/option><option value=\"Yemen\">Yemen<\/option><option value=\"Zambia\">Zambia<\/option><option value=\"Zimbabwe\">Zimbabwe<\/option><\/select><\/span>\n\t<\/p>\n<\/div>\n<div class=\"form-input\">\n\t<div class=\"kicker-text bold\">\n\t\t<p><label for=\"role-type\">Funktion<\/label>\n\t\t<\/p>\n\t<\/div>\n\t<p><span class=\"wpcf7-form-control-wrap\" data-name=\"role-type\"><select class=\"wpcf7-form-control wpcf7-select\" aria-invalid=\"false\" name=\"role-type\"><option value=\"\">Bitte w\u00e4hle aus<\/option><option value=\"Administration\">Administration<\/option><option value=\"HR\">HR<\/option><option value=\"Fleet\">Fleet<\/option><option value=\"H&amp;S\">H&amp;S<\/option><option value=\"Finance\">Finance<\/option><option value=\"Project Manager\">Project Manager<\/option><option value=\"Manager\">Manager<\/option><option value=\"Director\">Director<\/option><option value=\"Sales Field Engineer\">Sales Field Engineer<\/option><option value=\"Workshop Engineer\/ Technician\">Workshop Engineer\/ Technician<\/option><option value=\"Engineering Team Leader\">Engineering Team Leader<\/option><option value=\"Engineering Team Manager\">Engineering Team Manager<\/option><option value=\"Technical Specialist\">Technical Specialist<\/option><option value=\"Operations Manager\">Operations Manager<\/option><option value=\"Operations Director\">Operations Director<\/option><\/select><\/span>\n\t<\/p>\n<\/div>\n<div class=\"form-input\">\n\t<div class=\"kicker-text bold\">\n\t\t<p><label for=\"cv-upload\">Lebenslauf-Upload<\/label>\n\t\t<\/p>\n\t<\/div>\n\t<p><span class=\"wpcf7-form-control-wrap\" data-name=\"cv-upload\"><input size=\"40\" class=\"wpcf7-form-control wpcf7-file wpcf7-validates-as-required\" accept=\".doc,.docx,.pdf\" aria-required=\"true\" aria-invalid=\"false\" type=\"file\" name=\"cv-upload\" \/><\/span>\n\t<\/p>\n\t<div class=\"kicker-text\">\n\t\t<p>Erforderlich\n\t\t<\/p>\n\t<\/div>\n<\/div>\n<p><input class=\"wpcf7-form-control wpcf7-submit has-spinner\" type=\"submit\" value=\"Sende Lebenslauf\" \/>\n<\/p><div class=\"wpcf7-response-output\" aria-hidden=\"true\"><\/div>\n<\/form>\n<\/div>\n\r\n\t\t\t\t<script>\r\n\t\t\t\tif ( typeof huOptions !== 'undefined' ) {\r\n\t\t\t\t\tvar huFormData = {\"source\":\"contactform7\",\"id\":1430,\"title\":\"Apply Now\",\"fields\":{\"subject\":{\"first_name\":\"your-name\",\"email\":\"your-email\"},\"preferences\":{\"terms\":\"your-consent\"}}};\r\n\t\t\t\t\tvar huFormNode = document.querySelector( '[id^=\"wpcf7-f1430-\"] form' );\r\n\r\n\t\t\t\t\thuFormData['node'] = huFormNode;\r\n\t\t\t\t\thuOptions['forms'].push( huFormData );\r\n\t\t\t\t}\r\n\t\t\t\t<\/script>\r\n\r\n\r\n<p><\/p>\r\n","protected":false},"excerpt":{"rendered":"<p>Wenn du mit anderen talentierten Technikern und Support-Spezialisten f\u00fcr die weltgr\u00f6\u00dften Marken arbeiten m\u00f6chtest, sende deinen aktuellen Lebenslauf an unsere Recruitment-Spezialisten, die dich bzgl. unserer Stellenangebote und der Bewerbung auf offene Stellen beraten k\u00f6nnen:<\/p>\n","protected":false},"author":32,"featured_media":2093,"parent":25,"menu_order":13,"comment_status":"closed","ping_status":"closed","template":"page-send-CV.php","meta":{"footnotes":""},"yoast_head":"<!-- This site is optimized with the Yoast SEO plugin v21.2 - https:\/\/yoast.com\/wordpress\/plugins\/seo\/ -->\n<title>Sende uns deinen Lebenslauf | Veritek Germany<\/title>\n<meta name=\"robots\" content=\"index, follow, max-snippet:-1, max-image-preview:large, max-video-preview:-1\" \/>\n<link rel=\"canonical\" href=\"https:\/\/veritekglobal.com\/de\/veritek-careers\/apply-now\/\" \/>\n<meta property=\"og:locale\" content=\"de_DE\" \/>\n<meta property=\"og:type\" content=\"article\" \/>\n<meta property=\"og:title\" content=\"Sende uns deinen Lebenslauf | Veritek Germany\" \/>\n<meta property=\"og:description\" content=\"Wenn du mit anderen talentierten Technikern und Support-Spezialisten f\u00fcr die weltgr\u00f6\u00dften Marken arbeiten m\u00f6chtest, sende deinen aktuellen Lebenslauf an unsere Recruitment-Spezialisten, die dich bzgl. unserer Stellenangebote und der Bewerbung auf offene Stellen beraten k\u00f6nnen:\" \/>\n<meta property=\"og:url\" content=\"https:\/\/veritekglobal.com\/de\/veritek-careers\/apply-now\/\" \/>\n<meta property=\"og:site_name\" content=\"Veritek Germany\" \/>\n<meta property=\"article:modified_time\" content=\"2020-12-15T12:02:11+00:00\" \/>\n<meta property=\"og:image\" content=\"https:\/\/veritekglobal.com\/de\/wp-content\/uploads\/sites\/4\/2020\/03\/CTA-Engineer.png\" \/>\n\t<meta property=\"og:image:width\" content=\"1006\" \/>\n\t<meta property=\"og:image:height\" content=\"894\" \/>\n\t<meta property=\"og:image:type\" content=\"image\/png\" \/>\n<meta name=\"twitter:card\" content=\"summary_large_image\" \/>\n<script type=\"application\/ld+json\" class=\"yoast-schema-graph\">{\"@context\":\"https:\/\/schema.org\",\"@graph\":[{\"@type\":\"WebPage\",\"@id\":\"https:\/\/veritekglobal.com\/de\/veritek-careers\/apply-now\/\",\"url\":\"https:\/\/veritekglobal.com\/de\/veritek-careers\/apply-now\/\",\"name\":\"Sende uns deinen Lebenslauf | Veritek Germany\",\"isPartOf\":{\"@id\":\"https:\/\/veritekglobal.com\/de\/#website\"},\"datePublished\":\"2019-04-16T13:39:57+00:00\",\"dateModified\":\"2020-12-15T12:02:11+00:00\",\"breadcrumb\":{\"@id\":\"https:\/\/veritekglobal.com\/de\/veritek-careers\/apply-now\/#breadcrumb\"},\"inLanguage\":\"de-DE\",\"potentialAction\":[{\"@type\":\"ReadAction\",\"target\":[\"https:\/\/veritekglobal.com\/de\/veritek-careers\/apply-now\/\"]}]},{\"@type\":\"BreadcrumbList\",\"@id\":\"https:\/\/veritekglobal.com\/de\/veritek-careers\/apply-now\/#breadcrumb\",\"itemListElement\":[{\"@type\":\"ListItem\",\"position\":1,\"name\":\"Home\",\"item\":\"https:\/\/veritekglobal.com\/de\/\"},{\"@type\":\"ListItem\",\"position\":2,\"name\":\"Karriere\",\"item\":\"https:\/\/veritekglobal.com\/de\/veritek-careers\/\"},{\"@type\":\"ListItem\",\"position\":3,\"name\":\"Sende uns deinen Lebenslauf\"}]},{\"@type\":\"WebSite\",\"@id\":\"https:\/\/veritekglobal.com\/de\/#website\",\"url\":\"https:\/\/veritekglobal.com\/de\/\",\"name\":\"Veritek Germany\",\"description\":\"Photo Imaging, Print and Graphics, Healthcare and Optical, and Digital Cinema.\",\"publisher\":{\"@id\":\"https:\/\/veritekglobal.com\/de\/#organization\"},\"potentialAction\":[{\"@type\":\"SearchAction\",\"target\":{\"@type\":\"EntryPoint\",\"urlTemplate\":\"https:\/\/veritekglobal.com\/de\/?s={search_term_string}\"},\"query-input\":\"required name=search_term_string\"}],\"inLanguage\":\"de-DE\"},{\"@type\":\"Organization\",\"@id\":\"https:\/\/veritekglobal.com\/de\/#organization\",\"name\":\"Veritek\",\"url\":\"https:\/\/veritekglobal.com\/de\/\",\"logo\":{\"@type\":\"ImageObject\",\"inLanguage\":\"de-DE\",\"@id\":\"https:\/\/veritekglobal.com\/de\/#\/schema\/logo\/image\/\",\"url\":\"https:\/\/veritekglobal.com\/de\/wp-content\/uploads\/sites\/4\/2020\/03\/Logo.svg\",\"contentUrl\":\"https:\/\/veritekglobal.com\/de\/wp-content\/uploads\/sites\/4\/2020\/03\/Logo.svg\",\"width\":339,\"height\":144,\"caption\":\"Veritek\"},\"image\":{\"@id\":\"https:\/\/veritekglobal.com\/de\/#\/schema\/logo\/image\/\"}}]}<\/script>\n<!-- \/ Yoast SEO plugin. -->","yoast_head_json":{"title":"Sende uns deinen Lebenslauf | Veritek Germany","robots":{"index":"index","follow":"follow","max-snippet":"max-snippet:-1","max-image-preview":"max-image-preview:large","max-video-preview":"max-video-preview:-1"},"canonical":"https:\/\/veritekglobal.com\/de\/veritek-careers\/apply-now\/","og_locale":"de_DE","og_type":"article","og_title":"Sende uns deinen Lebenslauf | Veritek Germany","og_description":"Wenn du mit anderen talentierten Technikern und Support-Spezialisten f\u00fcr die weltgr\u00f6\u00dften Marken arbeiten m\u00f6chtest, sende deinen aktuellen Lebenslauf an unsere Recruitment-Spezialisten, die dich bzgl. unserer Stellenangebote und der Bewerbung auf offene Stellen beraten k\u00f6nnen:","og_url":"https:\/\/veritekglobal.com\/de\/veritek-careers\/apply-now\/","og_site_name":"Veritek Germany","article_modified_time":"2020-12-15T12:02:11+00:00","og_image":[{"width":1006,"height":894,"url":"https:\/\/veritekglobal.com\/de\/wp-content\/uploads\/sites\/4\/2020\/03\/CTA-Engineer.png","type":"image\/png"}],"twitter_card":"summary_large_image","schema":{"@context":"https:\/\/schema.org","@graph":[{"@type":"WebPage","@id":"https:\/\/veritekglobal.com\/de\/veritek-careers\/apply-now\/","url":"https:\/\/veritekglobal.com\/de\/veritek-careers\/apply-now\/","name":"Sende uns deinen Lebenslauf | Veritek Germany","isPartOf":{"@id":"https:\/\/veritekglobal.com\/de\/#website"},"datePublished":"2019-04-16T13:39:57+00:00","dateModified":"2020-12-15T12:02:11+00:00","breadcrumb":{"@id":"https:\/\/veritekglobal.com\/de\/veritek-careers\/apply-now\/#breadcrumb"},"inLanguage":"de-DE","potentialAction":[{"@type":"ReadAction","target":["https:\/\/veritekglobal.com\/de\/veritek-careers\/apply-now\/"]}]},{"@type":"BreadcrumbList","@id":"https:\/\/veritekglobal.com\/de\/veritek-careers\/apply-now\/#breadcrumb","itemListElement":[{"@type":"ListItem","position":1,"name":"Home","item":"https:\/\/veritekglobal.com\/de\/"},{"@type":"ListItem","position":2,"name":"Karriere","item":"https:\/\/veritekglobal.com\/de\/veritek-careers\/"},{"@type":"ListItem","position":3,"name":"Sende uns deinen Lebenslauf"}]},{"@type":"WebSite","@id":"https:\/\/veritekglobal.com\/de\/#website","url":"https:\/\/veritekglobal.com\/de\/","name":"Veritek Germany","description":"Photo Imaging, Print and Graphics, Healthcare and Optical, and Digital Cinema.","publisher":{"@id":"https:\/\/veritekglobal.com\/de\/#organization"},"potentialAction":[{"@type":"SearchAction","target":{"@type":"EntryPoint","urlTemplate":"https:\/\/veritekglobal.com\/de\/?s={search_term_string}"},"query-input":"required name=search_term_string"}],"inLanguage":"de-DE"},{"@type":"Organization","@id":"https:\/\/veritekglobal.com\/de\/#organization","name":"Veritek","url":"https:\/\/veritekglobal.com\/de\/","logo":{"@type":"ImageObject","inLanguage":"de-DE","@id":"https:\/\/veritekglobal.com\/de\/#\/schema\/logo\/image\/","url":"https:\/\/veritekglobal.com\/de\/wp-content\/uploads\/sites\/4\/2020\/03\/Logo.svg","contentUrl":"https:\/\/veritekglobal.com\/de\/wp-content\/uploads\/sites\/4\/2020\/03\/Logo.svg","width":339,"height":144,"caption":"Veritek"},"image":{"@id":"https:\/\/veritekglobal.com\/de\/#\/schema\/logo\/image\/"}}]}},"_links":{"self":[{"href":"https:\/\/veritekglobal.com\/de\/wp-json\/wp\/v2\/pages\/1427"}],"collection":[{"href":"https:\/\/veritekglobal.com\/de\/wp-json\/wp\/v2\/pages"}],"about":[{"href":"https:\/\/veritekglobal.com\/de\/wp-json\/wp\/v2\/types\/page"}],"author":[{"embeddable":true,"href":"https:\/\/veritekglobal.com\/de\/wp-json\/wp\/v2\/users\/32"}],"replies":[{"embeddable":true,"href":"https:\/\/veritekglobal.com\/de\/wp-json\/wp\/v2\/comments?post=1427"}],"version-history":[{"count":1,"href":"https:\/\/veritekglobal.com\/de\/wp-json\/wp\/v2\/pages\/1427\/revisions"}],"predecessor-version":[{"id":3451,"href":"https:\/\/veritekglobal.com\/de\/wp-json\/wp\/v2\/pages\/1427\/revisions\/3451"}],"up":[{"embeddable":true,"href":"https:\/\/veritekglobal.com\/de\/wp-json\/wp\/v2\/pages\/25"}],"wp:featuredmedia":[{"embeddable":true,"href":"https:\/\/veritekglobal.com\/de\/wp-json\/wp\/v2\/media\/2093"}],"wp:attachment":[{"href":"https:\/\/veritekglobal.com\/de\/wp-json\/wp\/v2\/media?parent=1427"}],"curies":[{"name":"wp","href":"https:\/\/api.w.org\/{rel}","templated":true}]}}